{"id":570,"date":"2019-11-12T09:15:47","date_gmt":"2019-11-12T09:15:47","guid":{"rendered":"https:\/\/bmsclinics.com\/%d8%aa%d8%b5%d8%ad%d9%8a%d8%ad-%d8%a7%d9%84%d8%a8%d8%b5%d8%b1-%d8%a8%d8%a7%d9%84%d9%84%d9%8a%d8%b2%d9%83\/"},"modified":"2022-08-29T09:57:39","modified_gmt":"2022-08-29T09:57:39","slug":"lasik-vision-correction","status":"publish","type":"page","link":"https:\/\/bmsclinics.com\/fr\/lasik-vision-correction\/","title":{"rendered":"Correction De La Vue Au Laser"},"content":{"rendered":"<h1>correction de la vue<\/h1>\n<ul>\n<li>Myopie .<\/li>\n<li>Hyperm\u00e9tropie.<\/li>\n<li>Astigmatisme.<\/li>\n<li>Quel est le processus de correction de la vue au laser ?<\/li>\n<li>Les personnes qui b\u00e9n\u00e9ficient de la correction de la vue au laser .<\/li>\n<li>Comment puis-je me pr\u00e9parer \u00e0 la proc\u00e9dure de correction de la vue au laser.<\/li>\n<li>Pr\u00e9cautions avant la chirurgie de correction de la vue au laser.<\/li>\n<li>Quels sont les risques de la chirurgie de correction de la vue chirurgie de correction de la vue au laser ?<\/li>\n<li>Risques de la correction de la vue au laser pendant la chirurgie.<\/li>\n<li>Que doit faire le patient apr\u00e8s une correction de la vue au laser ?<\/li>\n<li>Les d\u00e9fauts de vision vont de la myopie, l&rsquo;hyperm\u00e9tropie, l&rsquo;astigmatisme et la myopie<\/li>\n<\/ul>\n<h1>Myopie :<\/h1>\n<p><img src=\"https:\/\/bmsclinics.com\/wp-content\/uploads\/2019\/11\/LASIK-Myrtle-Beach-1-720x380-600x300.jpg\" alt=\"LASIK-Myrtle-Beach-1-720x380\" \/><\/p>\n<p>La myopie est la capacit\u00e9 de voir clairement les objets proches et l&rsquo;incapacit\u00e9 de voir les objets \u00e9loign\u00e9s avec une pr\u00e9cision suffisante, et l&rsquo;image distante est toujours floue et n\u00e9cessite un double effort pour la voir avec une clart\u00e9 suffisante.Cela rend l&rsquo;\u0153il dans un \u00e9tat de stress constant et le patient souffre de maux de t\u00eate chroniques et de fatigue.<\/p>\n<p>Ce d\u00e9faut appara\u00eet g\u00e9n\u00e9ralement \u00e0 l&rsquo;\u00e2ge pr\u00e9adolescent et peut s&rsquo;aggraver \u00e0 l&rsquo;adolescence.Le diagnostic est pos\u00e9 lorsque le patient s&rsquo;aper\u00e7oit qu&rsquo;il doit rapprocher le livre ou le mobile de ses yeux pour les voir clairement, et par exemple, il doit s&rsquo;asseoir sur les si\u00e8ges avant de la salle de classe pour voir clairement le tableau noir. Et la myopie affecte directement sa r\u00e9ussite scolaire. Il est n\u00e9cessaire de consulter un ophtalmologiste \u00e0 ce stade pour effectuer un examen m\u00e9dical de l&rsquo;\u0153il, puis d\u00e9terminer l&rsquo;\u00e9tendue de la vision du patient et lui conseiller de porter des lunettes ou des lentilles de contact jusqu&rsquo;\u00e0 ce qu&rsquo;il atteigne l&rsquo;\u00e2ge de dix-huit ans.<\/p>\n<h1>Hyperm\u00e9tropie :<\/h1>\n<p><img src=\"https:\/\/bmsclinics.com\/wp-content\/uploads\/2019\/11\/laser-vision-600x300.jpg\" alt=\"laser-vision\" \/><\/p>\n<p>L&rsquo;hyperm\u00e9tropie est l&rsquo;oppos\u00e9 de la myopie dans laquelle une personne est capable de voir clairement des objets \u00e9loign\u00e9s et de ne pas voir les objets proches avec une clart\u00e9 suffisante. Ce qui peut affecter la vie quotidienne et le patient souffre en lisant et en \u00e9crivant, par exemple. Bien s\u00fbr, il souffre \u00e9galement de maux de t\u00eate chroniques et d&rsquo;un stress constant. Avec l&rsquo;examen m\u00e9dical et l&rsquo;examen de la vue, l&rsquo;ophtalmologiste d\u00e9termine l&rsquo;\u00e9tendue de la presbytie et le besoin du patient de porter des lunettes ou des lentilles de contact.<\/p>\n<h1>Astigmatisme :<\/h1>\n<p><img src=\"https:\/\/bmsclinics.com\/wp-content\/uploads\/2019\/11\/pexels-photo-840810-600x300.jpeg\" alt=\"pexels-photo-840810\" \/><\/p>\n<p>L&rsquo;astigmatisme est \u00e9galement connu sous le nom d&rsquo;astigmatisme, dans lequel le patient voit tous les objets de mani\u00e8re floue et d\u00e9form\u00e9e et n&rsquo;a pas la pr\u00e9cision requise. Et c&rsquo;est le r\u00e9sultat d&rsquo;une courbure in\u00e9gale de la corn\u00e9e, puis les rayons r\u00e9fl\u00e9chis \u00e0 l&rsquo;int\u00e9rieur de l&rsquo;\u0153il sont concentr\u00e9s sur diff\u00e9rentes parties et points de la r\u00e9tine, ce qui rend l&rsquo;image tremblante et d\u00e9form\u00e9e. Le diagnostic se fait toujours par un examen de la vue avec votre ophtalmologiste.Les lunettes et les lentilles de contact sont utilis\u00e9es comme d&rsquo;habitude, ce qui provoque chez le patient un inconfort important.<\/p>\n<p>Le port quotidien et permanent de lunettes ou de lentilles de contact m\u00e9dicales provoque une g\u00eane importante pour le patient<\/p>\n<p>Mais avec les op\u00e9rations de correction de la vue au laser, il peut se passer de lunettes pour toujours et voir la vie sans r\u00e9flecteur ni barri\u00e8re.<\/p>\n<h1>Quel est le processus de correction de la vue au laser ?<\/h1>\n<p><img src=\"https:\/\/bmsclinics.com\/wp-content\/uploads\/2019\/11\/eye-care-after-laser-eye-surgery-e1573553779393-600x300.jpeg\" alt=\"eye-care-after-laser-eye-surgery\" \/><\/p>\n<p>Le laser est utilis\u00e9 pour corriger la vision de mani\u00e8re semi-permanente et se d\u00e9barrasser compl\u00e8tement des lunettes et des lentilles de contact.Le laser est l&rsquo;une des derni\u00e8res technologies dans le traitement des d\u00e9fauts de la vision qui ont r\u00e9volutionn\u00e9 le domaine de l&rsquo;ophtalmologie, car la technologie utilis\u00e9e d\u00e9pend de l&rsquo;utilisation de (laser) pour faire un changement dans la forme de la corn\u00e9e, ce qui permet la chute de L&rsquo;image est sur la r\u00e9tine, pas derri\u00e8re elle.<\/p>\n<h1>Les personnes qui b\u00e9n\u00e9ficient de la correction de la vue au laser :<\/h1>\n<p>Ce qui est nouveau dans les chirurgies de correction de la vue au laser, c&rsquo;est qu&rsquo;elles rendent indispensables les porteurs r\u00e9guliers de lunettes et de lentilles de contact et leur offrent une alternative s\u00fbre \u00e0 la correction de leur vision.<\/p>\n<h1>Comment puis-je me pr\u00e9parer \u00e0 la proc\u00e9dure de correction de la vue au laser\u00a0:<\/h1>\n<p>Il existe des proc\u00e9dures que le patient doit suivre avant d&rsquo;effectuer l&rsquo;op\u00e9ration de correction de la vue au laser pour assurer le succ\u00e8s de l&rsquo;op\u00e9ration et sans aucun effet secondaire\u00a0:<\/p>\n<ul>\n<li>Rencontre avec le consultant qui examine le patient pour s&rsquo;assurer de sa capacit\u00e9 \u00e0 subir l&rsquo;op\u00e9ration.<\/li>\n<li>L&rsquo;ophtalmologiste examine l&rsquo;\u0153il de mani\u00e8re approfondie et l&rsquo;examen comprend.<\/li>\n<li>Examen du champ oculaire.<\/li>\n<li>Mesurer la pression \u00e0 l&rsquo;int\u00e9rieur de l&rsquo;\u0153il, pour \u00e9viter la formation de glaucome dans l&rsquo;\u0153il.<\/li>\n<li>V\u00e9rification de l&rsquo;acuit\u00e9 visuelle.<\/li>\n<li>Examen du fond d&rsquo;\u0153il<\/li>\n<\/ul>\n<h1>Pr\u00e9cautions avant la chirurgie de correction de la vue au laser :<\/h1>\n<p>Le m\u00e9decin doit \u00eatre inform\u00e9 de tous les m\u00e9dicaments que le patient prend avant la chirurgie.<br \/>\nAvant l&rsquo;op\u00e9ration, vous devez cesser de porter des lentilles de contact souples (pendant plusieurs jours), dures (plusieurs semaines) ou perm\u00e9ables \u00e0 la lumi\u00e8re (deux \u00e0 quatre).<br \/>\nArr\u00eatez d&rsquo;utiliser du maquillage, des cr\u00e8mes et toutes sortes de cosm\u00e9tiques quelques jours avant l&rsquo;op\u00e9ration.<\/p>\n<div id=\"tw-target-text-container\" class=\"tw-ta-container F0azHf tw-nfl\" tabindex=\"0\">\n<h1><span class=\"Y2IQFc\" lang=\"fr\">Phases du processus de correction de la vue au laser :<\/span><\/h1>\n<\/div>\n<div class=\"iYB33c\">\n<div class=\"dlJLJe\">\n<div data-cviv=\"false\" data-ved=\"2ahUKEwjT1_-v1ev5AhUbxAIHHbKJBLoQz_AEegQIAxAP\">\n<div class=\"U9URNb\">\n<div id=\"tw-target-text-container\" class=\"tw-ta-container F0azHf tw-nfl\" tabindex=\"0\">\n<ul>\n<li><span class=\"Y2IQFc\" lang=\"fr\">L&rsquo;appareil LASIK est ajust\u00e9 en fonction de vos normes de vue.<\/span><\/li>\n<li><span class=\"Y2IQFc\" lang=\"fr\">L&rsquo;anesth\u00e9sique local est instill\u00e9 dans l&rsquo;\u0153il.<\/span><\/li>\n<li><span class=\"Y2IQFc\" lang=\"fr\">Un outil sp\u00e9cial est utilis\u00e9 pour s\u00e9parer les paupi\u00e8res et les emp\u00eacher de se contracter, ce qui est indolore.<\/span><\/li>\n<li><span class=\"Y2IQFc\" lang=\"fr\">Il vous sera demand\u00e9 de regarder une lumi\u00e8re rouge brillante et de garder l&rsquo;\u0153il dessus.<\/span><\/li>\n<li><span class=\"Y2IQFc\" lang=\"fr\">Le processus ne prend que quelques secondes.<\/span><\/li>\n<li><span class=\"Y2IQFc\" lang=\"fr\">Vous ne ressentirez aucune douleur pendant la chirurgie<\/span><\/li>\n<\/ul>\n<\/div>\n<\/div>\n<\/div>\n<\/div>\n<\/div>\n<h1>Risques de la correction de la vue au laser pendant la chirurgie\u00a0:<\/h1>\n<div id=\"tw-target-text-container\" class=\"tw-ta-container F0azHf tw-nfl\" tabindex=\"0\">\n<p><span class=\"Y2IQFc\" lang=\"fr\">Bien que ces effets secondaires soient rares, mais comme tout acte m\u00e9dical peut survenir, afin de maintenir notre cr\u00e9dibilit\u00e9, nous devons vous en informer ;<\/span><\/p>\n<\/div>\n<ul>\n<li>irritation de l&rsquo;oeil<\/li>\n<li>Vision floue, qui survient dans les premi\u00e8res heures apr\u00e8s les op\u00e9rations LASIK, mais dispara\u00eet apr\u00e8s quelques heures.<\/li>\n<li id=\"tw-target-text\" class=\"tw-data-text tw-text-large tw-ta\" dir=\"ltr\" data-placeholder=\"Translation\"><span class=\"Y2IQFc\" lang=\"fr\">L&rsquo;\u00e9blouissement nocturne peut appara\u00eetre mais dispara\u00eetre une fois la gu\u00e9rison de la corn\u00e9e termin\u00e9e.<\/span><\/li>\n<li class=\"tw-data-text tw-text-large tw-ta\" dir=\"ltr\" data-placeholder=\"Translation\"><span class=\"Y2IQFc\" lang=\"fr\">Sensibilit\u00e9 \u00e0 la lumi\u00e8re, peut appara\u00eetre mais dispara\u00eetre en quelques heures et ceci est \u00e9vit\u00e9 en portant des lunettes de soleil.<\/span><\/li>\n<\/ul>\n<div id=\"tw-target-text-container\" class=\"tw-ta-container F0azHf tw-nfl\" tabindex=\"0\">\n<h1>Que doit faire le patient apr\u00e8s une correction de la vue au laser ?<\/h1>\n<p>Une fois l&rsquo;op\u00e9ration termin\u00e9e, le patient rentre chez lui et il est bon de dormir plusieurs heures.<br \/>\nRien n&#8217;emp\u00eache le patient d&rsquo;aller travailler le lendemain et de conduire la voiture pendant la journ\u00e9e.<br \/>\nIl n&rsquo;est pas recommand\u00e9 de conduire la voiture la nuit pendant les premi\u00e8res semaines apr\u00e8s l&rsquo;op\u00e9ration, en raison d&rsquo;un ph\u00e9nom\u00e8ne appel\u00e9 sensibilit\u00e9 \u00e0 la lumi\u00e8re.<br \/>\nVotre m\u00e9decin peut vous conseiller d&rsquo;utiliser des gouttes antibiotiques pour pr\u00e9venir les infections oculaires.<br \/>\nDans la plupart des cas, la douleur oculaire ne se produit pas, et si elle se produit, des analg\u00e9siques peuvent \u00eatre pris<br \/>\nAu final, il convient de noter que la vision s&rsquo;am\u00e9liorera imm\u00e9diatement apr\u00e8s l&rsquo;op\u00e9ration, et que l&rsquo;am\u00e9lioration atteint ses limites maximales en quelques semaines, cependant, le m\u00e9decin peut vous conseiller de porter des lunettes pendant plusieurs semaines jusqu&rsquo;\u00e0 ce que vous vous adaptiez \u00e0 la nouvelle situation.<\/p>\n<\/div>\n","protected":false},"excerpt":{"rendered":"<p>correction de la vue Myopie . Hyperm\u00e9tropie. Astigmatisme. Quel est le processus de correction de la vue au laser ? Les personnes qui b\u00e9n\u00e9ficient de la correction de la vue au laser . Comment puis-je me pr\u00e9parer \u00e0 la proc\u00e9dure de correction de la vue au laser. Pr\u00e9cautions avant la chirurgie de correction de la&hellip;<\/p>\n","protected":false},"author":2,"featured_media":0,"parent":0,"menu_order":0,"comment_status":"closed","ping_status":"closed","template":"","meta":[],"yoast_head":"<!-- This site is optimized with the Yoast SEO plugin v18.8 - https:\/\/yoast.com\/wordpress\/plugins\/seo\/ -->\n<title>Correction De La Vue Au Laser - BMS Clinics<\/title>\n<meta name=\"robots\" content=\"index, follow, max-snippet:-1, max-image-preview:large, max-video-preview:-1\" \/>\n<link rel=\"canonical\" href=\"https:\/\/bmsclinics.com\/fr\/lasik-vision-correction\/\" \/>\n<meta property=\"og:locale\" content=\"fr_FR\" \/>\n<meta property=\"og:type\" content=\"article\" \/>\n<meta property=\"og:title\" content=\"Correction De La Vue Au Laser - BMS Clinics\" \/>\n<meta property=\"og:description\" content=\"correction de la vue Myopie . Hyperm\u00e9tropie. Astigmatisme. Quel est le processus de correction de la vue au laser ? Les personnes qui b\u00e9n\u00e9ficient de la correction de la vue au laser . Comment puis-je me pr\u00e9parer \u00e0 la proc\u00e9dure de correction de la vue au laser. Pr\u00e9cautions avant la chirurgie de correction de la&hellip;\" \/>\n<meta property=\"og:url\" content=\"https:\/\/bmsclinics.com\/fr\/lasik-vision-correction\/\" \/>\n<meta property=\"og:site_name\" content=\"BMS Clinics\" \/>\n<meta property=\"article:modified_time\" content=\"2022-08-29T09:57:39+00:00\" \/>\n<meta property=\"og:image\" content=\"https:\/\/bmsclinics.com\/wp-content\/uploads\/2019\/11\/LASIK-Myrtle-Beach-1-720x380-600x300.jpg\" \/>\n<meta name=\"twitter:card\" content=\"summary_large_image\" \/>\n<meta name=\"twitter:label1\" content=\"Dur\u00e9e de lecture estim\u00e9e\" \/>\n\t<meta name=\"twitter:data1\" content=\"6 minutes\" \/>\n<script type=\"application\/ld+json\" class=\"yoast-schema-graph\">{\"@context\":\"https:\/\/schema.org\",\"@graph\":[{\"@type\":\"WebSite\",\"@id\":\"https:\/\/bmsclinics.com\/#website\",\"url\":\"https:\/\/bmsclinics.com\/\",\"name\":\"BMS Clinics\",\"description\":\"\",\"potentialAction\":[{\"@type\":\"SearchAction\",\"target\":{\"@type\":\"EntryPoint\",\"urlTemplate\":\"https:\/\/bmsclinics.com\/?s={search_term_string}\"},\"query-input\":\"required name=search_term_string\"}],\"inLanguage\":\"fr-FR\"},{\"@type\":\"ImageObject\",\"inLanguage\":\"fr-FR\",\"@id\":\"https:\/\/bmsclinics.com\/fr\/lasik-vision-correction\/#primaryimage\",\"url\":\"https:\/\/bmsclinics.com\/wp-content\/uploads\/2019\/11\/LASIK-Myrtle-Beach-1-720x380-600x300.jpg\",\"contentUrl\":\"https:\/\/bmsclinics.com\/wp-content\/uploads\/2019\/11\/LASIK-Myrtle-Beach-1-720x380-600x300.jpg\"},{\"@type\":\"WebPage\",\"@id\":\"https:\/\/bmsclinics.com\/fr\/lasik-vision-correction\/#webpage\",\"url\":\"https:\/\/bmsclinics.com\/fr\/lasik-vision-correction\/\",\"name\":\"Correction De La Vue Au Laser - BMS Clinics\",\"isPartOf\":{\"@id\":\"https:\/\/bmsclinics.com\/#website\"},\"primaryImageOfPage\":{\"@id\":\"https:\/\/bmsclinics.com\/fr\/lasik-vision-correction\/#primaryimage\"},\"datePublished\":\"2019-11-12T09:15:47+00:00\",\"dateModified\":\"2022-08-29T09:57:39+00:00\",\"breadcrumb\":{\"@id\":\"https:\/\/bmsclinics.com\/fr\/lasik-vision-correction\/#breadcrumb\"},\"inLanguage\":\"fr-FR\",\"potentialAction\":[{\"@type\":\"ReadAction\",\"target\":[\"https:\/\/bmsclinics.com\/fr\/lasik-vision-correction\/\"]}]},{\"@type\":\"BreadcrumbList\",\"@id\":\"https:\/\/bmsclinics.com\/fr\/lasik-vision-correction\/#breadcrumb\",\"itemListElement\":[{\"@type\":\"ListItem\",\"position\":1,\"name\":\"Home\",\"item\":\"https:\/\/bmsclinics.com\/fr\/\"},{\"@type\":\"ListItem\",\"position\":2,\"name\":\"Correction De La Vue Au Laser\"}]}]}<\/script>\n<!-- \/ Yoast SEO plugin. -->","yoast_head_json":{"title":"Correction De La Vue Au Laser - BMS Clinics","robots":{"index":"index","follow":"follow","max-snippet":"max-snippet:-1","max-image-preview":"max-image-preview:large","max-video-preview":"max-video-preview:-1"},"canonical":"https:\/\/bmsclinics.com\/fr\/lasik-vision-correction\/","og_locale":"fr_FR","og_type":"article","og_title":"Correction De La Vue Au Laser - BMS Clinics","og_description":"correction de la vue Myopie . Hyperm\u00e9tropie. Astigmatisme. Quel est le processus de correction de la vue au laser ? Les personnes qui b\u00e9n\u00e9ficient de la correction de la vue au laser . Comment puis-je me pr\u00e9parer \u00e0 la proc\u00e9dure de correction de la vue au laser. Pr\u00e9cautions avant la chirurgie de correction de la&hellip;","og_url":"https:\/\/bmsclinics.com\/fr\/lasik-vision-correction\/","og_site_name":"BMS Clinics","article_modified_time":"2022-08-29T09:57:39+00:00","og_image":[{"url":"https:\/\/bmsclinics.com\/wp-content\/uploads\/2019\/11\/LASIK-Myrtle-Beach-1-720x380-600x300.jpg"}],"twitter_card":"summary_large_image","twitter_misc":{"Dur\u00e9e de lecture estim\u00e9e":"6 minutes"},"schema":{"@context":"https:\/\/schema.org","@graph":[{"@type":"WebSite","@id":"https:\/\/bmsclinics.com\/#website","url":"https:\/\/bmsclinics.com\/","name":"BMS Clinics","description":"","potentialAction":[{"@type":"SearchAction","target":{"@type":"EntryPoint","urlTemplate":"https:\/\/bmsclinics.com\/?s={search_term_string}"},"query-input":"required name=search_term_string"}],"inLanguage":"fr-FR"},{"@type":"ImageObject","inLanguage":"fr-FR","@id":"https:\/\/bmsclinics.com\/fr\/lasik-vision-correction\/#primaryimage","url":"https:\/\/bmsclinics.com\/wp-content\/uploads\/2019\/11\/LASIK-Myrtle-Beach-1-720x380-600x300.jpg","contentUrl":"https:\/\/bmsclinics.com\/wp-content\/uploads\/2019\/11\/LASIK-Myrtle-Beach-1-720x380-600x300.jpg"},{"@type":"WebPage","@id":"https:\/\/bmsclinics.com\/fr\/lasik-vision-correction\/#webpage","url":"https:\/\/bmsclinics.com\/fr\/lasik-vision-correction\/","name":"Correction De La Vue Au Laser - BMS Clinics","isPartOf":{"@id":"https:\/\/bmsclinics.com\/#website"},"primaryImageOfPage":{"@id":"https:\/\/bmsclinics.com\/fr\/lasik-vision-correction\/#primaryimage"},"datePublished":"2019-11-12T09:15:47+00:00","dateModified":"2022-08-29T09:57:39+00:00","breadcrumb":{"@id":"https:\/\/bmsclinics.com\/fr\/lasik-vision-correction\/#breadcrumb"},"inLanguage":"fr-FR","potentialAction":[{"@type":"ReadAction","target":["https:\/\/bmsclinics.com\/fr\/lasik-vision-correction\/"]}]},{"@type":"BreadcrumbList","@id":"https:\/\/bmsclinics.com\/fr\/lasik-vision-correction\/#breadcrumb","itemListElement":[{"@type":"ListItem","position":1,"name":"Home","item":"https:\/\/bmsclinics.com\/fr\/"},{"@type":"ListItem","position":2,"name":"Correction De La Vue Au Laser"}]}]}},"_links":{"self":[{"href":"https:\/\/bmsclinics.com\/fr\/wp-json\/wp\/v2\/pages\/570\/"}],"collection":[{"href":"https:\/\/bmsclinics.com\/fr\/wp-json\/wp\/v2\/pages\/"}],"about":[{"href":"https:\/\/bmsclinics.com\/fr\/wp-json\/wp\/v2\/types\/page\/"}],"author":[{"embeddable":true,"href":"https:\/\/bmsclinics.com\/fr\/wp-json\/wp\/v2\/users\/2\/"}],"replies":[{"embeddable":true,"href":"https:\/\/bmsclinics.com\/fr\/wp-json\/wp\/v2\/comments\/?post=570"}],"version-history":[{"count":8,"href":"https:\/\/bmsclinics.com\/fr\/wp-json\/wp\/v2\/pages\/570\/revisions\/"}],"predecessor-version":[{"id":2455,"href":"https:\/\/bmsclinics.com\/fr\/wp-json\/wp\/v2\/pages\/570\/revisions\/2455\/"}],"wp:attachment":[{"href":"https:\/\/bmsclinics.com\/fr\/wp-json\/wp\/v2\/media\/?parent=570"}],"curies":[{"name":"wp","href":"https:\/\/api.w.org\/{rel}","templated":true}]}}