{"id":361,"date":"2019-10-30T13:18:08","date_gmt":"2019-10-30T13:18:08","guid":{"rendered":"https:\/\/bmsclinics.com\/?page_id=361"},"modified":"2022-08-29T10:01:57","modified_gmt":"2022-08-29T10:01:57","slug":"gum-leveling","status":"publish","type":"page","link":"https:\/\/bmsclinics.com\/fr\/gum-leveling\/","title":{"rendered":"Niveau Gomme (cosm\u00e9tique rose)"},"content":{"rendered":"<h1>cosm\u00e9tique rose :<\/h1>\n<p><img src=\"https:\/\/bmsclinics.com\/wp-content\/uploads\/2019\/11\/%D8%A7%D9%84%D9%84%D8%AB%D8%A9-1-600x300.jpg\" alt=\"\u0627\u0644\u0644\u062b\u0629-1\" \/><\/p>\n<p>L&rsquo;histoire des m\u00e9thodes utilis\u00e9es pour \u00e9claircir les gencives ou alimenter les gencives fonc\u00e9es va des chirurgies compl\u00e8tes et de diverses techniques modernes telles que les op\u00e9rations \u00e9lectriques et l&rsquo;utilisation de la chimioth\u00e9rapie pour blanchir les tissus, \u00e0 la m\u00e9thode la plus r\u00e9cente, qui consiste \u00e0 alimenter les gencives au laser. comme la m\u00e9thode la meilleure et la plus s\u00fbre. Ces op\u00e9rations sont consid\u00e9r\u00e9es comme une branche importante de l&rsquo;esth\u00e9tique dentaire et buccale en g\u00e9n\u00e9ral.<\/p>\n<p>Plus la technologie utilis\u00e9e est avanc\u00e9e, moins il y a d&rsquo;effets secondaires et de complications possibles, plus les avantages sont grands et plus il est facile d&rsquo;assurer la s\u00e9curit\u00e9 et l&rsquo;exactitude des r\u00e9sultats. Voici quelques-unes des<\/p>\n","protected":false},"excerpt":{"rendered":"<p>cosm\u00e9tique rose : L&rsquo;histoire des m\u00e9thodes utilis\u00e9es pour \u00e9claircir les gencives ou alimenter les gencives fonc\u00e9es va des chirurgies compl\u00e8tes et de diverses techniques modernes telles que les op\u00e9rations \u00e9lectriques et l&rsquo;utilisation de la chimioth\u00e9rapie pour blanchir les tissus, \u00e0 la m\u00e9thode la plus r\u00e9cente, qui consiste \u00e0 alimenter les gencives au laser. comme la&hellip;<\/p>\n","protected":false},"author":2,"featured_media":0,"parent":0,"menu_order":0,"comment_status":"closed","ping_status":"closed","template":"","meta":[],"yoast_head":"<!-- This site is optimized with the Yoast SEO plugin v18.8 - https:\/\/yoast.com\/wordpress\/plugins\/seo\/ -->\n<title>Niveau Gomme (cosm\u00e9tique rose) - BMS Clinics<\/title>\n<meta name=\"robots\" content=\"index, follow, max-snippet:-1, max-image-preview:large, max-video-preview:-1\" \/>\n<link rel=\"canonical\" href=\"https:\/\/bmsclinics.com\/fr\/gum-leveling\/\" \/>\n<meta property=\"og:locale\" content=\"fr_FR\" \/>\n<meta property=\"og:type\" content=\"article\" \/>\n<meta property=\"og:title\" content=\"Niveau Gomme (cosm\u00e9tique rose) - BMS Clinics\" \/>\n<meta property=\"og:description\" content=\"cosm\u00e9tique rose : L&rsquo;histoire des m\u00e9thodes utilis\u00e9es pour \u00e9claircir les gencives ou alimenter les gencives fonc\u00e9es va des chirurgies compl\u00e8tes et de diverses techniques modernes telles que les op\u00e9rations \u00e9lectriques et l&rsquo;utilisation de la chimioth\u00e9rapie pour blanchir les tissus, \u00e0 la m\u00e9thode la plus r\u00e9cente, qui consiste \u00e0 alimenter les gencives au laser. comme la&hellip;\" \/>\n<meta property=\"og:url\" content=\"https:\/\/bmsclinics.com\/fr\/gum-leveling\/\" \/>\n<meta property=\"og:site_name\" content=\"BMS Clinics\" \/>\n<meta property=\"article:modified_time\" content=\"2022-08-29T10:01:57+00:00\" \/>\n<meta property=\"og:image\" content=\"https:\/\/bmsclinics.com\/wp-content\/uploads\/2019\/11\/%D8%A7%D9%84%D9%84%D8%AB%D8%A9-1-600x300.jpg\" \/>\n<meta name=\"twitter:card\" content=\"summary_large_image\" \/>\n<meta name=\"twitter:label1\" content=\"Dur\u00e9e de lecture estim\u00e9e\" \/>\n\t<meta name=\"twitter:data1\" content=\"1 minute\" \/>\n<script type=\"application\/ld+json\" class=\"yoast-schema-graph\">{\"@context\":\"https:\/\/schema.org\",\"@graph\":[{\"@type\":\"WebSite\",\"@id\":\"https:\/\/bmsclinics.com\/#website\",\"url\":\"https:\/\/bmsclinics.com\/\",\"name\":\"BMS Clinics\",\"description\":\"\",\"potentialAction\":[{\"@type\":\"SearchAction\",\"target\":{\"@type\":\"EntryPoint\",\"urlTemplate\":\"https:\/\/bmsclinics.com\/?s={search_term_string}\"},\"query-input\":\"required name=search_term_string\"}],\"inLanguage\":\"fr-FR\"},{\"@type\":\"ImageObject\",\"inLanguage\":\"fr-FR\",\"@id\":\"https:\/\/bmsclinics.com\/fr\/gum-leveling\/#primaryimage\",\"url\":\"https:\/\/bmsclinics.com\/wp-content\/uploads\/2019\/11\/%D8%A7%D9%84%D9%84%D8%AB%D8%A9-1-600x300.jpg\",\"contentUrl\":\"https:\/\/bmsclinics.com\/wp-content\/uploads\/2019\/11\/%D8%A7%D9%84%D9%84%D8%AB%D8%A9-1-600x300.jpg\"},{\"@type\":\"WebPage\",\"@id\":\"https:\/\/bmsclinics.com\/fr\/gum-leveling\/#webpage\",\"url\":\"https:\/\/bmsclinics.com\/fr\/gum-leveling\/\",\"name\":\"Niveau Gomme (cosm\u00e9tique rose) - BMS Clinics\",\"isPartOf\":{\"@id\":\"https:\/\/bmsclinics.com\/#website\"},\"primaryImageOfPage\":{\"@id\":\"https:\/\/bmsclinics.com\/fr\/gum-leveling\/#primaryimage\"},\"datePublished\":\"2019-10-30T13:18:08+00:00\",\"dateModified\":\"2022-08-29T10:01:57+00:00\",\"breadcrumb\":{\"@id\":\"https:\/\/bmsclinics.com\/fr\/gum-leveling\/#breadcrumb\"},\"inLanguage\":\"fr-FR\",\"potentialAction\":[{\"@type\":\"ReadAction\",\"target\":[\"https:\/\/bmsclinics.com\/fr\/gum-leveling\/\"]}]},{\"@type\":\"BreadcrumbList\",\"@id\":\"https:\/\/bmsclinics.com\/fr\/gum-leveling\/#breadcrumb\",\"itemListElement\":[{\"@type\":\"ListItem\",\"position\":1,\"name\":\"Home\",\"item\":\"https:\/\/bmsclinics.com\/fr\/\"},{\"@type\":\"ListItem\",\"position\":2,\"name\":\"Niveau Gomme (cosm\u00e9tique rose)\"}]}]}<\/script>\n<!-- \/ Yoast SEO plugin. -->","yoast_head_json":{"title":"Niveau Gomme (cosm\u00e9tique rose) - BMS Clinics","robots":{"index":"index","follow":"follow","max-snippet":"max-snippet:-1","max-image-preview":"max-image-preview:large","max-video-preview":"max-video-preview:-1"},"canonical":"https:\/\/bmsclinics.com\/fr\/gum-leveling\/","og_locale":"fr_FR","og_type":"article","og_title":"Niveau Gomme (cosm\u00e9tique rose) - BMS Clinics","og_description":"cosm\u00e9tique rose : L&rsquo;histoire des m\u00e9thodes utilis\u00e9es pour \u00e9claircir les gencives ou alimenter les gencives fonc\u00e9es va des chirurgies compl\u00e8tes et de diverses techniques modernes telles que les op\u00e9rations \u00e9lectriques et l&rsquo;utilisation de la chimioth\u00e9rapie pour blanchir les tissus, \u00e0 la m\u00e9thode la plus r\u00e9cente, qui consiste \u00e0 alimenter les gencives au laser. comme la&hellip;","og_url":"https:\/\/bmsclinics.com\/fr\/gum-leveling\/","og_site_name":"BMS Clinics","article_modified_time":"2022-08-29T10:01:57+00:00","og_image":[{"url":"https:\/\/bmsclinics.com\/wp-content\/uploads\/2019\/11\/%D8%A7%D9%84%D9%84%D8%AB%D8%A9-1-600x300.jpg"}],"twitter_card":"summary_large_image","twitter_misc":{"Dur\u00e9e de lecture estim\u00e9e":"1 minute"},"schema":{"@context":"https:\/\/schema.org","@graph":[{"@type":"WebSite","@id":"https:\/\/bmsclinics.com\/#website","url":"https:\/\/bmsclinics.com\/","name":"BMS Clinics","description":"","potentialAction":[{"@type":"SearchAction","target":{"@type":"EntryPoint","urlTemplate":"https:\/\/bmsclinics.com\/?s={search_term_string}"},"query-input":"required name=search_term_string"}],"inLanguage":"fr-FR"},{"@type":"ImageObject","inLanguage":"fr-FR","@id":"https:\/\/bmsclinics.com\/fr\/gum-leveling\/#primaryimage","url":"https:\/\/bmsclinics.com\/wp-content\/uploads\/2019\/11\/%D8%A7%D9%84%D9%84%D8%AB%D8%A9-1-600x300.jpg","contentUrl":"https:\/\/bmsclinics.com\/wp-content\/uploads\/2019\/11\/%D8%A7%D9%84%D9%84%D8%AB%D8%A9-1-600x300.jpg"},{"@type":"WebPage","@id":"https:\/\/bmsclinics.com\/fr\/gum-leveling\/#webpage","url":"https:\/\/bmsclinics.com\/fr\/gum-leveling\/","name":"Niveau Gomme (cosm\u00e9tique rose) - BMS Clinics","isPartOf":{"@id":"https:\/\/bmsclinics.com\/#website"},"primaryImageOfPage":{"@id":"https:\/\/bmsclinics.com\/fr\/gum-leveling\/#primaryimage"},"datePublished":"2019-10-30T13:18:08+00:00","dateModified":"2022-08-29T10:01:57+00:00","breadcrumb":{"@id":"https:\/\/bmsclinics.com\/fr\/gum-leveling\/#breadcrumb"},"inLanguage":"fr-FR","potentialAction":[{"@type":"ReadAction","target":["https:\/\/bmsclinics.com\/fr\/gum-leveling\/"]}]},{"@type":"BreadcrumbList","@id":"https:\/\/bmsclinics.com\/fr\/gum-leveling\/#breadcrumb","itemListElement":[{"@type":"ListItem","position":1,"name":"Home","item":"https:\/\/bmsclinics.com\/fr\/"},{"@type":"ListItem","position":2,"name":"Niveau Gomme (cosm\u00e9tique rose)"}]}]}},"_links":{"self":[{"href":"https:\/\/bmsclinics.com\/fr\/wp-json\/wp\/v2\/pages\/361\/"}],"collection":[{"href":"https:\/\/bmsclinics.com\/fr\/wp-json\/wp\/v2\/pages\/"}],"about":[{"href":"https:\/\/bmsclinics.com\/fr\/wp-json\/wp\/v2\/types\/page\/"}],"author":[{"embeddable":true,"href":"https:\/\/bmsclinics.com\/fr\/wp-json\/wp\/v2\/users\/2\/"}],"replies":[{"embeddable":true,"href":"https:\/\/bmsclinics.com\/fr\/wp-json\/wp\/v2\/comments\/?post=361"}],"version-history":[{"count":3,"href":"https:\/\/bmsclinics.com\/fr\/wp-json\/wp\/v2\/pages\/361\/revisions\/"}],"predecessor-version":[{"id":2457,"href":"https:\/\/bmsclinics.com\/fr\/wp-json\/wp\/v2\/pages\/361\/revisions\/2457\/"}],"wp:attachment":[{"href":"https:\/\/bmsclinics.com\/fr\/wp-json\/wp\/v2\/media\/?parent=361"}],"curies":[{"name":"wp","href":"https:\/\/api.w.org\/{rel}","templated":true}]}}