{"id":357,"date":"2019-10-30T13:16:52","date_gmt":"2019-10-30T13:16:52","guid":{"rendered":"https:\/\/bmsclinics.com\/?page_id=357"},"modified":"2022-08-29T09:02:28","modified_gmt":"2022-08-29T09:02:28","slug":"sleeve-gastrectomy","status":"publish","type":"page","link":"https:\/\/bmsclinics.com\/fr\/sleeve-gastrectomy\/","title":{"rendered":"La Sleeve Gastrique"},"content":{"rendered":"<h1>La Sleeve Gastrique <span class=\"Y2IQFc\" lang=\"fr\">op\u00e9ration<\/span><\/h1>\n<p><img src=\"https:\/\/bmsclinics.com\/wp-content\/uploads\/2019\/11\/tbl_articles_article_20393_363589e0b97-cd36-4f64-8c4c-1b442b7622a8-600x274.jpg\" alt=\"tbl_articles_article_20393_363589e0b97-cd36-4f64-8c4c-1b442b7622a8\" \/><\/p>\n<p>&nbsp;<\/p>\n<p>Selon le poids de la personne avant l&rsquo;op\u00e9ration , le pourcentage de perte de poids peut varier entre 40 et 70 % de l&rsquo;exc\u00e8s de poids en seulement un an apr\u00e8s l&rsquo;op\u00e9ration, et ce processus aide \u00e9galement \u00e0 se d\u00e9barrasser de nombreux probl\u00e8mes de sant\u00e9 que la personne souffrait d&rsquo;une blessure.L&rsquo;ob\u00e9sit\u00e9 excessive, telle que l&rsquo;augmentation du cholest\u00e9rol, l&rsquo;hypertension art\u00e9rielle, le diab\u00e8te, l&rsquo;apn\u00e9e obstructive du sommeil, l&rsquo;arthrite et l&rsquo;asthme, et il convient de noter que l&rsquo;am\u00e9lioration des probl\u00e8mes li\u00e9s \u00e0 l&rsquo;exc\u00e8s de poids commence dans la premi\u00e8re an apr\u00e8s l&rsquo;op\u00e9ration.<\/p>\n<p>&nbsp;<\/p>\n<h1>Quand peut-on faire la sleeve gastrique<\/h1>\n<p><img src=\"https:\/\/bmsclinics.com\/wp-content\/uploads\/2019\/11\/%D9%81%D9%88%D8%A7%D8%A6%D8%AF_%D8%B9%D9%85%D9%84%D9%8A%D8%A9_%D9%82%D8%B5_%D8%A7%D9%84%D9%85%D8%B9%D8%AF%D8%A9_%D9%88%D8%A3%D8%B6%D8%B1%D8%A7%D8%B1%D9%87%D8%A7-600x300.jpg\" alt=\"\u0641\u0648\u0627\u0626\u062f_\u0639\u0645\u0644\u064a\u0629_\u0642\u0635_\u0627\u0644\u0645\u0639\u062f\u0629_\u0648\u0623\u0636\u0631\u0627\u0631\u0647\u0627\" \/><\/p>\n<p>&nbsp;<\/p>\n<p>L&rsquo;intervention convient aux personnes ob\u00e8ses dont le traitement m\u00e9dical, l&rsquo;alimentation et le sport n&rsquo;ont pas r\u00e9ussi \u00e0 le traiter, en particulier ceux qui souffrent d&rsquo;ob\u00e9sit\u00e9 g\u00e9n\u00e9tique difficile \u00e0 traiter m\u00e9dicalement, comme la liquidit\u00e9 et autres, ou du moins que ces maladies sont sous le contr\u00f4le du traitement et ne pr\u00e9sentent aucun sympt\u00f4me apparent<\/p>\n<p>Nous avons mentionn\u00e9 pr\u00e9c\u00e9demment que l&rsquo;ob\u00e9sit\u00e9 insoluble dans les traitements m\u00e9dicaux et l&rsquo;alimentation, en particulier l&rsquo;ob\u00e9sit\u00e9 g\u00e9n\u00e9tique, est une ob\u00e9sit\u00e9 qui n\u00e9cessite une intervention chirurgicale. Les r\u00e9sultats sont les suivants :<\/p>\n<ul>\n<li>Moins de 18 ans est consid\u00e9r\u00e9 comme mince.<\/li>\n<li>Les limites normales sont de 18 \u00e0 25<\/li>\n<li>Au-dessus de 25 \u00e0 30 ans, on consid\u00e8re qu&rsquo;il y a surpoids, mais dans tous les cas, il ne n\u00e9cessite pas d&rsquo;intervention chirurgicale, \u00e0 moins que l&rsquo;ob\u00e9sit\u00e9 n&rsquo;affecte la sant\u00e9 du patient, par exemple si elle est une cause de diab\u00e8te ou de pression et qu&rsquo;elle est m\u00e9dicalement difficile \u00e0 traiter, alors seule une intervention chirurgicale est possible. .<\/li>\n<li>Si l&rsquo;indice de masse est sup\u00e9rieur \u00e0 30, il est consid\u00e9r\u00e9 comme ob\u00e8se et l&rsquo;option chirurgicale dans son traitement est fortement sugg\u00e9r\u00e9e.<\/li>\n<li>Mais s&rsquo;il se situe entre 40 et 50, une intervention chirurgicale est n\u00e9cessaire, car les m\u00e9thodes m\u00e9dicales sont difficiles \u00e0 trouver une solution \u00e0 cette situation.<\/li>\n<\/ul>\n","protected":false},"excerpt":{"rendered":"<p>La Sleeve Gastrique op\u00e9ration &nbsp; Selon le poids de la personne avant l&rsquo;op\u00e9ration , le pourcentage de perte de poids peut varier entre 40 et 70 % de l&rsquo;exc\u00e8s de poids en seulement un an apr\u00e8s l&rsquo;op\u00e9ration, et ce processus aide \u00e9galement \u00e0 se d\u00e9barrasser de nombreux probl\u00e8mes de sant\u00e9 que la personne souffrait d&rsquo;une&hellip;<\/p>\n","protected":false},"author":2,"featured_media":0,"parent":0,"menu_order":0,"comment_status":"closed","ping_status":"closed","template":"","meta":[],"yoast_head":"<!-- This site is optimized with the Yoast SEO plugin v18.8 - https:\/\/yoast.com\/wordpress\/plugins\/seo\/ -->\n<title>La Sleeve Gastrique - BMS Clinics<\/title>\n<meta name=\"robots\" content=\"index, follow, max-snippet:-1, max-image-preview:large, max-video-preview:-1\" \/>\n<link rel=\"canonical\" href=\"https:\/\/bmsclinics.com\/fr\/sleeve-gastrectomy\/\" \/>\n<meta property=\"og:locale\" content=\"fr_FR\" \/>\n<meta property=\"og:type\" content=\"article\" \/>\n<meta property=\"og:title\" content=\"La Sleeve Gastrique - BMS Clinics\" \/>\n<meta property=\"og:description\" content=\"La Sleeve Gastrique op\u00e9ration &nbsp; Selon le poids de la personne avant l&rsquo;op\u00e9ration , le pourcentage de perte de poids peut varier entre 40 et 70 % de l&rsquo;exc\u00e8s de poids en seulement un an apr\u00e8s l&rsquo;op\u00e9ration, et ce processus aide \u00e9galement \u00e0 se d\u00e9barrasser de nombreux probl\u00e8mes de sant\u00e9 que la personne souffrait d&rsquo;une&hellip;\" \/>\n<meta property=\"og:url\" content=\"https:\/\/bmsclinics.com\/fr\/sleeve-gastrectomy\/\" \/>\n<meta property=\"og:site_name\" content=\"BMS Clinics\" \/>\n<meta property=\"article:modified_time\" content=\"2022-08-29T09:02:28+00:00\" \/>\n<meta property=\"og:image\" content=\"https:\/\/bmsclinics.com\/wp-content\/uploads\/2019\/11\/tbl_articles_article_20393_363589e0b97-cd36-4f64-8c4c-1b442b7622a8-600x274.jpg\" \/>\n<meta name=\"twitter:card\" content=\"summary_large_image\" \/>\n<meta name=\"twitter:label1\" content=\"Dur\u00e9e de lecture estim\u00e9e\" \/>\n\t<meta name=\"twitter:data1\" content=\"2 minutes\" \/>\n<script type=\"application\/ld+json\" class=\"yoast-schema-graph\">{\"@context\":\"https:\/\/schema.org\",\"@graph\":[{\"@type\":\"WebSite\",\"@id\":\"https:\/\/bmsclinics.com\/#website\",\"url\":\"https:\/\/bmsclinics.com\/\",\"name\":\"BMS Clinics\",\"description\":\"\",\"potentialAction\":[{\"@type\":\"SearchAction\",\"target\":{\"@type\":\"EntryPoint\",\"urlTemplate\":\"https:\/\/bmsclinics.com\/?s={search_term_string}\"},\"query-input\":\"required name=search_term_string\"}],\"inLanguage\":\"fr-FR\"},{\"@type\":\"ImageObject\",\"inLanguage\":\"fr-FR\",\"@id\":\"https:\/\/bmsclinics.com\/fr\/sleeve-gastrectomy\/#primaryimage\",\"url\":\"https:\/\/bmsclinics.com\/wp-content\/uploads\/2019\/11\/tbl_articles_article_20393_363589e0b97-cd36-4f64-8c4c-1b442b7622a8.jpg\",\"contentUrl\":\"https:\/\/bmsclinics.com\/wp-content\/uploads\/2019\/11\/tbl_articles_article_20393_363589e0b97-cd36-4f64-8c4c-1b442b7622a8.jpg\",\"width\":654,\"height\":274},{\"@type\":\"WebPage\",\"@id\":\"https:\/\/bmsclinics.com\/fr\/sleeve-gastrectomy\/#webpage\",\"url\":\"https:\/\/bmsclinics.com\/fr\/sleeve-gastrectomy\/\",\"name\":\"La Sleeve Gastrique - BMS Clinics\",\"isPartOf\":{\"@id\":\"https:\/\/bmsclinics.com\/#website\"},\"primaryImageOfPage\":{\"@id\":\"https:\/\/bmsclinics.com\/fr\/sleeve-gastrectomy\/#primaryimage\"},\"datePublished\":\"2019-10-30T13:16:52+00:00\",\"dateModified\":\"2022-08-29T09:02:28+00:00\",\"breadcrumb\":{\"@id\":\"https:\/\/bmsclinics.com\/fr\/sleeve-gastrectomy\/#breadcrumb\"},\"inLanguage\":\"fr-FR\",\"potentialAction\":[{\"@type\":\"ReadAction\",\"target\":[\"https:\/\/bmsclinics.com\/fr\/sleeve-gastrectomy\/\"]}]},{\"@type\":\"BreadcrumbList\",\"@id\":\"https:\/\/bmsclinics.com\/fr\/sleeve-gastrectomy\/#breadcrumb\",\"itemListElement\":[{\"@type\":\"ListItem\",\"position\":1,\"name\":\"Home\",\"item\":\"https:\/\/bmsclinics.com\/fr\/\"},{\"@type\":\"ListItem\",\"position\":2,\"name\":\"La Sleeve Gastrique\"}]}]}<\/script>\n<!-- \/ Yoast SEO plugin. -->","yoast_head_json":{"title":"La Sleeve Gastrique - BMS Clinics","robots":{"index":"index","follow":"follow","max-snippet":"max-snippet:-1","max-image-preview":"max-image-preview:large","max-video-preview":"max-video-preview:-1"},"canonical":"https:\/\/bmsclinics.com\/fr\/sleeve-gastrectomy\/","og_locale":"fr_FR","og_type":"article","og_title":"La Sleeve Gastrique - BMS Clinics","og_description":"La Sleeve Gastrique op\u00e9ration &nbsp; Selon le poids de la personne avant l&rsquo;op\u00e9ration , le pourcentage de perte de poids peut varier entre 40 et 70 % de l&rsquo;exc\u00e8s de poids en seulement un an apr\u00e8s l&rsquo;op\u00e9ration, et ce processus aide \u00e9galement \u00e0 se d\u00e9barrasser de nombreux probl\u00e8mes de sant\u00e9 que la personne souffrait d&rsquo;une&hellip;","og_url":"https:\/\/bmsclinics.com\/fr\/sleeve-gastrectomy\/","og_site_name":"BMS Clinics","article_modified_time":"2022-08-29T09:02:28+00:00","og_image":[{"url":"https:\/\/bmsclinics.com\/wp-content\/uploads\/2019\/11\/tbl_articles_article_20393_363589e0b97-cd36-4f64-8c4c-1b442b7622a8-600x274.jpg"}],"twitter_card":"summary_large_image","twitter_misc":{"Dur\u00e9e de lecture estim\u00e9e":"2 minutes"},"schema":{"@context":"https:\/\/schema.org","@graph":[{"@type":"WebSite","@id":"https:\/\/bmsclinics.com\/#website","url":"https:\/\/bmsclinics.com\/","name":"BMS Clinics","description":"","potentialAction":[{"@type":"SearchAction","target":{"@type":"EntryPoint","urlTemplate":"https:\/\/bmsclinics.com\/?s={search_term_string}"},"query-input":"required name=search_term_string"}],"inLanguage":"fr-FR"},{"@type":"ImageObject","inLanguage":"fr-FR","@id":"https:\/\/bmsclinics.com\/fr\/sleeve-gastrectomy\/#primaryimage","url":"https:\/\/bmsclinics.com\/wp-content\/uploads\/2019\/11\/tbl_articles_article_20393_363589e0b97-cd36-4f64-8c4c-1b442b7622a8.jpg","contentUrl":"https:\/\/bmsclinics.com\/wp-content\/uploads\/2019\/11\/tbl_articles_article_20393_363589e0b97-cd36-4f64-8c4c-1b442b7622a8.jpg","width":654,"height":274},{"@type":"WebPage","@id":"https:\/\/bmsclinics.com\/fr\/sleeve-gastrectomy\/#webpage","url":"https:\/\/bmsclinics.com\/fr\/sleeve-gastrectomy\/","name":"La Sleeve Gastrique - BMS Clinics","isPartOf":{"@id":"https:\/\/bmsclinics.com\/#website"},"primaryImageOfPage":{"@id":"https:\/\/bmsclinics.com\/fr\/sleeve-gastrectomy\/#primaryimage"},"datePublished":"2019-10-30T13:16:52+00:00","dateModified":"2022-08-29T09:02:28+00:00","breadcrumb":{"@id":"https:\/\/bmsclinics.com\/fr\/sleeve-gastrectomy\/#breadcrumb"},"inLanguage":"fr-FR","potentialAction":[{"@type":"ReadAction","target":["https:\/\/bmsclinics.com\/fr\/sleeve-gastrectomy\/"]}]},{"@type":"BreadcrumbList","@id":"https:\/\/bmsclinics.com\/fr\/sleeve-gastrectomy\/#breadcrumb","itemListElement":[{"@type":"ListItem","position":1,"name":"Home","item":"https:\/\/bmsclinics.com\/fr\/"},{"@type":"ListItem","position":2,"name":"La Sleeve Gastrique"}]}]}},"_links":{"self":[{"href":"https:\/\/bmsclinics.com\/fr\/wp-json\/wp\/v2\/pages\/357\/"}],"collection":[{"href":"https:\/\/bmsclinics.com\/fr\/wp-json\/wp\/v2\/pages\/"}],"about":[{"href":"https:\/\/bmsclinics.com\/fr\/wp-json\/wp\/v2\/types\/page\/"}],"author":[{"embeddable":true,"href":"https:\/\/bmsclinics.com\/fr\/wp-json\/wp\/v2\/users\/2\/"}],"replies":[{"embeddable":true,"href":"https:\/\/bmsclinics.com\/fr\/wp-json\/wp\/v2\/comments\/?post=357"}],"version-history":[{"count":3,"href":"https:\/\/bmsclinics.com\/fr\/wp-json\/wp\/v2\/pages\/357\/revisions\/"}],"predecessor-version":[{"id":2438,"href":"https:\/\/bmsclinics.com\/fr\/wp-json\/wp\/v2\/pages\/357\/revisions\/2438\/"}],"wp:attachment":[{"href":"https:\/\/bmsclinics.com\/fr\/wp-json\/wp\/v2\/media\/?parent=357"}],"curies":[{"name":"wp","href":"https:\/\/api.w.org\/{rel}","templated":true}]}}