{"id":353,"date":"2019-10-30T13:15:00","date_gmt":"2019-10-30T13:15:00","guid":{"rendered":"https:\/\/bmsclinics.com\/?page_id=353"},"modified":"2022-08-17T09:30:50","modified_gmt":"2022-08-17T09:30:50","slug":"prp-treatment","status":"publish","type":"page","link":"https:\/\/bmsclinics.com\/fr\/prp-treatment\/","title":{"rendered":"Traitement PRP"},"content":{"rendered":"<h1>Plasma &#8211; PRP<\/h1>\n<p><img src=\"https:\/\/bmsclinics.com\/wp-content\/uploads\/2019\/11\/%D8%AD%D9%82%D9%86-%D8%A7%D9%84%D8%A8%D9%84%D8%A7%D8%B2%D9%85%D8%A7-%D9%84%D9%84%D8%B4%D8%B9%D8%B1-600x300.jpg\" alt=\"\u062d\u0642\u0646-\u0627\u0644\u0628\u0644\u0627\u0632\u0645\u0627-\u0644\u0644\u0634\u0639\u0631\" \/><\/p>\n<p>Les cheveux sont la couronne de la t\u00eate pour les femmes et aussi pour les hommes et un signe important de la beaut\u00e9 d&rsquo;une personne, et beaucoup souffrent du probl\u00e8me de la perte de cheveux et de la calvitie, ce qui affecte l&rsquo;apparence esth\u00e9tique de la personne et conduit \u00e0 un sentiment de manque de confiance en soi et peut affecter n\u00e9gativement les performances de la personne au travail et ses relations avec les gens, ce qui rend le traitement de la perte de cheveux La restauration des cheveux perdus est une n\u00e9cessit\u00e9 urgente pour beaucoup, en particulier les femmes.<\/p>\n<p>La m\u00e9decine esth\u00e9tique a beaucoup avanc\u00e9 dans ce domaine, ainsi les op\u00e9rations de greffe de cheveux avec ses diff\u00e9rentes techniques sont apparues et ont \u00e9t\u00e9 une solution pour de nombreux patients atteints de calvitie et de perte de cheveux, mais les op\u00e9rations de greffe de cheveux \u00e9taient d\u00e9fectueuses dans leur co\u00fbt \u00e9lev\u00e9, et certaines techniques de greffe de cheveux laissent des cicatrices sur la t\u00eate.<\/p>\n<p>Mais apr\u00e8s l&rsquo;\u00e9mergence de la technologie d&rsquo;injection de plasma pour les cheveux \u00e0 la fin des ann\u00e9es 80 du si\u00e8cle dernier, il est devenu facile pour toute personne souffrant de probl\u00e8mes de perte de cheveux ou de calvitie de faire des injections de plasma. Avant de savoir comment les cheveux sont inject\u00e9s avec du plasma, nous devons d&rsquo;abord savoir ce qu&rsquo;est le plasma et comment traiter les cheveux.<\/p>\n<h1>Que sont les injections de plasma ?<\/h1>\n<p><img src=\"https:\/\/bmsclinics.com\/wp-content\/uploads\/2019\/11\/%D8%A3%D8%B6%D8%B1%D8%A7%D8%B1_%D8%AD%D9%82%D9%86_%D8%A7%D9%84%D8%A8%D9%84%D8%A7%D8%B2%D9%85%D8%A7_%D9%84%D9%84%D8%B4%D8%B9%D8%B1-600x300.jpg\" alt=\"\u0623\u0636\u0631\u0627\u0631_\u062d\u0642\u0646_\u0627\u0644\u0628\u0644\u0627\u0632\u0645\u0627_\u0644\u0644\u0634\u0639\u0631\" \/><\/p>\n<p>On sait que le sang est compos\u00e9 de globules rouges, de globules blancs et de plaquettes.En plus de tout cela, il y a ce qu&rsquo;on appelle le plasma, et le plasma est un liquide blanc qui tend \u00e0 jaunir, ce qui donne de la fluidit\u00e9 au sang et facilite son mouvement. Le liquide plasmatique est constitu\u00e9 d&rsquo;eau, de prot\u00e9ines, d&rsquo;ions inorganiques, de mati\u00e8res organiques et de gaz dissous.La fonction principale du plasma dans le corps est de transporter les aliments vers les cellules, car il transporte les produits du processus m\u00e9tabolique.<\/p>\n<p>Le plasma a \u00e9t\u00e9 utilis\u00e9 dans le pass\u00e9 dans de nombreux domaines m\u00e9dicaux en cas de traitement orthop\u00e9dique et cardiaque, et il n&rsquo;a \u00e9t\u00e9 utilis\u00e9 dans le domaine de la m\u00e9decine esth\u00e9tique qu&rsquo;il y a une trentaine d&rsquo;ann\u00e9es.<\/p>\n<p>Lorsque le plasma est inject\u00e9 dans le cuir chevelu, il renouvelle les cellules et stimule la production de collag\u00e8ne et de prot\u00e9ines (deux substances qui composent la deuxi\u00e8me couche interm\u00e9diaire de la peau et qui donnent \u00e0 la peau fra\u00eecheur et vitalit\u00e9), ce qui rend le cuir chevelu fort et sain et a la capacit\u00e9 de faire germer de nouveaux cheveux et de les nourrir avec une nutrition ad\u00e9quate, en plus de cela, le plasma contribue \u00e0 inhiber l&rsquo;hormone responsable de la chute des cheveux.<\/p>\n<p>&nbsp;<\/p>\n<h1>Quelles sont les causes de la perte de cheveux ?<\/h1>\n<p>Les causes de la chute des cheveux sont nombreuses et varient d&rsquo;une personne \u00e0 l&rsquo;autre, mais quelle que soit la cause de la chute des cheveux, le traitement par injections de plasma est efficace et donne des r\u00e9sultats impressionnants, surtout dans les premiers stades de la chute des cheveux. Parmi les causes de la chute des cheveux et de la calvitie : Causes g\u00e9n\u00e9tiques &#8211; la calvitie masculine est souvent g\u00e9n\u00e9tique. An\u00e9mie et carence en vitamines dans le corps. Perdez du poids rapidement &#8211; ne soyez pas surpris, de nombreux r\u00e9gimes extr\u00eames entra\u00eenent une perte de cheveux. Stress et tension nerveuse. Utilisez fr\u00e9quemment un s\u00e8che-cheveux. Utilisation fr\u00e9quente de shampooings et de colorants, en particulier ceux qui contiennent de l&rsquo;ammoniac. Certaines maladies de la peau comme l&rsquo;alop\u00e9cie. chimioth\u00e9rapie. vieillir Certains traitements et m\u00e9dicaments. Malnutrition.<\/p>\n<p>&nbsp;<\/p>\n<p>&nbsp;<\/p>\n","protected":false},"excerpt":{"rendered":"<p>Plasma &#8211; PRP Les cheveux sont la couronne de la t\u00eate pour les femmes et aussi pour les hommes et un signe important de la beaut\u00e9 d&rsquo;une personne, et beaucoup souffrent du probl\u00e8me de la perte de cheveux et de la calvitie, ce qui affecte l&rsquo;apparence esth\u00e9tique de la personne et conduit \u00e0 un sentiment&hellip;<\/p>\n","protected":false},"author":2,"featured_media":0,"parent":0,"menu_order":0,"comment_status":"closed","ping_status":"closed","template":"","meta":[],"yoast_head":"<!-- This site is optimized with the Yoast SEO plugin v18.8 - https:\/\/yoast.com\/wordpress\/plugins\/seo\/ -->\n<title>Traitement PRP - BMS Clinics<\/title>\n<meta name=\"robots\" content=\"index, follow, max-snippet:-1, max-image-preview:large, max-video-preview:-1\" \/>\n<link rel=\"canonical\" href=\"https:\/\/bmsclinics.com\/fr\/prp-treatment\/\" \/>\n<meta property=\"og:locale\" content=\"fr_FR\" \/>\n<meta property=\"og:type\" content=\"article\" \/>\n<meta property=\"og:title\" content=\"Traitement PRP - BMS Clinics\" \/>\n<meta property=\"og:description\" content=\"Plasma &#8211; PRP Les cheveux sont la couronne de la t\u00eate pour les femmes et aussi pour les hommes et un signe important de la beaut\u00e9 d&rsquo;une personne, et beaucoup souffrent du probl\u00e8me de la perte de cheveux et de la calvitie, ce qui affecte l&rsquo;apparence esth\u00e9tique de la personne et conduit \u00e0 un sentiment&hellip;\" \/>\n<meta property=\"og:url\" content=\"https:\/\/bmsclinics.com\/fr\/prp-treatment\/\" \/>\n<meta property=\"og:site_name\" content=\"BMS Clinics\" \/>\n<meta property=\"article:modified_time\" content=\"2022-08-17T09:30:50+00:00\" \/>\n<meta property=\"og:image\" content=\"https:\/\/bmsclinics.com\/wp-content\/uploads\/2019\/11\/%D8%AD%D9%82%D9%86-%D8%A7%D9%84%D8%A8%D9%84%D8%A7%D8%B2%D9%85%D8%A7-%D9%84%D9%84%D8%B4%D8%B9%D8%B1-600x300.jpg\" \/>\n<meta name=\"twitter:card\" content=\"summary_large_image\" \/>\n<meta name=\"twitter:label1\" content=\"Dur\u00e9e de lecture estim\u00e9e\" \/>\n\t<meta name=\"twitter:data1\" content=\"3 minutes\" \/>\n<script type=\"application\/ld+json\" class=\"yoast-schema-graph\">{\"@context\":\"https:\/\/schema.org\",\"@graph\":[{\"@type\":\"WebSite\",\"@id\":\"https:\/\/bmsclinics.com\/#website\",\"url\":\"https:\/\/bmsclinics.com\/\",\"name\":\"BMS Clinics\",\"description\":\"\",\"potentialAction\":[{\"@type\":\"SearchAction\",\"target\":{\"@type\":\"EntryPoint\",\"urlTemplate\":\"https:\/\/bmsclinics.com\/?s={search_term_string}\"},\"query-input\":\"required name=search_term_string\"}],\"inLanguage\":\"fr-FR\"},{\"@type\":\"ImageObject\",\"inLanguage\":\"fr-FR\",\"@id\":\"https:\/\/bmsclinics.com\/fr\/prp-treatment\/#primaryimage\",\"url\":\"https:\/\/bmsclinics.com\/wp-content\/uploads\/2019\/11\/%D8%AD%D9%82%D9%86-%D8%A7%D9%84%D8%A8%D9%84%D8%A7%D8%B2%D9%85%D8%A7-%D9%84%D9%84%D8%B4%D8%B9%D8%B1-600x300.jpg\",\"contentUrl\":\"https:\/\/bmsclinics.com\/wp-content\/uploads\/2019\/11\/%D8%AD%D9%82%D9%86-%D8%A7%D9%84%D8%A8%D9%84%D8%A7%D8%B2%D9%85%D8%A7-%D9%84%D9%84%D8%B4%D8%B9%D8%B1-600x300.jpg\"},{\"@type\":\"WebPage\",\"@id\":\"https:\/\/bmsclinics.com\/fr\/prp-treatment\/#webpage\",\"url\":\"https:\/\/bmsclinics.com\/fr\/prp-treatment\/\",\"name\":\"Traitement PRP - BMS Clinics\",\"isPartOf\":{\"@id\":\"https:\/\/bmsclinics.com\/#website\"},\"primaryImageOfPage\":{\"@id\":\"https:\/\/bmsclinics.com\/fr\/prp-treatment\/#primaryimage\"},\"datePublished\":\"2019-10-30T13:15:00+00:00\",\"dateModified\":\"2022-08-17T09:30:50+00:00\",\"breadcrumb\":{\"@id\":\"https:\/\/bmsclinics.com\/fr\/prp-treatment\/#breadcrumb\"},\"inLanguage\":\"fr-FR\",\"potentialAction\":[{\"@type\":\"ReadAction\",\"target\":[\"https:\/\/bmsclinics.com\/fr\/prp-treatment\/\"]}]},{\"@type\":\"BreadcrumbList\",\"@id\":\"https:\/\/bmsclinics.com\/fr\/prp-treatment\/#breadcrumb\",\"itemListElement\":[{\"@type\":\"ListItem\",\"position\":1,\"name\":\"Home\",\"item\":\"https:\/\/bmsclinics.com\/fr\/\"},{\"@type\":\"ListItem\",\"position\":2,\"name\":\"Traitement PRP\"}]}]}<\/script>\n<!-- \/ Yoast SEO plugin. -->","yoast_head_json":{"title":"Traitement PRP - BMS Clinics","robots":{"index":"index","follow":"follow","max-snippet":"max-snippet:-1","max-image-preview":"max-image-preview:large","max-video-preview":"max-video-preview:-1"},"canonical":"https:\/\/bmsclinics.com\/fr\/prp-treatment\/","og_locale":"fr_FR","og_type":"article","og_title":"Traitement PRP - BMS Clinics","og_description":"Plasma &#8211; PRP Les cheveux sont la couronne de la t\u00eate pour les femmes et aussi pour les hommes et un signe important de la beaut\u00e9 d&rsquo;une personne, et beaucoup souffrent du probl\u00e8me de la perte de cheveux et de la calvitie, ce qui affecte l&rsquo;apparence esth\u00e9tique de la personne et conduit \u00e0 un sentiment&hellip;","og_url":"https:\/\/bmsclinics.com\/fr\/prp-treatment\/","og_site_name":"BMS Clinics","article_modified_time":"2022-08-17T09:30:50+00:00","og_image":[{"url":"https:\/\/bmsclinics.com\/wp-content\/uploads\/2019\/11\/%D8%AD%D9%82%D9%86-%D8%A7%D9%84%D8%A8%D9%84%D8%A7%D8%B2%D9%85%D8%A7-%D9%84%D9%84%D8%B4%D8%B9%D8%B1-600x300.jpg"}],"twitter_card":"summary_large_image","twitter_misc":{"Dur\u00e9e de lecture estim\u00e9e":"3 minutes"},"schema":{"@context":"https:\/\/schema.org","@graph":[{"@type":"WebSite","@id":"https:\/\/bmsclinics.com\/#website","url":"https:\/\/bmsclinics.com\/","name":"BMS Clinics","description":"","potentialAction":[{"@type":"SearchAction","target":{"@type":"EntryPoint","urlTemplate":"https:\/\/bmsclinics.com\/?s={search_term_string}"},"query-input":"required name=search_term_string"}],"inLanguage":"fr-FR"},{"@type":"ImageObject","inLanguage":"fr-FR","@id":"https:\/\/bmsclinics.com\/fr\/prp-treatment\/#primaryimage","url":"https:\/\/bmsclinics.com\/wp-content\/uploads\/2019\/11\/%D8%AD%D9%82%D9%86-%D8%A7%D9%84%D8%A8%D9%84%D8%A7%D8%B2%D9%85%D8%A7-%D9%84%D9%84%D8%B4%D8%B9%D8%B1-600x300.jpg","contentUrl":"https:\/\/bmsclinics.com\/wp-content\/uploads\/2019\/11\/%D8%AD%D9%82%D9%86-%D8%A7%D9%84%D8%A8%D9%84%D8%A7%D8%B2%D9%85%D8%A7-%D9%84%D9%84%D8%B4%D8%B9%D8%B1-600x300.jpg"},{"@type":"WebPage","@id":"https:\/\/bmsclinics.com\/fr\/prp-treatment\/#webpage","url":"https:\/\/bmsclinics.com\/fr\/prp-treatment\/","name":"Traitement PRP - BMS Clinics","isPartOf":{"@id":"https:\/\/bmsclinics.com\/#website"},"primaryImageOfPage":{"@id":"https:\/\/bmsclinics.com\/fr\/prp-treatment\/#primaryimage"},"datePublished":"2019-10-30T13:15:00+00:00","dateModified":"2022-08-17T09:30:50+00:00","breadcrumb":{"@id":"https:\/\/bmsclinics.com\/fr\/prp-treatment\/#breadcrumb"},"inLanguage":"fr-FR","potentialAction":[{"@type":"ReadAction","target":["https:\/\/bmsclinics.com\/fr\/prp-treatment\/"]}]},{"@type":"BreadcrumbList","@id":"https:\/\/bmsclinics.com\/fr\/prp-treatment\/#breadcrumb","itemListElement":[{"@type":"ListItem","position":1,"name":"Home","item":"https:\/\/bmsclinics.com\/fr\/"},{"@type":"ListItem","position":2,"name":"Traitement PRP"}]}]}},"_links":{"self":[{"href":"https:\/\/bmsclinics.com\/fr\/wp-json\/wp\/v2\/pages\/353\/"}],"collection":[{"href":"https:\/\/bmsclinics.com\/fr\/wp-json\/wp\/v2\/pages\/"}],"about":[{"href":"https:\/\/bmsclinics.com\/fr\/wp-json\/wp\/v2\/types\/page\/"}],"author":[{"embeddable":true,"href":"https:\/\/bmsclinics.com\/fr\/wp-json\/wp\/v2\/users\/2\/"}],"replies":[{"embeddable":true,"href":"https:\/\/bmsclinics.com\/fr\/wp-json\/wp\/v2\/comments\/?post=353"}],"version-history":[{"count":3,"href":"https:\/\/bmsclinics.com\/fr\/wp-json\/wp\/v2\/pages\/353\/revisions\/"}],"predecessor-version":[{"id":2405,"href":"https:\/\/bmsclinics.com\/fr\/wp-json\/wp\/v2\/pages\/353\/revisions\/2405\/"}],"wp:attachment":[{"href":"https:\/\/bmsclinics.com\/fr\/wp-json\/wp\/v2\/media\/?parent=353"}],"curies":[{"name":"wp","href":"https:\/\/api.w.org\/{rel}","templated":true}]}}