{"id":349,"date":"2019-10-30T13:13:55","date_gmt":"2019-10-30T13:13:55","guid":{"rendered":"https:\/\/bmsclinics.com\/?page_id=349"},"modified":"2022-08-29T08:56:13","modified_gmt":"2022-08-29T08:56:13","slug":"abdominoplasty","status":"publish","type":"page","link":"https:\/\/bmsclinics.com\/fr\/abdominoplasty\/","title":{"rendered":"Abdominoplastie"},"content":{"rendered":"<h1>Abdominoplastie <span class=\"Y2IQFc\" lang=\"fr\">op\u00e9ration<\/span><\/h1>\n<p><img src=\"https:\/\/bmsclinics.com\/wp-content\/uploads\/2019\/11\/Article-e1573569170483-600x300.jpg\" alt=\"Article\" \/><\/p>\n<p>Une abdominoplastie est une intervention chirurgicale qui vise \u00e0 r\u00e9tablir la forme de l&rsquo;abdomen dans sa position naturelle en \u00e9liminant l&rsquo;exc\u00e8s de graisse, le rel\u00e2chement et les phan\u00e8res et en restaurant la forme des muscles abdominaux pour obtenir un abdomen tendu. grossesse et accouchement.<\/p>\n<h1>Quand l&rsquo;op\u00e9ration de plastie abdominale est-elle effectu\u00e9e ?<\/h1>\n<p><img src=\"https:\/\/bmsclinics.com\/wp-content\/uploads\/2019\/11\/%D8%B9%D9%85%D9%84%D9%8A%D8%A9-%D8%B4%D8%AF-%D8%A7%D9%84%D8%A8%D8%B7%D9%86-%D8%A7%D9%84%D9%85%D8%AA%D8%B1%D9%87%D9%84-600x300.jpg\" alt=\"\u0639\u0645\u0644\u064a\u0629-\u0634\u062f-\u0627\u0644\u0628\u0637\u0646-\u0627\u0644\u0645\u062a\u0631\u0647\u0644\" \/><\/p>\n<ul>\n<li>Apr\u00e8s la grossesse et l&rsquo;accouchement<\/li>\n<li>Apr\u00e8s avoir perdu du poids<\/li>\n<li>Apr\u00e8s avoir subi une hernie abdominale ou une hernie abdominale<\/li>\n<\/ul>\n<h1>L&rsquo;abdominoplastie se fait selon les \u00e9tapes suivantes :<\/h1>\n<ul>\n<li>Le patient re\u00e7oit une anesth\u00e9sie compl\u00e8te \u00e0 l&rsquo;int\u00e9rieur de la salle d&rsquo;op\u00e9ration, o\u00f9 l&rsquo;op\u00e9ration dure environ quatre heures.<\/li>\n<li>Le m\u00e9decin marque la zone o\u00f9 la chirurgie sera effectu\u00e9e.<\/li>\n<li>Lors d&rsquo;une abdominoplastie compl\u00e8te, le m\u00e9decin fait une incision le long de l&rsquo;abdomen et autour du nombril, puis soul\u00e8ve la peau, resserre les muscles, enl\u00e8ve l&rsquo;exc\u00e8s de peau et soul\u00e8ve le nombril \u00e0 sa nouvelle place.<\/li>\n<li>\u00c0 la fin, le m\u00e9decin placera une ceinture de compression sur l&rsquo;abdomen.pendant la chirurgie abdominale partielle, une courte incision est pratiqu\u00e9e dans le bas-ventre, et l&rsquo;exc\u00e8s de graisse et de peau est retir\u00e9 sans resserrer les muscles, et aucun resserrement n&rsquo;est effectu\u00e9 autour du nombril, et cette op\u00e9ration est consid\u00e9r\u00e9e comme tr\u00e8s simple par rapport aux op\u00e9rations de resserrement total.<\/li>\n<li>Si tous les indicateurs corporels sont bons apr\u00e8s la chirurgie, le patient est transf\u00e9r\u00e9 de la salle de soins intensifs aux chambres d&rsquo;hospitalisation et le patient peut quitter l&rsquo;h\u00f4pital le lendemain.<\/li>\n<\/ul>\n","protected":false},"excerpt":{"rendered":"<p>Abdominoplastie op\u00e9ration Une abdominoplastie est une intervention chirurgicale qui vise \u00e0 r\u00e9tablir la forme de l&rsquo;abdomen dans sa position naturelle en \u00e9liminant l&rsquo;exc\u00e8s de graisse, le rel\u00e2chement et les phan\u00e8res et en restaurant la forme des muscles abdominaux pour obtenir un abdomen tendu. grossesse et accouchement. Quand l&rsquo;op\u00e9ration de plastie abdominale est-elle effectu\u00e9e ? Apr\u00e8s&hellip;<\/p>\n","protected":false},"author":2,"featured_media":0,"parent":0,"menu_order":0,"comment_status":"closed","ping_status":"closed","template":"","meta":[],"yoast_head":"<!-- This site is optimized with the Yoast SEO plugin v18.8 - https:\/\/yoast.com\/wordpress\/plugins\/seo\/ -->\n<title>Abdominoplastie - BMS Clinics<\/title>\n<meta name=\"robots\" content=\"index, follow, max-snippet:-1, max-image-preview:large, max-video-preview:-1\" \/>\n<link rel=\"canonical\" href=\"https:\/\/bmsclinics.com\/fr\/abdominoplasty\/\" \/>\n<meta property=\"og:locale\" content=\"fr_FR\" \/>\n<meta property=\"og:type\" content=\"article\" \/>\n<meta property=\"og:title\" content=\"Abdominoplastie - BMS Clinics\" \/>\n<meta property=\"og:description\" content=\"Abdominoplastie op\u00e9ration Une abdominoplastie est une intervention chirurgicale qui vise \u00e0 r\u00e9tablir la forme de l&rsquo;abdomen dans sa position naturelle en \u00e9liminant l&rsquo;exc\u00e8s de graisse, le rel\u00e2chement et les phan\u00e8res et en restaurant la forme des muscles abdominaux pour obtenir un abdomen tendu. grossesse et accouchement. Quand l&rsquo;op\u00e9ration de plastie abdominale est-elle effectu\u00e9e ? Apr\u00e8s&hellip;\" \/>\n<meta property=\"og:url\" content=\"https:\/\/bmsclinics.com\/fr\/abdominoplasty\/\" \/>\n<meta property=\"og:site_name\" content=\"BMS Clinics\" \/>\n<meta property=\"article:modified_time\" content=\"2022-08-29T08:56:13+00:00\" \/>\n<meta property=\"og:image\" content=\"https:\/\/bmsclinics.com\/wp-content\/uploads\/2019\/11\/Article-e1573569170483-600x300.jpg\" \/>\n<meta name=\"twitter:card\" content=\"summary_large_image\" \/>\n<meta name=\"twitter:label1\" content=\"Dur\u00e9e de lecture estim\u00e9e\" \/>\n\t<meta name=\"twitter:data1\" content=\"1 minute\" \/>\n<script type=\"application\/ld+json\" class=\"yoast-schema-graph\">{\"@context\":\"https:\/\/schema.org\",\"@graph\":[{\"@type\":\"WebSite\",\"@id\":\"https:\/\/bmsclinics.com\/#website\",\"url\":\"https:\/\/bmsclinics.com\/\",\"name\":\"BMS Clinics\",\"description\":\"\",\"potentialAction\":[{\"@type\":\"SearchAction\",\"target\":{\"@type\":\"EntryPoint\",\"urlTemplate\":\"https:\/\/bmsclinics.com\/?s={search_term_string}\"},\"query-input\":\"required name=search_term_string\"}],\"inLanguage\":\"fr-FR\"},{\"@type\":\"ImageObject\",\"inLanguage\":\"fr-FR\",\"@id\":\"https:\/\/bmsclinics.com\/fr\/abdominoplasty\/#primaryimage\",\"url\":\"https:\/\/bmsclinics.com\/wp-content\/uploads\/2019\/11\/Article-e1573569170483.jpg\",\"contentUrl\":\"https:\/\/bmsclinics.com\/wp-content\/uploads\/2019\/11\/Article-e1573569170483.jpg\",\"width\":600,\"height\":350},{\"@type\":\"WebPage\",\"@id\":\"https:\/\/bmsclinics.com\/fr\/abdominoplasty\/#webpage\",\"url\":\"https:\/\/bmsclinics.com\/fr\/abdominoplasty\/\",\"name\":\"Abdominoplastie - BMS Clinics\",\"isPartOf\":{\"@id\":\"https:\/\/bmsclinics.com\/#website\"},\"primaryImageOfPage\":{\"@id\":\"https:\/\/bmsclinics.com\/fr\/abdominoplasty\/#primaryimage\"},\"datePublished\":\"2019-10-30T13:13:55+00:00\",\"dateModified\":\"2022-08-29T08:56:13+00:00\",\"breadcrumb\":{\"@id\":\"https:\/\/bmsclinics.com\/fr\/abdominoplasty\/#breadcrumb\"},\"inLanguage\":\"fr-FR\",\"potentialAction\":[{\"@type\":\"ReadAction\",\"target\":[\"https:\/\/bmsclinics.com\/fr\/abdominoplasty\/\"]}]},{\"@type\":\"BreadcrumbList\",\"@id\":\"https:\/\/bmsclinics.com\/fr\/abdominoplasty\/#breadcrumb\",\"itemListElement\":[{\"@type\":\"ListItem\",\"position\":1,\"name\":\"Home\",\"item\":\"https:\/\/bmsclinics.com\/fr\/\"},{\"@type\":\"ListItem\",\"position\":2,\"name\":\"Abdominoplastie\"}]}]}<\/script>\n<!-- \/ Yoast SEO plugin. -->","yoast_head_json":{"title":"Abdominoplastie - BMS Clinics","robots":{"index":"index","follow":"follow","max-snippet":"max-snippet:-1","max-image-preview":"max-image-preview:large","max-video-preview":"max-video-preview:-1"},"canonical":"https:\/\/bmsclinics.com\/fr\/abdominoplasty\/","og_locale":"fr_FR","og_type":"article","og_title":"Abdominoplastie - BMS Clinics","og_description":"Abdominoplastie op\u00e9ration Une abdominoplastie est une intervention chirurgicale qui vise \u00e0 r\u00e9tablir la forme de l&rsquo;abdomen dans sa position naturelle en \u00e9liminant l&rsquo;exc\u00e8s de graisse, le rel\u00e2chement et les phan\u00e8res et en restaurant la forme des muscles abdominaux pour obtenir un abdomen tendu. grossesse et accouchement. Quand l&rsquo;op\u00e9ration de plastie abdominale est-elle effectu\u00e9e ? Apr\u00e8s&hellip;","og_url":"https:\/\/bmsclinics.com\/fr\/abdominoplasty\/","og_site_name":"BMS Clinics","article_modified_time":"2022-08-29T08:56:13+00:00","og_image":[{"url":"https:\/\/bmsclinics.com\/wp-content\/uploads\/2019\/11\/Article-e1573569170483-600x300.jpg"}],"twitter_card":"summary_large_image","twitter_misc":{"Dur\u00e9e de lecture estim\u00e9e":"1 minute"},"schema":{"@context":"https:\/\/schema.org","@graph":[{"@type":"WebSite","@id":"https:\/\/bmsclinics.com\/#website","url":"https:\/\/bmsclinics.com\/","name":"BMS Clinics","description":"","potentialAction":[{"@type":"SearchAction","target":{"@type":"EntryPoint","urlTemplate":"https:\/\/bmsclinics.com\/?s={search_term_string}"},"query-input":"required name=search_term_string"}],"inLanguage":"fr-FR"},{"@type":"ImageObject","inLanguage":"fr-FR","@id":"https:\/\/bmsclinics.com\/fr\/abdominoplasty\/#primaryimage","url":"https:\/\/bmsclinics.com\/wp-content\/uploads\/2019\/11\/Article-e1573569170483.jpg","contentUrl":"https:\/\/bmsclinics.com\/wp-content\/uploads\/2019\/11\/Article-e1573569170483.jpg","width":600,"height":350},{"@type":"WebPage","@id":"https:\/\/bmsclinics.com\/fr\/abdominoplasty\/#webpage","url":"https:\/\/bmsclinics.com\/fr\/abdominoplasty\/","name":"Abdominoplastie - BMS Clinics","isPartOf":{"@id":"https:\/\/bmsclinics.com\/#website"},"primaryImageOfPage":{"@id":"https:\/\/bmsclinics.com\/fr\/abdominoplasty\/#primaryimage"},"datePublished":"2019-10-30T13:13:55+00:00","dateModified":"2022-08-29T08:56:13+00:00","breadcrumb":{"@id":"https:\/\/bmsclinics.com\/fr\/abdominoplasty\/#breadcrumb"},"inLanguage":"fr-FR","potentialAction":[{"@type":"ReadAction","target":["https:\/\/bmsclinics.com\/fr\/abdominoplasty\/"]}]},{"@type":"BreadcrumbList","@id":"https:\/\/bmsclinics.com\/fr\/abdominoplasty\/#breadcrumb","itemListElement":[{"@type":"ListItem","position":1,"name":"Home","item":"https:\/\/bmsclinics.com\/fr\/"},{"@type":"ListItem","position":2,"name":"Abdominoplastie"}]}]}},"_links":{"self":[{"href":"https:\/\/bmsclinics.com\/fr\/wp-json\/wp\/v2\/pages\/349\/"}],"collection":[{"href":"https:\/\/bmsclinics.com\/fr\/wp-json\/wp\/v2\/pages\/"}],"about":[{"href":"https:\/\/bmsclinics.com\/fr\/wp-json\/wp\/v2\/types\/page\/"}],"author":[{"embeddable":true,"href":"https:\/\/bmsclinics.com\/fr\/wp-json\/wp\/v2\/users\/2\/"}],"replies":[{"embeddable":true,"href":"https:\/\/bmsclinics.com\/fr\/wp-json\/wp\/v2\/comments\/?post=349"}],"version-history":[{"count":4,"href":"https:\/\/bmsclinics.com\/fr\/wp-json\/wp\/v2\/pages\/349\/revisions\/"}],"predecessor-version":[{"id":2437,"href":"https:\/\/bmsclinics.com\/fr\/wp-json\/wp\/v2\/pages\/349\/revisions\/2437\/"}],"wp:attachment":[{"href":"https:\/\/bmsclinics.com\/fr\/wp-json\/wp\/v2\/media\/?parent=349"}],"curies":[{"name":"wp","href":"https:\/\/api.w.org\/{rel}","templated":true}]}}