{"id":345,"date":"2019-10-30T13:11:59","date_gmt":"2019-10-30T13:11:59","guid":{"rendered":"https:\/\/bmsclinics.com\/?page_id=345"},"modified":"2022-08-17T07:50:52","modified_gmt":"2022-08-17T07:50:52","slug":"beard-transplant","status":"publish","type":"page","link":"https:\/\/bmsclinics.com\/fr\/beard-transplant\/","title":{"rendered":"Greffe De Barbe Et De Moustache"},"content":{"rendered":"<h1>Comment pousse-t-on les moustaches ?<\/h1>\n<p><img src=\"https:\/\/bmsclinics.com\/wp-content\/uploads\/2019\/11\/slidfyh-e1573568325612-600x300.jpg\" alt=\"slidfyh\" \/><\/p>\n<p>La meilleure solution pour les personnes qui souhaitent obtenir un look parfait pour leur barbe et leur moustache est la greffe. En raison de la faible structure des cheveux, de facteurs g\u00e9n\u00e9tiques et de l&rsquo;absence de poils sur la barbe et la moustache due \u00e0 des blessures ou des br\u00fblures, la greffe de cheveux peut \u00eatre choisie.<\/p>\n<h1 id=\"tw-target-text\" class=\"tw-data-text tw-text-large tw-ta\" dir=\"ltr\" data-placeholder=\"Translation\"><span class=\"Y2IQFc\" lang=\"fr\">Greffe de poils de barbe<\/span><\/h1>\n<p><img src=\"https:\/\/bmsclinics.com\/wp-content\/uploads\/2019\/11\/se-sakkal-ekimi-600x300.jpg\" alt=\"se-sakkal-ekimi\" \/><\/p>\n<pre id=\"tw-target-text\" class=\"tw-data-text tw-text-large tw-ta\" dir=\"ltr\" data-placeholder=\"Translation\"><\/pre>\n<p>La greffe de poils de barbe est un processus dans lequel certains follicules pileux sont transf\u00e9r\u00e9s de la t\u00eate ou de la poitrine au menton ou aux zones lat\u00e9rales apr\u00e8s que le chirurgien s&rsquo;est assur\u00e9 que les caract\u00e9ristiques des cheveux qu&rsquo;il va transf\u00e9rer et transplanter aux caract\u00e9ristiques des poils du visage de sorte que sa forme ne soit pas diff\u00e9rente du reste des poils du visage. Le processus prend quelques heures \u00e0 pr\u00e9parer et \u00e0 ex\u00e9cuter. Au final, le chirurgien veille \u00e0 ne pas pouvoir distinguer la forme finale des cheveux greff\u00e9s de la pilosit\u00e9 naturelle du visage.<\/p>\n<h1>Les meilleurs Candidats \u00e0 la greffe de poils de barbe<\/h1>\n<p>Les meilleurs candidats pour la greffe de poils de barbe sont les hommes qui souffrent d&rsquo;un manque de croissance des poils de barbe, que ce soit pour des raisons naturelles telles que des raisons g\u00e9n\u00e9tiques, ou pour des raisons externes telles que des erreurs apr\u00e8s l&rsquo;\u00e9pilation au laser du menton, des br\u00fblures ou des interventions chirurgicales dans la zone de la barbe.<\/p>\n<p>Le patient doit \u00eatre en bonne sant\u00e9<br \/>\nNe pas \u00eatre fumeur, car le tabagisme affecte n\u00e9gativement la circulation sanguine du corps et peut contribuer de mani\u00e8re significative \u00e0 l&rsquo;\u00e9chec du processus de greffe du menton en raison de la quantit\u00e9 insuffisante de sang atteignant les follicules transplant\u00e9s.<br \/>\nLe patient doit \u00e9galement \u00eatre conscient de la difficult\u00e9 et de la complexit\u00e9 de l&rsquo;op\u00e9ration, et savoir que le transfert se fait bulbe par bulbe, il doit donc \u00eatre pr\u00e9cis dans la d\u00e9termination de ses souhaits pour le m\u00e9decin.<\/p>\n","protected":false},"excerpt":{"rendered":"<p>Comment pousse-t-on les moustaches ? La meilleure solution pour les personnes qui souhaitent obtenir un look parfait pour leur barbe et leur moustache est la greffe. En raison de la faible structure des cheveux, de facteurs g\u00e9n\u00e9tiques et de l&rsquo;absence de poils sur la barbe et la moustache due \u00e0 des blessures ou des br\u00fblures,&hellip;<\/p>\n","protected":false},"author":2,"featured_media":0,"parent":0,"menu_order":0,"comment_status":"closed","ping_status":"closed","template":"","meta":[],"yoast_head":"<!-- This site is optimized with the Yoast SEO plugin v18.8 - https:\/\/yoast.com\/wordpress\/plugins\/seo\/ -->\n<title>Greffe De Barbe Et De Moustache - BMS Clinics<\/title>\n<meta name=\"robots\" content=\"index, follow, max-snippet:-1, max-image-preview:large, max-video-preview:-1\" \/>\n<link rel=\"canonical\" href=\"https:\/\/bmsclinics.com\/fr\/beard-transplant\/\" \/>\n<meta property=\"og:locale\" content=\"fr_FR\" \/>\n<meta property=\"og:type\" content=\"article\" \/>\n<meta property=\"og:title\" content=\"Greffe De Barbe Et De Moustache - BMS Clinics\" \/>\n<meta property=\"og:description\" content=\"Comment pousse-t-on les moustaches ? La meilleure solution pour les personnes qui souhaitent obtenir un look parfait pour leur barbe et leur moustache est la greffe. En raison de la faible structure des cheveux, de facteurs g\u00e9n\u00e9tiques et de l&rsquo;absence de poils sur la barbe et la moustache due \u00e0 des blessures ou des br\u00fblures,&hellip;\" \/>\n<meta property=\"og:url\" content=\"https:\/\/bmsclinics.com\/fr\/beard-transplant\/\" \/>\n<meta property=\"og:site_name\" content=\"BMS Clinics\" \/>\n<meta property=\"article:modified_time\" content=\"2022-08-17T07:50:52+00:00\" \/>\n<meta property=\"og:image\" content=\"https:\/\/bmsclinics.com\/wp-content\/uploads\/2019\/11\/slidfyh-e1573568325612-600x300.jpg\" \/>\n<meta name=\"twitter:card\" content=\"summary_large_image\" \/>\n<meta name=\"twitter:label1\" content=\"Dur\u00e9e de lecture estim\u00e9e\" \/>\n\t<meta name=\"twitter:data1\" content=\"2 minutes\" \/>\n<script type=\"application\/ld+json\" class=\"yoast-schema-graph\">{\"@context\":\"https:\/\/schema.org\",\"@graph\":[{\"@type\":\"WebSite\",\"@id\":\"https:\/\/bmsclinics.com\/#website\",\"url\":\"https:\/\/bmsclinics.com\/\",\"name\":\"BMS Clinics\",\"description\":\"\",\"potentialAction\":[{\"@type\":\"SearchAction\",\"target\":{\"@type\":\"EntryPoint\",\"urlTemplate\":\"https:\/\/bmsclinics.com\/?s={search_term_string}\"},\"query-input\":\"required name=search_term_string\"}],\"inLanguage\":\"fr-FR\"},{\"@type\":\"ImageObject\",\"inLanguage\":\"fr-FR\",\"@id\":\"https:\/\/bmsclinics.com\/fr\/beard-transplant\/#primaryimage\",\"url\":\"https:\/\/bmsclinics.com\/wp-content\/uploads\/2019\/11\/slidfyh-e1573568325612.jpg\",\"contentUrl\":\"https:\/\/bmsclinics.com\/wp-content\/uploads\/2019\/11\/slidfyh-e1573568325612.jpg\",\"width\":719,\"height\":300},{\"@type\":\"WebPage\",\"@id\":\"https:\/\/bmsclinics.com\/fr\/beard-transplant\/#webpage\",\"url\":\"https:\/\/bmsclinics.com\/fr\/beard-transplant\/\",\"name\":\"Greffe De Barbe Et De Moustache - BMS Clinics\",\"isPartOf\":{\"@id\":\"https:\/\/bmsclinics.com\/#website\"},\"primaryImageOfPage\":{\"@id\":\"https:\/\/bmsclinics.com\/fr\/beard-transplant\/#primaryimage\"},\"datePublished\":\"2019-10-30T13:11:59+00:00\",\"dateModified\":\"2022-08-17T07:50:52+00:00\",\"breadcrumb\":{\"@id\":\"https:\/\/bmsclinics.com\/fr\/beard-transplant\/#breadcrumb\"},\"inLanguage\":\"fr-FR\",\"potentialAction\":[{\"@type\":\"ReadAction\",\"target\":[\"https:\/\/bmsclinics.com\/fr\/beard-transplant\/\"]}]},{\"@type\":\"BreadcrumbList\",\"@id\":\"https:\/\/bmsclinics.com\/fr\/beard-transplant\/#breadcrumb\",\"itemListElement\":[{\"@type\":\"ListItem\",\"position\":1,\"name\":\"Home\",\"item\":\"https:\/\/bmsclinics.com\/fr\/\"},{\"@type\":\"ListItem\",\"position\":2,\"name\":\"Greffe De Barbe Et De Moustache\"}]}]}<\/script>\n<!-- \/ Yoast SEO plugin. -->","yoast_head_json":{"title":"Greffe De Barbe Et De Moustache - BMS Clinics","robots":{"index":"index","follow":"follow","max-snippet":"max-snippet:-1","max-image-preview":"max-image-preview:large","max-video-preview":"max-video-preview:-1"},"canonical":"https:\/\/bmsclinics.com\/fr\/beard-transplant\/","og_locale":"fr_FR","og_type":"article","og_title":"Greffe De Barbe Et De Moustache - BMS Clinics","og_description":"Comment pousse-t-on les moustaches ? La meilleure solution pour les personnes qui souhaitent obtenir un look parfait pour leur barbe et leur moustache est la greffe. En raison de la faible structure des cheveux, de facteurs g\u00e9n\u00e9tiques et de l&rsquo;absence de poils sur la barbe et la moustache due \u00e0 des blessures ou des br\u00fblures,&hellip;","og_url":"https:\/\/bmsclinics.com\/fr\/beard-transplant\/","og_site_name":"BMS Clinics","article_modified_time":"2022-08-17T07:50:52+00:00","og_image":[{"url":"https:\/\/bmsclinics.com\/wp-content\/uploads\/2019\/11\/slidfyh-e1573568325612-600x300.jpg"}],"twitter_card":"summary_large_image","twitter_misc":{"Dur\u00e9e de lecture estim\u00e9e":"2 minutes"},"schema":{"@context":"https:\/\/schema.org","@graph":[{"@type":"WebSite","@id":"https:\/\/bmsclinics.com\/#website","url":"https:\/\/bmsclinics.com\/","name":"BMS Clinics","description":"","potentialAction":[{"@type":"SearchAction","target":{"@type":"EntryPoint","urlTemplate":"https:\/\/bmsclinics.com\/?s={search_term_string}"},"query-input":"required name=search_term_string"}],"inLanguage":"fr-FR"},{"@type":"ImageObject","inLanguage":"fr-FR","@id":"https:\/\/bmsclinics.com\/fr\/beard-transplant\/#primaryimage","url":"https:\/\/bmsclinics.com\/wp-content\/uploads\/2019\/11\/slidfyh-e1573568325612.jpg","contentUrl":"https:\/\/bmsclinics.com\/wp-content\/uploads\/2019\/11\/slidfyh-e1573568325612.jpg","width":719,"height":300},{"@type":"WebPage","@id":"https:\/\/bmsclinics.com\/fr\/beard-transplant\/#webpage","url":"https:\/\/bmsclinics.com\/fr\/beard-transplant\/","name":"Greffe De Barbe Et De Moustache - BMS Clinics","isPartOf":{"@id":"https:\/\/bmsclinics.com\/#website"},"primaryImageOfPage":{"@id":"https:\/\/bmsclinics.com\/fr\/beard-transplant\/#primaryimage"},"datePublished":"2019-10-30T13:11:59+00:00","dateModified":"2022-08-17T07:50:52+00:00","breadcrumb":{"@id":"https:\/\/bmsclinics.com\/fr\/beard-transplant\/#breadcrumb"},"inLanguage":"fr-FR","potentialAction":[{"@type":"ReadAction","target":["https:\/\/bmsclinics.com\/fr\/beard-transplant\/"]}]},{"@type":"BreadcrumbList","@id":"https:\/\/bmsclinics.com\/fr\/beard-transplant\/#breadcrumb","itemListElement":[{"@type":"ListItem","position":1,"name":"Home","item":"https:\/\/bmsclinics.com\/fr\/"},{"@type":"ListItem","position":2,"name":"Greffe De Barbe Et De Moustache"}]}]}},"_links":{"self":[{"href":"https:\/\/bmsclinics.com\/fr\/wp-json\/wp\/v2\/pages\/345\/"}],"collection":[{"href":"https:\/\/bmsclinics.com\/fr\/wp-json\/wp\/v2\/pages\/"}],"about":[{"href":"https:\/\/bmsclinics.com\/fr\/wp-json\/wp\/v2\/types\/page\/"}],"author":[{"embeddable":true,"href":"https:\/\/bmsclinics.com\/fr\/wp-json\/wp\/v2\/users\/2\/"}],"replies":[{"embeddable":true,"href":"https:\/\/bmsclinics.com\/fr\/wp-json\/wp\/v2\/comments\/?post=345"}],"version-history":[{"count":3,"href":"https:\/\/bmsclinics.com\/fr\/wp-json\/wp\/v2\/pages\/345\/revisions\/"}],"predecessor-version":[{"id":2401,"href":"https:\/\/bmsclinics.com\/fr\/wp-json\/wp\/v2\/pages\/345\/revisions\/2401\/"}],"wp:attachment":[{"href":"https:\/\/bmsclinics.com\/fr\/wp-json\/wp\/v2\/media\/?parent=345"}],"curies":[{"name":"wp","href":"https:\/\/api.w.org\/{rel}","templated":true}]}}