{"id":341,"date":"2019-10-30T13:10:14","date_gmt":"2019-10-30T13:10:14","guid":{"rendered":"https:\/\/bmsclinics.com\/?page_id=341"},"modified":"2022-08-09T09:41:22","modified_gmt":"2022-08-09T09:41:22","slug":"hair-transplant-for-women","status":"publish","type":"page","link":"https:\/\/bmsclinics.com\/fr\/hair-transplant-for-women\/","title":{"rendered":"Greffe De Cheveux Pour Femme"},"content":{"rendered":"<h1>Greffe De Cheveux Pour Femme :<\/h1>\n<p><img src=\"https:\/\/bmsclinics.com\/wp-content\/uploads\/2019\/11\/%D8%B2%D8%B1%D8%A7%D8%B9%D8%A9-%D8%A7%D9%84%D8%B4%D8%B9%D8%B1-%D9%84%D9%84%D9%86%D8%B3%D8%A7%D8%A1-600x300.jpg\" alt=\"\u0632\u0631\u0627\u0639\u0629-\u0627\u0644\u0634\u0639\u0631-\u0644\u0644\u0646\u0633\u0627\u0621\" \/><\/p>\n<p>Pour les femmes, la greffe de cheveux se fait de mani\u00e8re classique. Vous n&rsquo;avez pas besoin de raser les cheveux, sauf cas exceptionnel, car la zone donneuse se situe en dessous des cheveux longs, c&rsquo;est-\u00e0-dire qu&rsquo;elle n&rsquo;est pas visible.<\/p>\n<h1>Comment se d\u00e9roule la greffe de cheveux ?<\/h1>\n<p><img src=\"https:\/\/bmsclinics.com\/wp-content\/uploads\/2019\/11\/girl-2771001_640-600x300.jpg\" alt=\"girl-2771001_640\" \/><\/p>\n<h1>\u00c9tapes du processus de greffe de cheveux<\/h1>\n<p>Pr\u00e9paration du patient \u00e0 l&rsquo;op\u00e9ration<br \/>\nphase d&rsquo;anesth\u00e9sie<br \/>\nExtraction de follicules<br \/>\nS\u00e9paration de follicules ou tranches<br \/>\nStade de culture folliculaire<\/p>\n<h1>R\u00e9sultats de la greffe de cheveux :<\/h1>\n<p>Apr\u00e8s l&rsquo;op\u00e9ration, vous pourriez \u00eatre surpris par la perte de cheveux au premier stade, avant que les follicules greff\u00e9s ne repoussent et que les cheveux ne commencent \u00e0 appara\u00eetre.<\/p>\n","protected":false},"excerpt":{"rendered":"<p>Greffe De Cheveux Pour Femme : Pour les femmes, la greffe de cheveux se fait de mani\u00e8re classique. Vous n&rsquo;avez pas besoin de raser les cheveux, sauf cas exceptionnel, car la zone donneuse se situe en dessous des cheveux longs, c&rsquo;est-\u00e0-dire qu&rsquo;elle n&rsquo;est pas visible. Comment se d\u00e9roule la greffe de cheveux ? \u00c9tapes du&hellip;<\/p>\n","protected":false},"author":2,"featured_media":0,"parent":0,"menu_order":0,"comment_status":"closed","ping_status":"closed","template":"","meta":[],"yoast_head":"<!-- This site is optimized with the Yoast SEO plugin v18.8 - https:\/\/yoast.com\/wordpress\/plugins\/seo\/ -->\n<title>Greffe De Cheveux Pour Femme - BMS Clinics<\/title>\n<meta name=\"robots\" content=\"index, follow, max-snippet:-1, max-image-preview:large, max-video-preview:-1\" \/>\n<link rel=\"canonical\" href=\"https:\/\/bmsclinics.com\/fr\/hair-transplant-for-women\/\" \/>\n<meta property=\"og:locale\" content=\"fr_FR\" \/>\n<meta property=\"og:type\" content=\"article\" \/>\n<meta property=\"og:title\" content=\"Greffe De Cheveux Pour Femme - BMS Clinics\" \/>\n<meta property=\"og:description\" content=\"Greffe De Cheveux Pour Femme : Pour les femmes, la greffe de cheveux se fait de mani\u00e8re classique. Vous n&rsquo;avez pas besoin de raser les cheveux, sauf cas exceptionnel, car la zone donneuse se situe en dessous des cheveux longs, c&rsquo;est-\u00e0-dire qu&rsquo;elle n&rsquo;est pas visible. Comment se d\u00e9roule la greffe de cheveux ? \u00c9tapes du&hellip;\" \/>\n<meta property=\"og:url\" content=\"https:\/\/bmsclinics.com\/fr\/hair-transplant-for-women\/\" \/>\n<meta property=\"og:site_name\" content=\"BMS Clinics\" \/>\n<meta property=\"article:modified_time\" content=\"2022-08-09T09:41:22+00:00\" \/>\n<meta property=\"og:image\" content=\"https:\/\/bmsclinics.com\/wp-content\/uploads\/2019\/11\/%D8%B2%D8%B1%D8%A7%D8%B9%D8%A9-%D8%A7%D9%84%D8%B4%D8%B9%D8%B1-%D9%84%D9%84%D9%86%D8%B3%D8%A7%D8%A1-600x300.jpg\" \/>\n<meta name=\"twitter:card\" content=\"summary_large_image\" \/>\n<meta name=\"twitter:label1\" content=\"Dur\u00e9e de lecture estim\u00e9e\" \/>\n\t<meta name=\"twitter:data1\" content=\"1 minute\" \/>\n<script type=\"application\/ld+json\" class=\"yoast-schema-graph\">{\"@context\":\"https:\/\/schema.org\",\"@graph\":[{\"@type\":\"WebSite\",\"@id\":\"https:\/\/bmsclinics.com\/#website\",\"url\":\"https:\/\/bmsclinics.com\/\",\"name\":\"BMS Clinics\",\"description\":\"\",\"potentialAction\":[{\"@type\":\"SearchAction\",\"target\":{\"@type\":\"EntryPoint\",\"urlTemplate\":\"https:\/\/bmsclinics.com\/?s={search_term_string}\"},\"query-input\":\"required name=search_term_string\"}],\"inLanguage\":\"fr-FR\"},{\"@type\":\"ImageObject\",\"inLanguage\":\"fr-FR\",\"@id\":\"https:\/\/bmsclinics.com\/fr\/hair-transplant-for-women\/#primaryimage\",\"url\":\"https:\/\/bmsclinics.com\/wp-content\/uploads\/2019\/11\/%D8%B2%D8%B1%D8%A7%D8%B9%D8%A9-%D8%A7%D9%84%D8%B4%D8%B9%D8%B1-%D9%84%D9%84%D9%86%D8%B3%D8%A7%D8%A1-600x300.jpg\",\"contentUrl\":\"https:\/\/bmsclinics.com\/wp-content\/uploads\/2019\/11\/%D8%B2%D8%B1%D8%A7%D8%B9%D8%A9-%D8%A7%D9%84%D8%B4%D8%B9%D8%B1-%D9%84%D9%84%D9%86%D8%B3%D8%A7%D8%A1-600x300.jpg\"},{\"@type\":\"WebPage\",\"@id\":\"https:\/\/bmsclinics.com\/fr\/hair-transplant-for-women\/#webpage\",\"url\":\"https:\/\/bmsclinics.com\/fr\/hair-transplant-for-women\/\",\"name\":\"Greffe De Cheveux Pour Femme - BMS Clinics\",\"isPartOf\":{\"@id\":\"https:\/\/bmsclinics.com\/#website\"},\"primaryImageOfPage\":{\"@id\":\"https:\/\/bmsclinics.com\/fr\/hair-transplant-for-women\/#primaryimage\"},\"datePublished\":\"2019-10-30T13:10:14+00:00\",\"dateModified\":\"2022-08-09T09:41:22+00:00\",\"breadcrumb\":{\"@id\":\"https:\/\/bmsclinics.com\/fr\/hair-transplant-for-women\/#breadcrumb\"},\"inLanguage\":\"fr-FR\",\"potentialAction\":[{\"@type\":\"ReadAction\",\"target\":[\"https:\/\/bmsclinics.com\/fr\/hair-transplant-for-women\/\"]}]},{\"@type\":\"BreadcrumbList\",\"@id\":\"https:\/\/bmsclinics.com\/fr\/hair-transplant-for-women\/#breadcrumb\",\"itemListElement\":[{\"@type\":\"ListItem\",\"position\":1,\"name\":\"Home\",\"item\":\"https:\/\/bmsclinics.com\/fr\/\"},{\"@type\":\"ListItem\",\"position\":2,\"name\":\"Greffe De Cheveux Pour Femme\"}]}]}<\/script>\n<!-- \/ Yoast SEO plugin. -->","yoast_head_json":{"title":"Greffe De Cheveux Pour Femme - BMS Clinics","robots":{"index":"index","follow":"follow","max-snippet":"max-snippet:-1","max-image-preview":"max-image-preview:large","max-video-preview":"max-video-preview:-1"},"canonical":"https:\/\/bmsclinics.com\/fr\/hair-transplant-for-women\/","og_locale":"fr_FR","og_type":"article","og_title":"Greffe De Cheveux Pour Femme - BMS Clinics","og_description":"Greffe De Cheveux Pour Femme : Pour les femmes, la greffe de cheveux se fait de mani\u00e8re classique. Vous n&rsquo;avez pas besoin de raser les cheveux, sauf cas exceptionnel, car la zone donneuse se situe en dessous des cheveux longs, c&rsquo;est-\u00e0-dire qu&rsquo;elle n&rsquo;est pas visible. Comment se d\u00e9roule la greffe de cheveux ? \u00c9tapes du&hellip;","og_url":"https:\/\/bmsclinics.com\/fr\/hair-transplant-for-women\/","og_site_name":"BMS Clinics","article_modified_time":"2022-08-09T09:41:22+00:00","og_image":[{"url":"https:\/\/bmsclinics.com\/wp-content\/uploads\/2019\/11\/%D8%B2%D8%B1%D8%A7%D8%B9%D8%A9-%D8%A7%D9%84%D8%B4%D8%B9%D8%B1-%D9%84%D9%84%D9%86%D8%B3%D8%A7%D8%A1-600x300.jpg"}],"twitter_card":"summary_large_image","twitter_misc":{"Dur\u00e9e de lecture estim\u00e9e":"1 minute"},"schema":{"@context":"https:\/\/schema.org","@graph":[{"@type":"WebSite","@id":"https:\/\/bmsclinics.com\/#website","url":"https:\/\/bmsclinics.com\/","name":"BMS Clinics","description":"","potentialAction":[{"@type":"SearchAction","target":{"@type":"EntryPoint","urlTemplate":"https:\/\/bmsclinics.com\/?s={search_term_string}"},"query-input":"required name=search_term_string"}],"inLanguage":"fr-FR"},{"@type":"ImageObject","inLanguage":"fr-FR","@id":"https:\/\/bmsclinics.com\/fr\/hair-transplant-for-women\/#primaryimage","url":"https:\/\/bmsclinics.com\/wp-content\/uploads\/2019\/11\/%D8%B2%D8%B1%D8%A7%D8%B9%D8%A9-%D8%A7%D9%84%D8%B4%D8%B9%D8%B1-%D9%84%D9%84%D9%86%D8%B3%D8%A7%D8%A1-600x300.jpg","contentUrl":"https:\/\/bmsclinics.com\/wp-content\/uploads\/2019\/11\/%D8%B2%D8%B1%D8%A7%D8%B9%D8%A9-%D8%A7%D9%84%D8%B4%D8%B9%D8%B1-%D9%84%D9%84%D9%86%D8%B3%D8%A7%D8%A1-600x300.jpg"},{"@type":"WebPage","@id":"https:\/\/bmsclinics.com\/fr\/hair-transplant-for-women\/#webpage","url":"https:\/\/bmsclinics.com\/fr\/hair-transplant-for-women\/","name":"Greffe De Cheveux Pour Femme - BMS Clinics","isPartOf":{"@id":"https:\/\/bmsclinics.com\/#website"},"primaryImageOfPage":{"@id":"https:\/\/bmsclinics.com\/fr\/hair-transplant-for-women\/#primaryimage"},"datePublished":"2019-10-30T13:10:14+00:00","dateModified":"2022-08-09T09:41:22+00:00","breadcrumb":{"@id":"https:\/\/bmsclinics.com\/fr\/hair-transplant-for-women\/#breadcrumb"},"inLanguage":"fr-FR","potentialAction":[{"@type":"ReadAction","target":["https:\/\/bmsclinics.com\/fr\/hair-transplant-for-women\/"]}]},{"@type":"BreadcrumbList","@id":"https:\/\/bmsclinics.com\/fr\/hair-transplant-for-women\/#breadcrumb","itemListElement":[{"@type":"ListItem","position":1,"name":"Home","item":"https:\/\/bmsclinics.com\/fr\/"},{"@type":"ListItem","position":2,"name":"Greffe De Cheveux Pour Femme"}]}]}},"_links":{"self":[{"href":"https:\/\/bmsclinics.com\/fr\/wp-json\/wp\/v2\/pages\/341\/"}],"collection":[{"href":"https:\/\/bmsclinics.com\/fr\/wp-json\/wp\/v2\/pages\/"}],"about":[{"href":"https:\/\/bmsclinics.com\/fr\/wp-json\/wp\/v2\/types\/page\/"}],"author":[{"embeddable":true,"href":"https:\/\/bmsclinics.com\/fr\/wp-json\/wp\/v2\/users\/2\/"}],"replies":[{"embeddable":true,"href":"https:\/\/bmsclinics.com\/fr\/wp-json\/wp\/v2\/comments\/?post=341"}],"version-history":[{"count":3,"href":"https:\/\/bmsclinics.com\/fr\/wp-json\/wp\/v2\/pages\/341\/revisions\/"}],"predecessor-version":[{"id":2352,"href":"https:\/\/bmsclinics.com\/fr\/wp-json\/wp\/v2\/pages\/341\/revisions\/2352\/"}],"wp:attachment":[{"href":"https:\/\/bmsclinics.com\/fr\/wp-json\/wp\/v2\/media\/?parent=341"}],"curies":[{"name":"wp","href":"https:\/\/api.w.org\/{rel}","templated":true}]}}