{"id":337,"date":"2019-10-30T13:08:55","date_gmt":"2019-10-30T13:08:55","guid":{"rendered":"https:\/\/bmsclinics.com\/?page_id=337"},"modified":"2022-08-09T09:16:27","modified_gmt":"2022-08-09T09:16:27","slug":"hair-transplant-for-men","status":"publish","type":"page","link":"https:\/\/bmsclinics.com\/fr\/hair-transplant-for-men\/","title":{"rendered":"Greffe De Cheveux Pour Hommes :"},"content":{"rendered":"<h2><strong>Greffe De Cheveux Pour Hommes :<\/strong><\/h2>\n<p><img src=\"https:\/\/bmsclinics.com\/wp-content\/uploads\/2019\/11\/%D8%B9%D9%84%D8%A7%D8%AC-%D8%A7%D9%84%D8%B5%D9%84%D8%B9-%D8%A7%D9%84%D9%88%D8%B1%D8%A7%D8%AB%D9%8A-825x510-600x300.jpg\" alt=\"\u0639\u0644\u0627\u062c-\u0627\u0644\u0635\u0644\u0639-\u0627\u0644\u0648\u0631\u0627\u062b\u064a-825x510\" \/><\/p>\n<p>Jour apr\u00e8s jour, le nombre de personnes qui souffrent de perte de cheveux \u00e0 un \u00e2ge pr\u00e9coce augmente pour des raisons (h\u00e9r\u00e9ditaires ou non g\u00e9n\u00e9tiques) telles que la calvitie g\u00e9n\u00e9tique et l&rsquo;alop\u00e9cie, et la calvitie r\u00e9sultant des sympt\u00f4mes du traitement, qui est consid\u00e9r\u00e9e comme l&rsquo;une des causes les plus importantes. de la perte de cheveux et c&rsquo;est ce qui incite tous ceux qui souffrent de ces sympt\u00f4mes \u00e0 rechercher un traitement ou une solution d\u00e9finitive au probl\u00e8me de la pr\u00e9cipitation, qui a non seulement un impact sur la sant\u00e9, mais surtout un impact psychologique sur le patient. La greffe de cheveux pour hommes en Turquie est devenue la seule solution pour de nombreux hommes souffrant de perte de cheveux, gr\u00e2ce \u00e0 la grande exp\u00e9rience des m\u00e9decins travaillant dans ce domaine qui ont prouv\u00e9 leur capacit\u00e9 \u00e0 obtenir les meilleurs r\u00e9sultats, et il existe des milliers d&rsquo;exp\u00e9riences r\u00e9ussies et ils augmentent de jour en jour.<\/p>\n<h2><strong>Des injections pour traiter les probl\u00e8mes capillaires<\/strong><\/h2>\n<p>Diverses injections de cheveux se sont impos\u00e9es dans le traitement de ses probl\u00e8mes, dont le plus important est le mauvais \u00e9tat des cheveux, son manque de nutrition et sa chute \u00e0 cause de cela.Par cons\u00e9quent, la cible la plus importante de la substance inject\u00e9e est souvent le des follicules pileux vivent d\u00e9j\u00e0 sous le cuir chevelu, mais ils sont \u00e9puis\u00e9s ou affaiblis, entra\u00eenant des cheveux d\u00e9labr\u00e9s ou incapables de r\u00e9cup\u00e9rer leur production.<\/p>\n<p>Il existe de nombreux mat\u00e9riaux utilis\u00e9s dans les injections, comme le plasma, qui est une substance naturelle que le m\u00e9decin extrait et s\u00e9pare de la personne elle-m\u00eame. Il est riche en nutriments, vitamines et mat\u00e9riaux utiles \u00e0 la croissance des cheveux. Il est cens\u00e9 l&rsquo;atteindre avec la circulation sanguine, mais par injection, il est d\u00e9livr\u00e9 plus rapidement et concentr\u00e9 sur les follicules.<\/p>\n<p>D&rsquo;autres mat\u00e9riaux, comme le filler qui est inject\u00e9 dans le cuir chevelu, peuvent \u00eatre inject\u00e9s dans le but de donner de la densit\u00e9 et de l&rsquo;\u00e9paisseur aux cheveux, ce qui contribue \u00e0 r\u00e9soudre de nombreux probl\u00e8mes comme les cheveux clairs, ce qui donne aux cheveux un aspect d\u00e9sagr\u00e9able.<\/p>\n","protected":false},"excerpt":{"rendered":"<p>Greffe De Cheveux Pour Hommes : Jour apr\u00e8s jour, le nombre de personnes qui souffrent de perte de cheveux \u00e0 un \u00e2ge pr\u00e9coce augmente pour des raisons (h\u00e9r\u00e9ditaires ou non g\u00e9n\u00e9tiques) telles que la calvitie g\u00e9n\u00e9tique et l&rsquo;alop\u00e9cie, et la calvitie r\u00e9sultant des sympt\u00f4mes du traitement, qui est consid\u00e9r\u00e9e comme l&rsquo;une des causes les plus&hellip;<\/p>\n","protected":false},"author":2,"featured_media":0,"parent":0,"menu_order":0,"comment_status":"closed","ping_status":"closed","template":"","meta":[],"yoast_head":"<!-- This site is optimized with the Yoast SEO plugin v18.8 - https:\/\/yoast.com\/wordpress\/plugins\/seo\/ -->\n<title>Greffe De Cheveux Pour Hommes : - BMS Clinics<\/title>\n<meta name=\"robots\" content=\"index, follow, max-snippet:-1, max-image-preview:large, max-video-preview:-1\" \/>\n<link rel=\"canonical\" href=\"https:\/\/bmsclinics.com\/fr\/hair-transplant-for-men\/\" \/>\n<meta property=\"og:locale\" content=\"fr_FR\" \/>\n<meta property=\"og:type\" content=\"article\" \/>\n<meta property=\"og:title\" content=\"Greffe De Cheveux Pour Hommes : - BMS Clinics\" \/>\n<meta property=\"og:description\" content=\"Greffe De Cheveux Pour Hommes : Jour apr\u00e8s jour, le nombre de personnes qui souffrent de perte de cheveux \u00e0 un \u00e2ge pr\u00e9coce augmente pour des raisons (h\u00e9r\u00e9ditaires ou non g\u00e9n\u00e9tiques) telles que la calvitie g\u00e9n\u00e9tique et l&rsquo;alop\u00e9cie, et la calvitie r\u00e9sultant des sympt\u00f4mes du traitement, qui est consid\u00e9r\u00e9e comme l&rsquo;une des causes les plus&hellip;\" \/>\n<meta property=\"og:url\" content=\"https:\/\/bmsclinics.com\/fr\/hair-transplant-for-men\/\" \/>\n<meta property=\"og:site_name\" content=\"BMS Clinics\" \/>\n<meta property=\"article:modified_time\" content=\"2022-08-09T09:16:27+00:00\" \/>\n<meta property=\"og:image\" content=\"https:\/\/bmsclinics.com\/wp-content\/uploads\/2019\/11\/%D8%B9%D9%84%D8%A7%D8%AC-%D8%A7%D9%84%D8%B5%D9%84%D8%B9-%D8%A7%D9%84%D9%88%D8%B1%D8%A7%D8%AB%D9%8A-825x510-600x300.jpg\" \/>\n<meta name=\"twitter:card\" content=\"summary_large_image\" \/>\n<meta name=\"twitter:label1\" content=\"Dur\u00e9e de lecture estim\u00e9e\" \/>\n\t<meta name=\"twitter:data1\" content=\"2 minutes\" \/>\n<script type=\"application\/ld+json\" class=\"yoast-schema-graph\">{\"@context\":\"https:\/\/schema.org\",\"@graph\":[{\"@type\":\"WebSite\",\"@id\":\"https:\/\/bmsclinics.com\/#website\",\"url\":\"https:\/\/bmsclinics.com\/\",\"name\":\"BMS Clinics\",\"description\":\"\",\"potentialAction\":[{\"@type\":\"SearchAction\",\"target\":{\"@type\":\"EntryPoint\",\"urlTemplate\":\"https:\/\/bmsclinics.com\/?s={search_term_string}\"},\"query-input\":\"required name=search_term_string\"}],\"inLanguage\":\"fr-FR\"},{\"@type\":\"ImageObject\",\"inLanguage\":\"fr-FR\",\"@id\":\"https:\/\/bmsclinics.com\/fr\/hair-transplant-for-men\/#primaryimage\",\"url\":\"https:\/\/bmsclinics.com\/wp-content\/uploads\/2019\/11\/%D8%B9%D9%84%D8%A7%D8%AC-%D8%A7%D9%84%D8%B5%D9%84%D8%B9-%D8%A7%D9%84%D9%88%D8%B1%D8%A7%D8%AB%D9%8A-825x510-600x300.jpg\",\"contentUrl\":\"https:\/\/bmsclinics.com\/wp-content\/uploads\/2019\/11\/%D8%B9%D9%84%D8%A7%D8%AC-%D8%A7%D9%84%D8%B5%D9%84%D8%B9-%D8%A7%D9%84%D9%88%D8%B1%D8%A7%D8%AB%D9%8A-825x510-600x300.jpg\"},{\"@type\":\"WebPage\",\"@id\":\"https:\/\/bmsclinics.com\/fr\/hair-transplant-for-men\/#webpage\",\"url\":\"https:\/\/bmsclinics.com\/fr\/hair-transplant-for-men\/\",\"name\":\"Greffe De Cheveux Pour Hommes : - BMS Clinics\",\"isPartOf\":{\"@id\":\"https:\/\/bmsclinics.com\/#website\"},\"primaryImageOfPage\":{\"@id\":\"https:\/\/bmsclinics.com\/fr\/hair-transplant-for-men\/#primaryimage\"},\"datePublished\":\"2019-10-30T13:08:55+00:00\",\"dateModified\":\"2022-08-09T09:16:27+00:00\",\"breadcrumb\":{\"@id\":\"https:\/\/bmsclinics.com\/fr\/hair-transplant-for-men\/#breadcrumb\"},\"inLanguage\":\"fr-FR\",\"potentialAction\":[{\"@type\":\"ReadAction\",\"target\":[\"https:\/\/bmsclinics.com\/fr\/hair-transplant-for-men\/\"]}]},{\"@type\":\"BreadcrumbList\",\"@id\":\"https:\/\/bmsclinics.com\/fr\/hair-transplant-for-men\/#breadcrumb\",\"itemListElement\":[{\"@type\":\"ListItem\",\"position\":1,\"name\":\"Home\",\"item\":\"https:\/\/bmsclinics.com\/fr\/\"},{\"@type\":\"ListItem\",\"position\":2,\"name\":\"Greffe De Cheveux Pour Hommes :\"}]}]}<\/script>\n<!-- \/ Yoast SEO plugin. -->","yoast_head_json":{"title":"Greffe De Cheveux Pour Hommes : - BMS Clinics","robots":{"index":"index","follow":"follow","max-snippet":"max-snippet:-1","max-image-preview":"max-image-preview:large","max-video-preview":"max-video-preview:-1"},"canonical":"https:\/\/bmsclinics.com\/fr\/hair-transplant-for-men\/","og_locale":"fr_FR","og_type":"article","og_title":"Greffe De Cheveux Pour Hommes : - BMS Clinics","og_description":"Greffe De Cheveux Pour Hommes : Jour apr\u00e8s jour, le nombre de personnes qui souffrent de perte de cheveux \u00e0 un \u00e2ge pr\u00e9coce augmente pour des raisons (h\u00e9r\u00e9ditaires ou non g\u00e9n\u00e9tiques) telles que la calvitie g\u00e9n\u00e9tique et l&rsquo;alop\u00e9cie, et la calvitie r\u00e9sultant des sympt\u00f4mes du traitement, qui est consid\u00e9r\u00e9e comme l&rsquo;une des causes les plus&hellip;","og_url":"https:\/\/bmsclinics.com\/fr\/hair-transplant-for-men\/","og_site_name":"BMS Clinics","article_modified_time":"2022-08-09T09:16:27+00:00","og_image":[{"url":"https:\/\/bmsclinics.com\/wp-content\/uploads\/2019\/11\/%D8%B9%D9%84%D8%A7%D8%AC-%D8%A7%D9%84%D8%B5%D9%84%D8%B9-%D8%A7%D9%84%D9%88%D8%B1%D8%A7%D8%AB%D9%8A-825x510-600x300.jpg"}],"twitter_card":"summary_large_image","twitter_misc":{"Dur\u00e9e de lecture estim\u00e9e":"2 minutes"},"schema":{"@context":"https:\/\/schema.org","@graph":[{"@type":"WebSite","@id":"https:\/\/bmsclinics.com\/#website","url":"https:\/\/bmsclinics.com\/","name":"BMS Clinics","description":"","potentialAction":[{"@type":"SearchAction","target":{"@type":"EntryPoint","urlTemplate":"https:\/\/bmsclinics.com\/?s={search_term_string}"},"query-input":"required name=search_term_string"}],"inLanguage":"fr-FR"},{"@type":"ImageObject","inLanguage":"fr-FR","@id":"https:\/\/bmsclinics.com\/fr\/hair-transplant-for-men\/#primaryimage","url":"https:\/\/bmsclinics.com\/wp-content\/uploads\/2019\/11\/%D8%B9%D9%84%D8%A7%D8%AC-%D8%A7%D9%84%D8%B5%D9%84%D8%B9-%D8%A7%D9%84%D9%88%D8%B1%D8%A7%D8%AB%D9%8A-825x510-600x300.jpg","contentUrl":"https:\/\/bmsclinics.com\/wp-content\/uploads\/2019\/11\/%D8%B9%D9%84%D8%A7%D8%AC-%D8%A7%D9%84%D8%B5%D9%84%D8%B9-%D8%A7%D9%84%D9%88%D8%B1%D8%A7%D8%AB%D9%8A-825x510-600x300.jpg"},{"@type":"WebPage","@id":"https:\/\/bmsclinics.com\/fr\/hair-transplant-for-men\/#webpage","url":"https:\/\/bmsclinics.com\/fr\/hair-transplant-for-men\/","name":"Greffe De Cheveux Pour Hommes : - BMS Clinics","isPartOf":{"@id":"https:\/\/bmsclinics.com\/#website"},"primaryImageOfPage":{"@id":"https:\/\/bmsclinics.com\/fr\/hair-transplant-for-men\/#primaryimage"},"datePublished":"2019-10-30T13:08:55+00:00","dateModified":"2022-08-09T09:16:27+00:00","breadcrumb":{"@id":"https:\/\/bmsclinics.com\/fr\/hair-transplant-for-men\/#breadcrumb"},"inLanguage":"fr-FR","potentialAction":[{"@type":"ReadAction","target":["https:\/\/bmsclinics.com\/fr\/hair-transplant-for-men\/"]}]},{"@type":"BreadcrumbList","@id":"https:\/\/bmsclinics.com\/fr\/hair-transplant-for-men\/#breadcrumb","itemListElement":[{"@type":"ListItem","position":1,"name":"Home","item":"https:\/\/bmsclinics.com\/fr\/"},{"@type":"ListItem","position":2,"name":"Greffe De Cheveux Pour Hommes :"}]}]}},"_links":{"self":[{"href":"https:\/\/bmsclinics.com\/fr\/wp-json\/wp\/v2\/pages\/337\/"}],"collection":[{"href":"https:\/\/bmsclinics.com\/fr\/wp-json\/wp\/v2\/pages\/"}],"about":[{"href":"https:\/\/bmsclinics.com\/fr\/wp-json\/wp\/v2\/types\/page\/"}],"author":[{"embeddable":true,"href":"https:\/\/bmsclinics.com\/fr\/wp-json\/wp\/v2\/users\/2\/"}],"replies":[{"embeddable":true,"href":"https:\/\/bmsclinics.com\/fr\/wp-json\/wp\/v2\/comments\/?post=337"}],"version-history":[{"count":6,"href":"https:\/\/bmsclinics.com\/fr\/wp-json\/wp\/v2\/pages\/337\/revisions\/"}],"predecessor-version":[{"id":2345,"href":"https:\/\/bmsclinics.com\/fr\/wp-json\/wp\/v2\/pages\/337\/revisions\/2345\/"}],"wp:attachment":[{"href":"https:\/\/bmsclinics.com\/fr\/wp-json\/wp\/v2\/media\/?parent=337"}],"curies":[{"name":"wp","href":"https:\/\/api.w.org\/{rel}","templated":true}]}}