{"id":329,"date":"2019-10-30T13:06:22","date_gmt":"2019-10-30T13:06:22","guid":{"rendered":"https:\/\/bmsclinics.com\/?page_id=329"},"modified":"2022-08-17T09:27:47","modified_gmt":"2022-08-17T09:27:47","slug":"eyebrow-transplant","status":"publish","type":"page","link":"https:\/\/bmsclinics.com\/fr\/eyebrow-transplant\/","title":{"rendered":"Greffe De Sourcils"},"content":{"rendered":"<div id=\"tw-target-text-container\" class=\"tw-ta-container F0azHf tw-nfl\" tabindex=\"0\">\n<h1 id=\"tw-target-text\" class=\"tw-data-text tw-text-large tw-ta\" dir=\"ltr\" data-placeholder=\"Translation\"><span class=\"Y2IQFc\" lang=\"fr\">Comment se d\u00e9roule la greffe de sourcils ?<\/span><\/h1>\n<p><img src=\"https:\/\/bmsclinics.com\/wp-content\/uploads\/2019\/11\/%D8%A8%D8%B9%D8%AF-%D8%B9%D9%85%D9%84%D9%8A%D8%A9-%D8%B2%D8%B1%D8%A7%D8%B9%D8%A9-%D8%A7%D9%84%D8%AD%D9%88%D8%A7%D8%AC%D8%A8-Custom-600x300.jpg\" alt=\"\u0628\u0639\u062f-\u0639\u0645\u0644\u064a\u0629-\u0632\u0631\u0627\u0639\u0629-\u0627\u0644\u062d\u0648\u0627\u062c\u0628-Custom\" \/><\/p>\n<p>&nbsp;<\/p>\n<\/div>\n<div id=\"tw-target-rmn-container\" class=\"tw-target-rmn tw-ta-container F0azHf tw-nfl\">\n<p>La greffe de sourcils est une proc\u00e9dure cosm\u00e9tique dans laquelle les follicules pileux (bouchons) sont d\u00e9plac\u00e9s vers la zone des sourcils. L&rsquo;objectif est que de nouveaux cheveux poussent \u00e0 partir de ces greffes, ce qui donne une apparence plus compl\u00e8te.<\/p>\n<h1>La proc\u00e9dure :<\/h1>\n<p>La proc\u00e9dure actuelle est similaire \u00e0 une greffe de cheveux traditionnelle, o\u00f9 les greffes de sourcils sont pr\u00e9lev\u00e9es sur les cheveux au-dessus de vos oreilles. Le chirurgien transf\u00e8re non seulement des cheveux individuels, mais \u00e9galement des follicules pileux. Cela permet de s&rsquo;assurer que de nouveaux poils peuvent pousser dans vos sourcils une fois que les premiers poils transf\u00e9r\u00e9s sont tomb\u00e9s. Apr\u00e8s une anesth\u00e9sie g\u00e9n\u00e9rale, le chirurgien pratiquera de petites incisions dans les sites donneurs de follicules, ainsi qu&rsquo;aux sites de greffe de sourcils. L&rsquo;ensemble du processus prend environ 2 \u00e0 3 heures.<\/p>\n<\/div>\n<div class=\"iYB33c\">\n<div class=\"dlJLJe\">\n<div data-cviv=\"true\" data-ved=\"2ahUKEwiexuHlsc35AhXN7rsIHTgBDo0Qz_AEegQIAhAP\">\n<div class=\"U9URNb\"><\/div>\n<\/div>\n<\/div>\n<div id=\"tw-tmenu\" class=\"tw-menu\"><\/div>\n<\/div>\n","protected":false},"excerpt":{"rendered":"<p>Comment se d\u00e9roule la greffe de sourcils ? &nbsp; La greffe de sourcils est une proc\u00e9dure cosm\u00e9tique dans laquelle les follicules pileux (bouchons) sont d\u00e9plac\u00e9s vers la zone des sourcils. L&rsquo;objectif est que de nouveaux cheveux poussent \u00e0 partir de ces greffes, ce qui donne une apparence plus compl\u00e8te. La proc\u00e9dure : La proc\u00e9dure actuelle&hellip;<\/p>\n","protected":false},"author":2,"featured_media":0,"parent":0,"menu_order":0,"comment_status":"closed","ping_status":"closed","template":"","meta":[],"yoast_head":"<!-- This site is optimized with the Yoast SEO plugin v18.8 - https:\/\/yoast.com\/wordpress\/plugins\/seo\/ -->\n<title>Greffe De Sourcils - BMS Clinics<\/title>\n<meta name=\"robots\" content=\"index, follow, max-snippet:-1, max-image-preview:large, max-video-preview:-1\" \/>\n<link rel=\"canonical\" href=\"https:\/\/bmsclinics.com\/fr\/eyebrow-transplant\/\" \/>\n<meta property=\"og:locale\" content=\"fr_FR\" \/>\n<meta property=\"og:type\" content=\"article\" \/>\n<meta property=\"og:title\" content=\"Greffe De Sourcils - BMS Clinics\" \/>\n<meta property=\"og:description\" content=\"Comment se d\u00e9roule la greffe de sourcils ? &nbsp; La greffe de sourcils est une proc\u00e9dure cosm\u00e9tique dans laquelle les follicules pileux (bouchons) sont d\u00e9plac\u00e9s vers la zone des sourcils. L&rsquo;objectif est que de nouveaux cheveux poussent \u00e0 partir de ces greffes, ce qui donne une apparence plus compl\u00e8te. La proc\u00e9dure : La proc\u00e9dure actuelle&hellip;\" \/>\n<meta property=\"og:url\" content=\"https:\/\/bmsclinics.com\/fr\/eyebrow-transplant\/\" \/>\n<meta property=\"og:site_name\" content=\"BMS Clinics\" \/>\n<meta property=\"article:modified_time\" content=\"2022-08-17T09:27:47+00:00\" \/>\n<meta property=\"og:image\" content=\"https:\/\/bmsclinics.com\/wp-content\/uploads\/2019\/11\/%D8%A8%D8%B9%D8%AF-%D8%B9%D9%85%D9%84%D9%8A%D8%A9-%D8%B2%D8%B1%D8%A7%D8%B9%D8%A9-%D8%A7%D9%84%D8%AD%D9%88%D8%A7%D8%AC%D8%A8-Custom-600x300.jpg\" \/>\n<meta name=\"twitter:card\" content=\"summary_large_image\" \/>\n<meta name=\"twitter:label1\" content=\"Dur\u00e9e de lecture estim\u00e9e\" \/>\n\t<meta name=\"twitter:data1\" content=\"1 minute\" \/>\n<script type=\"application\/ld+json\" class=\"yoast-schema-graph\">{\"@context\":\"https:\/\/schema.org\",\"@graph\":[{\"@type\":\"WebSite\",\"@id\":\"https:\/\/bmsclinics.com\/#website\",\"url\":\"https:\/\/bmsclinics.com\/\",\"name\":\"BMS Clinics\",\"description\":\"\",\"potentialAction\":[{\"@type\":\"SearchAction\",\"target\":{\"@type\":\"EntryPoint\",\"urlTemplate\":\"https:\/\/bmsclinics.com\/?s={search_term_string}\"},\"query-input\":\"required name=search_term_string\"}],\"inLanguage\":\"fr-FR\"},{\"@type\":\"ImageObject\",\"inLanguage\":\"fr-FR\",\"@id\":\"https:\/\/bmsclinics.com\/fr\/eyebrow-transplant\/#primaryimage\",\"url\":\"https:\/\/bmsclinics.com\/wp-content\/uploads\/2019\/11\/%D8%A8%D8%B9%D8%AF-%D8%B9%D9%85%D9%84%D9%8A%D8%A9-%D8%B2%D8%B1%D8%A7%D8%B9%D8%A9-%D8%A7%D9%84%D8%AD%D9%88%D8%A7%D8%AC%D8%A8-Custom-600x300.jpg\",\"contentUrl\":\"https:\/\/bmsclinics.com\/wp-content\/uploads\/2019\/11\/%D8%A8%D8%B9%D8%AF-%D8%B9%D9%85%D9%84%D9%8A%D8%A9-%D8%B2%D8%B1%D8%A7%D8%B9%D8%A9-%D8%A7%D9%84%D8%AD%D9%88%D8%A7%D8%AC%D8%A8-Custom-600x300.jpg\"},{\"@type\":\"WebPage\",\"@id\":\"https:\/\/bmsclinics.com\/fr\/eyebrow-transplant\/#webpage\",\"url\":\"https:\/\/bmsclinics.com\/fr\/eyebrow-transplant\/\",\"name\":\"Greffe De Sourcils - BMS Clinics\",\"isPartOf\":{\"@id\":\"https:\/\/bmsclinics.com\/#website\"},\"primaryImageOfPage\":{\"@id\":\"https:\/\/bmsclinics.com\/fr\/eyebrow-transplant\/#primaryimage\"},\"datePublished\":\"2019-10-30T13:06:22+00:00\",\"dateModified\":\"2022-08-17T09:27:47+00:00\",\"breadcrumb\":{\"@id\":\"https:\/\/bmsclinics.com\/fr\/eyebrow-transplant\/#breadcrumb\"},\"inLanguage\":\"fr-FR\",\"potentialAction\":[{\"@type\":\"ReadAction\",\"target\":[\"https:\/\/bmsclinics.com\/fr\/eyebrow-transplant\/\"]}]},{\"@type\":\"BreadcrumbList\",\"@id\":\"https:\/\/bmsclinics.com\/fr\/eyebrow-transplant\/#breadcrumb\",\"itemListElement\":[{\"@type\":\"ListItem\",\"position\":1,\"name\":\"Home\",\"item\":\"https:\/\/bmsclinics.com\/fr\/\"},{\"@type\":\"ListItem\",\"position\":2,\"name\":\"Greffe De Sourcils\"}]}]}<\/script>\n<!-- \/ Yoast SEO plugin. -->","yoast_head_json":{"title":"Greffe De Sourcils - BMS Clinics","robots":{"index":"index","follow":"follow","max-snippet":"max-snippet:-1","max-image-preview":"max-image-preview:large","max-video-preview":"max-video-preview:-1"},"canonical":"https:\/\/bmsclinics.com\/fr\/eyebrow-transplant\/","og_locale":"fr_FR","og_type":"article","og_title":"Greffe De Sourcils - BMS Clinics","og_description":"Comment se d\u00e9roule la greffe de sourcils ? &nbsp; La greffe de sourcils est une proc\u00e9dure cosm\u00e9tique dans laquelle les follicules pileux (bouchons) sont d\u00e9plac\u00e9s vers la zone des sourcils. L&rsquo;objectif est que de nouveaux cheveux poussent \u00e0 partir de ces greffes, ce qui donne une apparence plus compl\u00e8te. La proc\u00e9dure : La proc\u00e9dure actuelle&hellip;","og_url":"https:\/\/bmsclinics.com\/fr\/eyebrow-transplant\/","og_site_name":"BMS Clinics","article_modified_time":"2022-08-17T09:27:47+00:00","og_image":[{"url":"https:\/\/bmsclinics.com\/wp-content\/uploads\/2019\/11\/%D8%A8%D8%B9%D8%AF-%D8%B9%D9%85%D9%84%D9%8A%D8%A9-%D8%B2%D8%B1%D8%A7%D8%B9%D8%A9-%D8%A7%D9%84%D8%AD%D9%88%D8%A7%D8%AC%D8%A8-Custom-600x300.jpg"}],"twitter_card":"summary_large_image","twitter_misc":{"Dur\u00e9e de lecture estim\u00e9e":"1 minute"},"schema":{"@context":"https:\/\/schema.org","@graph":[{"@type":"WebSite","@id":"https:\/\/bmsclinics.com\/#website","url":"https:\/\/bmsclinics.com\/","name":"BMS Clinics","description":"","potentialAction":[{"@type":"SearchAction","target":{"@type":"EntryPoint","urlTemplate":"https:\/\/bmsclinics.com\/?s={search_term_string}"},"query-input":"required name=search_term_string"}],"inLanguage":"fr-FR"},{"@type":"ImageObject","inLanguage":"fr-FR","@id":"https:\/\/bmsclinics.com\/fr\/eyebrow-transplant\/#primaryimage","url":"https:\/\/bmsclinics.com\/wp-content\/uploads\/2019\/11\/%D8%A8%D8%B9%D8%AF-%D8%B9%D9%85%D9%84%D9%8A%D8%A9-%D8%B2%D8%B1%D8%A7%D8%B9%D8%A9-%D8%A7%D9%84%D8%AD%D9%88%D8%A7%D8%AC%D8%A8-Custom-600x300.jpg","contentUrl":"https:\/\/bmsclinics.com\/wp-content\/uploads\/2019\/11\/%D8%A8%D8%B9%D8%AF-%D8%B9%D9%85%D9%84%D9%8A%D8%A9-%D8%B2%D8%B1%D8%A7%D8%B9%D8%A9-%D8%A7%D9%84%D8%AD%D9%88%D8%A7%D8%AC%D8%A8-Custom-600x300.jpg"},{"@type":"WebPage","@id":"https:\/\/bmsclinics.com\/fr\/eyebrow-transplant\/#webpage","url":"https:\/\/bmsclinics.com\/fr\/eyebrow-transplant\/","name":"Greffe De Sourcils - BMS Clinics","isPartOf":{"@id":"https:\/\/bmsclinics.com\/#website"},"primaryImageOfPage":{"@id":"https:\/\/bmsclinics.com\/fr\/eyebrow-transplant\/#primaryimage"},"datePublished":"2019-10-30T13:06:22+00:00","dateModified":"2022-08-17T09:27:47+00:00","breadcrumb":{"@id":"https:\/\/bmsclinics.com\/fr\/eyebrow-transplant\/#breadcrumb"},"inLanguage":"fr-FR","potentialAction":[{"@type":"ReadAction","target":["https:\/\/bmsclinics.com\/fr\/eyebrow-transplant\/"]}]},{"@type":"BreadcrumbList","@id":"https:\/\/bmsclinics.com\/fr\/eyebrow-transplant\/#breadcrumb","itemListElement":[{"@type":"ListItem","position":1,"name":"Home","item":"https:\/\/bmsclinics.com\/fr\/"},{"@type":"ListItem","position":2,"name":"Greffe De Sourcils"}]}]}},"_links":{"self":[{"href":"https:\/\/bmsclinics.com\/fr\/wp-json\/wp\/v2\/pages\/329\/"}],"collection":[{"href":"https:\/\/bmsclinics.com\/fr\/wp-json\/wp\/v2\/pages\/"}],"about":[{"href":"https:\/\/bmsclinics.com\/fr\/wp-json\/wp\/v2\/types\/page\/"}],"author":[{"embeddable":true,"href":"https:\/\/bmsclinics.com\/fr\/wp-json\/wp\/v2\/users\/2\/"}],"replies":[{"embeddable":true,"href":"https:\/\/bmsclinics.com\/fr\/wp-json\/wp\/v2\/comments\/?post=329"}],"version-history":[{"count":3,"href":"https:\/\/bmsclinics.com\/fr\/wp-json\/wp\/v2\/pages\/329\/revisions\/"}],"predecessor-version":[{"id":2403,"href":"https:\/\/bmsclinics.com\/fr\/wp-json\/wp\/v2\/pages\/329\/revisions\/2403\/"}],"wp:attachment":[{"href":"https:\/\/bmsclinics.com\/fr\/wp-json\/wp\/v2\/media\/?parent=329"}],"curies":[{"name":"wp","href":"https:\/\/api.w.org\/{rel}","templated":true}]}}