{"id":322,"date":"2019-10-30T13:03:14","date_gmt":"2019-10-30T13:03:14","guid":{"rendered":"https:\/\/bmsclinics.com\/?page_id=322"},"modified":"2022-08-25T08:47:50","modified_gmt":"2022-08-25T08:47:50","slug":"botox-injections","status":"publish","type":"page","link":"https:\/\/bmsclinics.com\/fr\/botox-injections\/","title":{"rendered":"Injections De Botox"},"content":{"rendered":"<h1>Qu&rsquo;est-ce que le Botox ?<\/h1>\n<p><img src=\"https:\/\/bmsclinics.com\/wp-content\/uploads\/2019\/11\/%D8%AD%D9%82%D9%86-%D8%A7%D9%84%D8%A8%D9%88%D8%AA%D9%83%D8%B3-%D9%84%D9%84%D9%88%D8%AC%D9%87-600x300.jpg\" alt=\"\u062d\u0642\u0646-\u0627\u0644\u0628\u0648\u062a\u0643\u0633-\u0644\u0644\u0648\u062c\u0647\" \/><\/p>\n<p>Le BOTOX est une substance qui contient de la toxine botulique produite par la bact\u00e9rie Clostridium Botulinum.Ces bact\u00e9ries sont class\u00e9es en cinq types principaux, dont le type A, car c&rsquo;est le type utilis\u00e9 en chirurgie esth\u00e9tique.<\/p>\n<p>Lorsqu&rsquo;elle est inject\u00e9e, cette substance agit pour d\u00e9tendre les muscles du visage, provoquant les rides qui sont principalement caus\u00e9es par la contraction musculaire en cas de stress, qui laissent des marques permanentes sur le visage au fil du temps.<\/p>\n<p>&nbsp;<\/p>\n<h1>Candidats aux injections de botox<\/h1>\n<p><img src=\"https:\/\/bmsclinics.com\/wp-content\/uploads\/2019\/11\/-%D8%A7%D9%84%D8%A8%D9%88%D8%AA%D9%88%D9%83%D8%B3-%D9%84%D9%84%D8%AA%D8%AC%D9%85%D9%8A%D9%84-e1573646776484-600x300.jpg\" alt=\"\u0627\u0644\u0628\u0644\u0627\u0632\u0645\u0627\" \/><\/p>\n<p>Un candidat potentiel pour une proc\u00e9dure de Botox facial est une personne qui remplit les conditions suivantes :<\/p>\n<ul>\n<li>Adulte d&rsquo;au moins trente ans, il est vrai qu&rsquo;Ashlee Simpson s&rsquo;est fait op\u00e9rer \u00e0 l&rsquo;\u00e2ge de 23 ans, mais disons que c&rsquo;est une sorte d&rsquo;exag\u00e9ration dans la peur de la vieillesse, et c&rsquo;est une exag\u00e9ration qui ne paiera pas en fait \u00e0 l&rsquo;arr\u00eat.<\/li>\n<li>Il n&rsquo;est allergique \u00e0 aucun des composants du Botox.<\/li>\n<li>Il ne doit souffrir d&rsquo;aucune maladie entrant dans la cat\u00e9gorie des maladies de faiblesse musculaire.<\/li>\n<li>Il ne doit pas souffrir de saignements en particulier, et il ne doit pas souffrir de maladies chroniques susceptibles d&rsquo;affecter son r\u00e9tablissement.<\/li>\n<li>\u00catre non-fumeur (fumer provoque des rides et rend difficile la r\u00e9cup\u00e9ration apr\u00e8s l&rsquo;op\u00e9ration).<\/li>\n<li>Il souffre de rides mineures au visage (de sorte qu&rsquo;elles n&rsquo;incluent pas d&rsquo;affaissement important de la peau ou des muscles faciaux, car ces cas ne fonctionneront pas beaucoup avec les injections de Botox du visage, et ils ont besoin d&rsquo;autres m\u00e9thodes de traitement telles qu&rsquo;un visage lever).<\/li>\n<\/ul>\n","protected":false},"excerpt":{"rendered":"<p>Qu&rsquo;est-ce que le Botox ? Le BOTOX est une substance qui contient de la toxine botulique produite par la bact\u00e9rie Clostridium Botulinum.Ces bact\u00e9ries sont class\u00e9es en cinq types principaux, dont le type A, car c&rsquo;est le type utilis\u00e9 en chirurgie esth\u00e9tique. Lorsqu&rsquo;elle est inject\u00e9e, cette substance agit pour d\u00e9tendre les muscles du visage, provoquant les&hellip;<\/p>\n","protected":false},"author":2,"featured_media":0,"parent":0,"menu_order":0,"comment_status":"closed","ping_status":"closed","template":"","meta":[],"yoast_head":"<!-- This site is optimized with the Yoast SEO plugin v18.8 - https:\/\/yoast.com\/wordpress\/plugins\/seo\/ -->\n<title>Injections De Botox - BMS Clinics<\/title>\n<meta name=\"robots\" content=\"index, follow, max-snippet:-1, max-image-preview:large, max-video-preview:-1\" \/>\n<link rel=\"canonical\" href=\"https:\/\/bmsclinics.com\/fr\/botox-injections\/\" \/>\n<meta property=\"og:locale\" content=\"fr_FR\" \/>\n<meta property=\"og:type\" content=\"article\" \/>\n<meta property=\"og:title\" content=\"Injections De Botox - BMS Clinics\" \/>\n<meta property=\"og:description\" content=\"Qu&rsquo;est-ce que le Botox ? Le BOTOX est une substance qui contient de la toxine botulique produite par la bact\u00e9rie Clostridium Botulinum.Ces bact\u00e9ries sont class\u00e9es en cinq types principaux, dont le type A, car c&rsquo;est le type utilis\u00e9 en chirurgie esth\u00e9tique. Lorsqu&rsquo;elle est inject\u00e9e, cette substance agit pour d\u00e9tendre les muscles du visage, provoquant les&hellip;\" \/>\n<meta property=\"og:url\" content=\"https:\/\/bmsclinics.com\/fr\/botox-injections\/\" \/>\n<meta property=\"og:site_name\" content=\"BMS Clinics\" \/>\n<meta property=\"article:modified_time\" content=\"2022-08-25T08:47:50+00:00\" \/>\n<meta property=\"og:image\" content=\"https:\/\/bmsclinics.com\/wp-content\/uploads\/2019\/11\/%D8%AD%D9%82%D9%86-%D8%A7%D9%84%D8%A8%D9%88%D8%AA%D9%83%D8%B3-%D9%84%D9%84%D9%88%D8%AC%D9%87-600x300.jpg\" \/>\n<meta name=\"twitter:card\" content=\"summary_large_image\" \/>\n<meta name=\"twitter:label1\" content=\"Dur\u00e9e de lecture estim\u00e9e\" \/>\n\t<meta name=\"twitter:data1\" content=\"1 minute\" \/>\n<script type=\"application\/ld+json\" class=\"yoast-schema-graph\">{\"@context\":\"https:\/\/schema.org\",\"@graph\":[{\"@type\":\"WebSite\",\"@id\":\"https:\/\/bmsclinics.com\/#website\",\"url\":\"https:\/\/bmsclinics.com\/\",\"name\":\"BMS Clinics\",\"description\":\"\",\"potentialAction\":[{\"@type\":\"SearchAction\",\"target\":{\"@type\":\"EntryPoint\",\"urlTemplate\":\"https:\/\/bmsclinics.com\/?s={search_term_string}\"},\"query-input\":\"required name=search_term_string\"}],\"inLanguage\":\"fr-FR\"},{\"@type\":\"ImageObject\",\"inLanguage\":\"fr-FR\",\"@id\":\"https:\/\/bmsclinics.com\/fr\/botox-injections\/#primaryimage\",\"url\":\"https:\/\/bmsclinics.com\/wp-content\/uploads\/2019\/11\/%D8%AD%D9%82%D9%86-%D8%A7%D9%84%D8%A8%D9%88%D8%AA%D9%83%D8%B3-%D9%84%D9%84%D9%88%D8%AC%D9%87-600x300.jpg\",\"contentUrl\":\"https:\/\/bmsclinics.com\/wp-content\/uploads\/2019\/11\/%D8%AD%D9%82%D9%86-%D8%A7%D9%84%D8%A8%D9%88%D8%AA%D9%83%D8%B3-%D9%84%D9%84%D9%88%D8%AC%D9%87-600x300.jpg\"},{\"@type\":\"WebPage\",\"@id\":\"https:\/\/bmsclinics.com\/fr\/botox-injections\/#webpage\",\"url\":\"https:\/\/bmsclinics.com\/fr\/botox-injections\/\",\"name\":\"Injections De Botox - BMS Clinics\",\"isPartOf\":{\"@id\":\"https:\/\/bmsclinics.com\/#website\"},\"primaryImageOfPage\":{\"@id\":\"https:\/\/bmsclinics.com\/fr\/botox-injections\/#primaryimage\"},\"datePublished\":\"2019-10-30T13:03:14+00:00\",\"dateModified\":\"2022-08-25T08:47:50+00:00\",\"breadcrumb\":{\"@id\":\"https:\/\/bmsclinics.com\/fr\/botox-injections\/#breadcrumb\"},\"inLanguage\":\"fr-FR\",\"potentialAction\":[{\"@type\":\"ReadAction\",\"target\":[\"https:\/\/bmsclinics.com\/fr\/botox-injections\/\"]}]},{\"@type\":\"BreadcrumbList\",\"@id\":\"https:\/\/bmsclinics.com\/fr\/botox-injections\/#breadcrumb\",\"itemListElement\":[{\"@type\":\"ListItem\",\"position\":1,\"name\":\"Home\",\"item\":\"https:\/\/bmsclinics.com\/fr\/\"},{\"@type\":\"ListItem\",\"position\":2,\"name\":\"Injections De Botox\"}]}]}<\/script>\n<!-- \/ Yoast SEO plugin. -->","yoast_head_json":{"title":"Injections De Botox - BMS Clinics","robots":{"index":"index","follow":"follow","max-snippet":"max-snippet:-1","max-image-preview":"max-image-preview:large","max-video-preview":"max-video-preview:-1"},"canonical":"https:\/\/bmsclinics.com\/fr\/botox-injections\/","og_locale":"fr_FR","og_type":"article","og_title":"Injections De Botox - BMS Clinics","og_description":"Qu&rsquo;est-ce que le Botox ? Le BOTOX est une substance qui contient de la toxine botulique produite par la bact\u00e9rie Clostridium Botulinum.Ces bact\u00e9ries sont class\u00e9es en cinq types principaux, dont le type A, car c&rsquo;est le type utilis\u00e9 en chirurgie esth\u00e9tique. Lorsqu&rsquo;elle est inject\u00e9e, cette substance agit pour d\u00e9tendre les muscles du visage, provoquant les&hellip;","og_url":"https:\/\/bmsclinics.com\/fr\/botox-injections\/","og_site_name":"BMS Clinics","article_modified_time":"2022-08-25T08:47:50+00:00","og_image":[{"url":"https:\/\/bmsclinics.com\/wp-content\/uploads\/2019\/11\/%D8%AD%D9%82%D9%86-%D8%A7%D9%84%D8%A8%D9%88%D8%AA%D9%83%D8%B3-%D9%84%D9%84%D9%88%D8%AC%D9%87-600x300.jpg"}],"twitter_card":"summary_large_image","twitter_misc":{"Dur\u00e9e de lecture estim\u00e9e":"1 minute"},"schema":{"@context":"https:\/\/schema.org","@graph":[{"@type":"WebSite","@id":"https:\/\/bmsclinics.com\/#website","url":"https:\/\/bmsclinics.com\/","name":"BMS Clinics","description":"","potentialAction":[{"@type":"SearchAction","target":{"@type":"EntryPoint","urlTemplate":"https:\/\/bmsclinics.com\/?s={search_term_string}"},"query-input":"required name=search_term_string"}],"inLanguage":"fr-FR"},{"@type":"ImageObject","inLanguage":"fr-FR","@id":"https:\/\/bmsclinics.com\/fr\/botox-injections\/#primaryimage","url":"https:\/\/bmsclinics.com\/wp-content\/uploads\/2019\/11\/%D8%AD%D9%82%D9%86-%D8%A7%D9%84%D8%A8%D9%88%D8%AA%D9%83%D8%B3-%D9%84%D9%84%D9%88%D8%AC%D9%87-600x300.jpg","contentUrl":"https:\/\/bmsclinics.com\/wp-content\/uploads\/2019\/11\/%D8%AD%D9%82%D9%86-%D8%A7%D9%84%D8%A8%D9%88%D8%AA%D9%83%D8%B3-%D9%84%D9%84%D9%88%D8%AC%D9%87-600x300.jpg"},{"@type":"WebPage","@id":"https:\/\/bmsclinics.com\/fr\/botox-injections\/#webpage","url":"https:\/\/bmsclinics.com\/fr\/botox-injections\/","name":"Injections De Botox - BMS Clinics","isPartOf":{"@id":"https:\/\/bmsclinics.com\/#website"},"primaryImageOfPage":{"@id":"https:\/\/bmsclinics.com\/fr\/botox-injections\/#primaryimage"},"datePublished":"2019-10-30T13:03:14+00:00","dateModified":"2022-08-25T08:47:50+00:00","breadcrumb":{"@id":"https:\/\/bmsclinics.com\/fr\/botox-injections\/#breadcrumb"},"inLanguage":"fr-FR","potentialAction":[{"@type":"ReadAction","target":["https:\/\/bmsclinics.com\/fr\/botox-injections\/"]}]},{"@type":"BreadcrumbList","@id":"https:\/\/bmsclinics.com\/fr\/botox-injections\/#breadcrumb","itemListElement":[{"@type":"ListItem","position":1,"name":"Home","item":"https:\/\/bmsclinics.com\/fr\/"},{"@type":"ListItem","position":2,"name":"Injections De Botox"}]}]}},"_links":{"self":[{"href":"https:\/\/bmsclinics.com\/fr\/wp-json\/wp\/v2\/pages\/322\/"}],"collection":[{"href":"https:\/\/bmsclinics.com\/fr\/wp-json\/wp\/v2\/pages\/"}],"about":[{"href":"https:\/\/bmsclinics.com\/fr\/wp-json\/wp\/v2\/types\/page\/"}],"author":[{"embeddable":true,"href":"https:\/\/bmsclinics.com\/fr\/wp-json\/wp\/v2\/users\/2\/"}],"replies":[{"embeddable":true,"href":"https:\/\/bmsclinics.com\/fr\/wp-json\/wp\/v2\/comments\/?post=322"}],"version-history":[{"count":3,"href":"https:\/\/bmsclinics.com\/fr\/wp-json\/wp\/v2\/pages\/322\/revisions\/"}],"predecessor-version":[{"id":2428,"href":"https:\/\/bmsclinics.com\/fr\/wp-json\/wp\/v2\/pages\/322\/revisions\/2428\/"}],"wp:attachment":[{"href":"https:\/\/bmsclinics.com\/fr\/wp-json\/wp\/v2\/media\/?parent=322"}],"curies":[{"name":"wp","href":"https:\/\/api.w.org\/{rel}","templated":true}]}}