{"id":318,"date":"2019-10-30T13:01:56","date_gmt":"2019-10-30T13:01:56","guid":{"rendered":"https:\/\/bmsclinics.com\/?page_id=318"},"modified":"2022-08-25T09:29:13","modified_gmt":"2022-08-25T09:29:13","slug":"facial-cosmetic","status":"publish","type":"page","link":"https:\/\/bmsclinics.com\/fr\/facial-cosmetic\/","title":{"rendered":"Embellissement Du Visage"},"content":{"rendered":"<h1>Embellissement Du Visage<\/h1>\n<p><img src=\"https:\/\/bmsclinics.com\/wp-content\/uploads\/2019\/10\/9b222992-19d2-454b-96a3-1637479aa96b_16x9_1200x676-600x300.jpg\" alt=\"9b222992-19d2-454b-96a3-1637479aa96b_16x9_1200x676\" \/><\/p>\n<p>La chirurgie plastique du visage est un processus qui vise \u00e0 faire en sorte qu&rsquo;une personne ait un beau visage tendu et plein de vitalit\u00e9 et de jeunesse.La m\u00e9decine esth\u00e9tique a fait une perc\u00e9e dans le domaine de la chirurgie esth\u00e9tique du visage de diff\u00e9rentes mani\u00e8res pour traiter tous les probl\u00e8mes du visage qui les femmes et les hommes peuvent en souffrir.<\/p>\n<h1>Comment se d\u00e9roule la chirurgie de lifting ?<\/h1>\n<p><img src=\"https:\/\/bmsclinics.com\/wp-content\/uploads\/2019\/10\/botox-and-dermal-filler-500x300.jpg\" alt=\"botox-and-dermal-filler\" \/><\/p>\n<p>Un lifting est r\u00e9alis\u00e9 sous anesth\u00e9sie g\u00e9n\u00e9rale. Pendant l&rsquo;op\u00e9ration, l&rsquo;affaissement du visage et du cou est \u00e9limin\u00e9 et les rides sont \u00e9limin\u00e9es. Il rend \u00e9galement le visage plus jeune et plus beau<\/p>\n<h1>Ressentez-vous de la douleur pendant la proc\u00e9dure de lifting?<\/h1>\n<p>L&rsquo;op\u00e9ration de lifting est r\u00e9alis\u00e9e sous anesth\u00e9sie g\u00e9n\u00e9rale, le patient ne ressent donc aucune douleur pendant l&rsquo;op\u00e9ration. Et lorsque vous suivez les conseils du m\u00e9decin, les analg\u00e9siques pris apr\u00e8s la chirurgie r\u00e9duisent la douleur<\/p>\n<h1>Suis-je apte \u00e0 un lifting ?<\/h1>\n<p>Il existe de nombreux crit\u00e8res qui d\u00e9terminent si vous serez apte \u00e0 une proc\u00e9dure de lifting : l&rsquo;\u00e9tat de la peau, le besoin de votre peau et la pr\u00e9sence de tout probl\u00e8me de sant\u00e9 qui interf\u00e8re avec l&rsquo;op\u00e9ration. Pour cette raison, il est plus appropri\u00e9 de communiquer avec le conseiller m\u00e9dical et de diagnostiquer votre \u00e9tat. Vous pouvez obtenir une consultation gratuite de la clinique BMS et diagnostiquer votre cas via WhatsApp<\/p>\n","protected":false},"excerpt":{"rendered":"<p>Embellissement Du Visage La chirurgie plastique du visage est un processus qui vise \u00e0 faire en sorte qu&rsquo;une personne ait un beau visage tendu et plein de vitalit\u00e9 et de jeunesse.La m\u00e9decine esth\u00e9tique a fait une perc\u00e9e dans le domaine de la chirurgie esth\u00e9tique du visage de diff\u00e9rentes mani\u00e8res pour traiter tous les probl\u00e8mes du&hellip;<\/p>\n","protected":false},"author":2,"featured_media":0,"parent":0,"menu_order":0,"comment_status":"closed","ping_status":"closed","template":"","meta":[],"yoast_head":"<!-- This site is optimized with the Yoast SEO plugin v18.8 - https:\/\/yoast.com\/wordpress\/plugins\/seo\/ -->\n<title>Embellissement Du Visage - BMS Clinics<\/title>\n<meta name=\"robots\" content=\"index, follow, max-snippet:-1, max-image-preview:large, max-video-preview:-1\" \/>\n<link rel=\"canonical\" href=\"https:\/\/bmsclinics.com\/fr\/facial-cosmetic\/\" \/>\n<meta property=\"og:locale\" content=\"fr_FR\" \/>\n<meta property=\"og:type\" content=\"article\" \/>\n<meta property=\"og:title\" content=\"Embellissement Du Visage - BMS Clinics\" \/>\n<meta property=\"og:description\" content=\"Embellissement Du Visage La chirurgie plastique du visage est un processus qui vise \u00e0 faire en sorte qu&rsquo;une personne ait un beau visage tendu et plein de vitalit\u00e9 et de jeunesse.La m\u00e9decine esth\u00e9tique a fait une perc\u00e9e dans le domaine de la chirurgie esth\u00e9tique du visage de diff\u00e9rentes mani\u00e8res pour traiter tous les probl\u00e8mes du&hellip;\" \/>\n<meta property=\"og:url\" content=\"https:\/\/bmsclinics.com\/fr\/facial-cosmetic\/\" \/>\n<meta property=\"og:site_name\" content=\"BMS Clinics\" \/>\n<meta property=\"article:modified_time\" content=\"2022-08-25T09:29:13+00:00\" \/>\n<meta property=\"og:image\" content=\"https:\/\/bmsclinics.com\/wp-content\/uploads\/2019\/10\/9b222992-19d2-454b-96a3-1637479aa96b_16x9_1200x676-600x300.jpg\" \/>\n<meta name=\"twitter:card\" content=\"summary_large_image\" \/>\n<meta name=\"twitter:label1\" content=\"Dur\u00e9e de lecture estim\u00e9e\" \/>\n\t<meta name=\"twitter:data1\" content=\"1 minute\" \/>\n<script type=\"application\/ld+json\" class=\"yoast-schema-graph\">{\"@context\":\"https:\/\/schema.org\",\"@graph\":[{\"@type\":\"WebSite\",\"@id\":\"https:\/\/bmsclinics.com\/#website\",\"url\":\"https:\/\/bmsclinics.com\/\",\"name\":\"BMS Clinics\",\"description\":\"\",\"potentialAction\":[{\"@type\":\"SearchAction\",\"target\":{\"@type\":\"EntryPoint\",\"urlTemplate\":\"https:\/\/bmsclinics.com\/?s={search_term_string}\"},\"query-input\":\"required name=search_term_string\"}],\"inLanguage\":\"fr-FR\"},{\"@type\":\"ImageObject\",\"inLanguage\":\"fr-FR\",\"@id\":\"https:\/\/bmsclinics.com\/fr\/facial-cosmetic\/#primaryimage\",\"url\":\"https:\/\/bmsclinics.com\/wp-content\/uploads\/2019\/10\/9b222992-19d2-454b-96a3-1637479aa96b_16x9_1200x676.jpg\",\"contentUrl\":\"https:\/\/bmsclinics.com\/wp-content\/uploads\/2019\/10\/9b222992-19d2-454b-96a3-1637479aa96b_16x9_1200x676.jpg\",\"width\":960,\"height\":540},{\"@type\":\"WebPage\",\"@id\":\"https:\/\/bmsclinics.com\/fr\/facial-cosmetic\/#webpage\",\"url\":\"https:\/\/bmsclinics.com\/fr\/facial-cosmetic\/\",\"name\":\"Embellissement Du Visage - BMS Clinics\",\"isPartOf\":{\"@id\":\"https:\/\/bmsclinics.com\/#website\"},\"primaryImageOfPage\":{\"@id\":\"https:\/\/bmsclinics.com\/fr\/facial-cosmetic\/#primaryimage\"},\"datePublished\":\"2019-10-30T13:01:56+00:00\",\"dateModified\":\"2022-08-25T09:29:13+00:00\",\"breadcrumb\":{\"@id\":\"https:\/\/bmsclinics.com\/fr\/facial-cosmetic\/#breadcrumb\"},\"inLanguage\":\"fr-FR\",\"potentialAction\":[{\"@type\":\"ReadAction\",\"target\":[\"https:\/\/bmsclinics.com\/fr\/facial-cosmetic\/\"]}]},{\"@type\":\"BreadcrumbList\",\"@id\":\"https:\/\/bmsclinics.com\/fr\/facial-cosmetic\/#breadcrumb\",\"itemListElement\":[{\"@type\":\"ListItem\",\"position\":1,\"name\":\"Home\",\"item\":\"https:\/\/bmsclinics.com\/fr\/\"},{\"@type\":\"ListItem\",\"position\":2,\"name\":\"Embellissement Du Visage\"}]}]}<\/script>\n<!-- \/ Yoast SEO plugin. -->","yoast_head_json":{"title":"Embellissement Du Visage - BMS Clinics","robots":{"index":"index","follow":"follow","max-snippet":"max-snippet:-1","max-image-preview":"max-image-preview:large","max-video-preview":"max-video-preview:-1"},"canonical":"https:\/\/bmsclinics.com\/fr\/facial-cosmetic\/","og_locale":"fr_FR","og_type":"article","og_title":"Embellissement Du Visage - BMS Clinics","og_description":"Embellissement Du Visage La chirurgie plastique du visage est un processus qui vise \u00e0 faire en sorte qu&rsquo;une personne ait un beau visage tendu et plein de vitalit\u00e9 et de jeunesse.La m\u00e9decine esth\u00e9tique a fait une perc\u00e9e dans le domaine de la chirurgie esth\u00e9tique du visage de diff\u00e9rentes mani\u00e8res pour traiter tous les probl\u00e8mes du&hellip;","og_url":"https:\/\/bmsclinics.com\/fr\/facial-cosmetic\/","og_site_name":"BMS Clinics","article_modified_time":"2022-08-25T09:29:13+00:00","og_image":[{"url":"https:\/\/bmsclinics.com\/wp-content\/uploads\/2019\/10\/9b222992-19d2-454b-96a3-1637479aa96b_16x9_1200x676-600x300.jpg"}],"twitter_card":"summary_large_image","twitter_misc":{"Dur\u00e9e de lecture estim\u00e9e":"1 minute"},"schema":{"@context":"https:\/\/schema.org","@graph":[{"@type":"WebSite","@id":"https:\/\/bmsclinics.com\/#website","url":"https:\/\/bmsclinics.com\/","name":"BMS Clinics","description":"","potentialAction":[{"@type":"SearchAction","target":{"@type":"EntryPoint","urlTemplate":"https:\/\/bmsclinics.com\/?s={search_term_string}"},"query-input":"required name=search_term_string"}],"inLanguage":"fr-FR"},{"@type":"ImageObject","inLanguage":"fr-FR","@id":"https:\/\/bmsclinics.com\/fr\/facial-cosmetic\/#primaryimage","url":"https:\/\/bmsclinics.com\/wp-content\/uploads\/2019\/10\/9b222992-19d2-454b-96a3-1637479aa96b_16x9_1200x676.jpg","contentUrl":"https:\/\/bmsclinics.com\/wp-content\/uploads\/2019\/10\/9b222992-19d2-454b-96a3-1637479aa96b_16x9_1200x676.jpg","width":960,"height":540},{"@type":"WebPage","@id":"https:\/\/bmsclinics.com\/fr\/facial-cosmetic\/#webpage","url":"https:\/\/bmsclinics.com\/fr\/facial-cosmetic\/","name":"Embellissement Du Visage - BMS Clinics","isPartOf":{"@id":"https:\/\/bmsclinics.com\/#website"},"primaryImageOfPage":{"@id":"https:\/\/bmsclinics.com\/fr\/facial-cosmetic\/#primaryimage"},"datePublished":"2019-10-30T13:01:56+00:00","dateModified":"2022-08-25T09:29:13+00:00","breadcrumb":{"@id":"https:\/\/bmsclinics.com\/fr\/facial-cosmetic\/#breadcrumb"},"inLanguage":"fr-FR","potentialAction":[{"@type":"ReadAction","target":["https:\/\/bmsclinics.com\/fr\/facial-cosmetic\/"]}]},{"@type":"BreadcrumbList","@id":"https:\/\/bmsclinics.com\/fr\/facial-cosmetic\/#breadcrumb","itemListElement":[{"@type":"ListItem","position":1,"name":"Home","item":"https:\/\/bmsclinics.com\/fr\/"},{"@type":"ListItem","position":2,"name":"Embellissement Du Visage"}]}]}},"_links":{"self":[{"href":"https:\/\/bmsclinics.com\/fr\/wp-json\/wp\/v2\/pages\/318\/"}],"collection":[{"href":"https:\/\/bmsclinics.com\/fr\/wp-json\/wp\/v2\/pages\/"}],"about":[{"href":"https:\/\/bmsclinics.com\/fr\/wp-json\/wp\/v2\/types\/page\/"}],"author":[{"embeddable":true,"href":"https:\/\/bmsclinics.com\/fr\/wp-json\/wp\/v2\/users\/2\/"}],"replies":[{"embeddable":true,"href":"https:\/\/bmsclinics.com\/fr\/wp-json\/wp\/v2\/comments\/?post=318"}],"version-history":[{"count":3,"href":"https:\/\/bmsclinics.com\/fr\/wp-json\/wp\/v2\/pages\/318\/revisions\/"}],"predecessor-version":[{"id":2432,"href":"https:\/\/bmsclinics.com\/fr\/wp-json\/wp\/v2\/pages\/318\/revisions\/2432\/"}],"wp:attachment":[{"href":"https:\/\/bmsclinics.com\/fr\/wp-json\/wp\/v2\/media\/?parent=318"}],"curies":[{"name":"wp","href":"https:\/\/api.w.org\/{rel}","templated":true}]}}