{"id":314,"date":"2019-10-30T13:00:26","date_gmt":"2019-10-30T13:00:26","guid":{"rendered":"https:\/\/bmsclinics.com\/?page_id=314"},"modified":"2022-08-29T09:19:35","modified_gmt":"2022-08-29T09:19:35","slug":"eyelid-surgery","status":"publish","type":"page","link":"https:\/\/bmsclinics.com\/fr\/eyelid-surgery\/","title":{"rendered":"Bl\u00e9pharoplastie"},"content":{"rendered":"<h1>Chirurgie des paupi\u00e8res<\/h1>\n<p><img src=\"https:\/\/bmsclinics.com\/wp-content\/uploads\/2019\/11\/%D8%AA%D8%AC%D9%85%D9%8A%D9%84-%D8%AC%D9%81%D9%86-%D8%A7%D9%84%D8%B9%D9%8A%D9%86-600x300.jpg\" alt=\"\u062a\u062c\u0645\u064a\u0644-\u062c\u0641\u0646-\u0627\u0644\u0639\u064a\u0646\" \/><\/p>\n<p>La chirurgie des paupi\u00e8res, dite (chirurgie des paupi\u00e8res, ou bl\u00e9pharoplastie) est une intervention chirurgicale visant \u00e0 am\u00e9liorer l&rsquo;apparence des paupi\u00e8res.Cette chirurgie peut \u00eatre pratiqu\u00e9e soit pour embellir et raffermir les paupi\u00e8res sup\u00e9rieures, soit pour raffermir les paupi\u00e8res inf\u00e9rieures uniquement, soit pour embellir les deux. paupi\u00e8res ensemble.<\/p>\n<p>Cette op\u00e9ration peut \u00eatre effectu\u00e9e afin de corriger certains probl\u00e8mes fonctionnels qui surviennent sur la paupi\u00e8re en raison de son affaissement et de son affaissement, et gr\u00e2ce \u00e0 elle, le chirurgien peut redonner jeunesse et vitalit\u00e9 \u00e0 la zone autour des yeux. La chirurgie des paupi\u00e8res peut traiter sp\u00e9cifiquement les probl\u00e8mes suivants et se d\u00e9barrasser des suivants :<\/p>\n<ul>\n<li>Pour les peaux l\u00e2ches ou affaiss\u00e9es qui forment des plis et des rides qui perturbent la forme naturelle de la paupi\u00e8re sup\u00e9rieure et entra\u00eenent parfois une alt\u00e9ration de la vision.<\/li>\n<li>D\u00e9p\u00f4ts graisseux excessifs qui conduisent \u00e0 des paupi\u00e8res enfl\u00e9es.<\/li>\n<li>Poches, amas graisseux et poches sous les yeux.<\/li>\n<li>La paupi\u00e8re inf\u00e9rieure qui laisse appara\u00eetre le blanc de l&rsquo;\u0153il sous la pupille.<\/li>\n<li>Exc\u00e8s de peau et ridules sur la paupi\u00e8re inf\u00e9rieure.<\/li>\n<\/ul>\n<h1>Qui sont les candidats potentiels \u00e0 la bl\u00e9pharoplastie ?<\/h1>\n<p><img src=\"https:\/\/bmsclinics.com\/wp-content\/uploads\/2019\/11\/%D8%B9%D9%85%D9%84%D9%8A%D8%A9-%D8%A7%D9%84%D8%AC%D9%81%D9%88%D9%86-600x300.jpg\" alt=\"\u0639\u0645\u0644\u064a\u0629-\u0627\u0644\u062c\u0641\u0648\u0646\" \/><\/p>\n<p>Le candidat \u00e0 la bl\u00e9pharoplastie doit avoir certaines caract\u00e9ristiques, dont les suivantes :<\/p>\n<ul>\n<li>Un adulte (g\u00e9n\u00e9ralement plus de 30 ans).<\/li>\n<li>Un non-fumeur (parce que fumer augmente le risque de complications pendant la p\u00e9riode de r\u00e9cup\u00e9ration et peut emp\u00eacher la r\u00e9cup\u00e9ration de l&rsquo;op\u00e9ration).<\/li>\n<li>Il est dans un \u00e9tat stable qui lui permet de subir une intervention chirurgicale.<\/li>\n<li>A des objectifs r\u00e9alistes et des attentes raisonnables quant au r\u00e9sultat de l&rsquo;op\u00e9ration.<\/li>\n<li>Souffre d&rsquo;affaissement des paupi\u00e8res sup\u00e9rieures ou inf\u00e9rieures ou des deux.<\/li>\n<li>Il n&rsquo;a pas d&rsquo;infection active ni de maladie oculaire grave.<\/li>\n<\/ul>\n<h1>R\u00e9cup\u00e9ration apr\u00e8s une chirurgie de lifting des paupi\u00e8res et p\u00e9riode de r\u00e9cup\u00e9ration pr\u00e9vue<\/h1>\n<p>La r\u00e9cup\u00e9ration apr\u00e8s une chirurgie de lifting des paupi\u00e8res au laser prend moins de temps, mais la p\u00e9riode de r\u00e9cup\u00e9ration varie g\u00e9n\u00e9ralement d&rsquo;une \u00e0 deux semaines, apr\u00e8s quoi tous les points chirurgicaux utilis\u00e9s pendant la chirurgie sont retir\u00e9s (les points chirurgicaux ne sont pas utilis\u00e9s dans la chirurgie des paupi\u00e8res au laser).<\/p>\n<p>Dans la p\u00e9riode suivant la chirurgie, il est conseill\u00e9 au patient d&rsquo;\u00e9viter la lumi\u00e8re directe du soleil pendant une p\u00e9riode d&rsquo;au moins quatre mois, et doit adh\u00e9rer \u00e0 la prise de certains m\u00e9dicaments anti-inflammatoires pendant les deux premi\u00e8res semaines, et faire des compresses d&rsquo;eau froide pour aider \u00e0 se d\u00e9barrasser de gonflement dans la zone autour des yeux.<\/p>\n<p>Il est conseill\u00e9 d&rsquo;\u00e9viter les sports violents pendant une p\u00e9riode d&rsquo;au moins trois semaines apr\u00e8s la chirurgie, et il est \u00e9galement conseill\u00e9 d&rsquo;\u00e9viter toute activit\u00e9 pouvant causer un traumatisme dans ou autour des yeux pendant une p\u00e9riode pouvant aller jusqu&rsquo;\u00e0 quelques mois apr\u00e8s la chirurgie. , et il est \u00e9galement interdit au patient d&rsquo;utiliser des cosm\u00e9tiques dans la zone autour des yeux pendant les deux premi\u00e8res semaines.<\/p>\n","protected":false},"excerpt":{"rendered":"<p>Chirurgie des paupi\u00e8res La chirurgie des paupi\u00e8res, dite (chirurgie des paupi\u00e8res, ou bl\u00e9pharoplastie) est une intervention chirurgicale visant \u00e0 am\u00e9liorer l&rsquo;apparence des paupi\u00e8res.Cette chirurgie peut \u00eatre pratiqu\u00e9e soit pour embellir et raffermir les paupi\u00e8res sup\u00e9rieures, soit pour raffermir les paupi\u00e8res inf\u00e9rieures uniquement, soit pour embellir les deux. paupi\u00e8res ensemble. Cette op\u00e9ration peut \u00eatre effectu\u00e9e afin&hellip;<\/p>\n","protected":false},"author":2,"featured_media":0,"parent":0,"menu_order":0,"comment_status":"closed","ping_status":"closed","template":"","meta":[],"yoast_head":"<!-- This site is optimized with the Yoast SEO plugin v18.8 - https:\/\/yoast.com\/wordpress\/plugins\/seo\/ -->\n<title>Bl\u00e9pharoplastie - BMS Clinics<\/title>\n<meta name=\"robots\" content=\"index, follow, max-snippet:-1, max-image-preview:large, max-video-preview:-1\" \/>\n<link rel=\"canonical\" href=\"https:\/\/bmsclinics.com\/fr\/eyelid-surgery\/\" \/>\n<meta property=\"og:locale\" content=\"fr_FR\" \/>\n<meta property=\"og:type\" content=\"article\" \/>\n<meta property=\"og:title\" content=\"Bl\u00e9pharoplastie - BMS Clinics\" \/>\n<meta property=\"og:description\" content=\"Chirurgie des paupi\u00e8res La chirurgie des paupi\u00e8res, dite (chirurgie des paupi\u00e8res, ou bl\u00e9pharoplastie) est une intervention chirurgicale visant \u00e0 am\u00e9liorer l&rsquo;apparence des paupi\u00e8res.Cette chirurgie peut \u00eatre pratiqu\u00e9e soit pour embellir et raffermir les paupi\u00e8res sup\u00e9rieures, soit pour raffermir les paupi\u00e8res inf\u00e9rieures uniquement, soit pour embellir les deux. paupi\u00e8res ensemble. Cette op\u00e9ration peut \u00eatre effectu\u00e9e afin&hellip;\" \/>\n<meta property=\"og:url\" content=\"https:\/\/bmsclinics.com\/fr\/eyelid-surgery\/\" \/>\n<meta property=\"og:site_name\" content=\"BMS Clinics\" \/>\n<meta property=\"article:modified_time\" content=\"2022-08-29T09:19:35+00:00\" \/>\n<meta property=\"og:image\" content=\"https:\/\/bmsclinics.com\/wp-content\/uploads\/2019\/11\/%D8%AA%D8%AC%D9%85%D9%8A%D9%84-%D8%AC%D9%81%D9%86-%D8%A7%D9%84%D8%B9%D9%8A%D9%86-600x300.jpg\" \/>\n<meta name=\"twitter:card\" content=\"summary_large_image\" \/>\n<meta name=\"twitter:label1\" content=\"Dur\u00e9e de lecture estim\u00e9e\" \/>\n\t<meta name=\"twitter:data1\" content=\"3 minutes\" \/>\n<script type=\"application\/ld+json\" class=\"yoast-schema-graph\">{\"@context\":\"https:\/\/schema.org\",\"@graph\":[{\"@type\":\"WebSite\",\"@id\":\"https:\/\/bmsclinics.com\/#website\",\"url\":\"https:\/\/bmsclinics.com\/\",\"name\":\"BMS Clinics\",\"description\":\"\",\"potentialAction\":[{\"@type\":\"SearchAction\",\"target\":{\"@type\":\"EntryPoint\",\"urlTemplate\":\"https:\/\/bmsclinics.com\/?s={search_term_string}\"},\"query-input\":\"required name=search_term_string\"}],\"inLanguage\":\"fr-FR\"},{\"@type\":\"ImageObject\",\"inLanguage\":\"fr-FR\",\"@id\":\"https:\/\/bmsclinics.com\/fr\/eyelid-surgery\/#primaryimage\",\"url\":\"https:\/\/bmsclinics.com\/wp-content\/uploads\/2019\/11\/%D8%AA%D8%AC%D9%85%D9%8A%D9%84-%D8%AC%D9%81%D9%86-%D8%A7%D9%84%D8%B9%D9%8A%D9%86-600x300.jpg\",\"contentUrl\":\"https:\/\/bmsclinics.com\/wp-content\/uploads\/2019\/11\/%D8%AA%D8%AC%D9%85%D9%8A%D9%84-%D8%AC%D9%81%D9%86-%D8%A7%D9%84%D8%B9%D9%8A%D9%86-600x300.jpg\"},{\"@type\":\"WebPage\",\"@id\":\"https:\/\/bmsclinics.com\/fr\/eyelid-surgery\/#webpage\",\"url\":\"https:\/\/bmsclinics.com\/fr\/eyelid-surgery\/\",\"name\":\"Bl\u00e9pharoplastie - BMS Clinics\",\"isPartOf\":{\"@id\":\"https:\/\/bmsclinics.com\/#website\"},\"primaryImageOfPage\":{\"@id\":\"https:\/\/bmsclinics.com\/fr\/eyelid-surgery\/#primaryimage\"},\"datePublished\":\"2019-10-30T13:00:26+00:00\",\"dateModified\":\"2022-08-29T09:19:35+00:00\",\"breadcrumb\":{\"@id\":\"https:\/\/bmsclinics.com\/fr\/eyelid-surgery\/#breadcrumb\"},\"inLanguage\":\"fr-FR\",\"potentialAction\":[{\"@type\":\"ReadAction\",\"target\":[\"https:\/\/bmsclinics.com\/fr\/eyelid-surgery\/\"]}]},{\"@type\":\"BreadcrumbList\",\"@id\":\"https:\/\/bmsclinics.com\/fr\/eyelid-surgery\/#breadcrumb\",\"itemListElement\":[{\"@type\":\"ListItem\",\"position\":1,\"name\":\"Home\",\"item\":\"https:\/\/bmsclinics.com\/fr\/\"},{\"@type\":\"ListItem\",\"position\":2,\"name\":\"Bl\u00e9pharoplastie\"}]}]}<\/script>\n<!-- \/ Yoast SEO plugin. -->","yoast_head_json":{"title":"Bl\u00e9pharoplastie - BMS Clinics","robots":{"index":"index","follow":"follow","max-snippet":"max-snippet:-1","max-image-preview":"max-image-preview:large","max-video-preview":"max-video-preview:-1"},"canonical":"https:\/\/bmsclinics.com\/fr\/eyelid-surgery\/","og_locale":"fr_FR","og_type":"article","og_title":"Bl\u00e9pharoplastie - BMS Clinics","og_description":"Chirurgie des paupi\u00e8res La chirurgie des paupi\u00e8res, dite (chirurgie des paupi\u00e8res, ou bl\u00e9pharoplastie) est une intervention chirurgicale visant \u00e0 am\u00e9liorer l&rsquo;apparence des paupi\u00e8res.Cette chirurgie peut \u00eatre pratiqu\u00e9e soit pour embellir et raffermir les paupi\u00e8res sup\u00e9rieures, soit pour raffermir les paupi\u00e8res inf\u00e9rieures uniquement, soit pour embellir les deux. paupi\u00e8res ensemble. Cette op\u00e9ration peut \u00eatre effectu\u00e9e afin&hellip;","og_url":"https:\/\/bmsclinics.com\/fr\/eyelid-surgery\/","og_site_name":"BMS Clinics","article_modified_time":"2022-08-29T09:19:35+00:00","og_image":[{"url":"https:\/\/bmsclinics.com\/wp-content\/uploads\/2019\/11\/%D8%AA%D8%AC%D9%85%D9%8A%D9%84-%D8%AC%D9%81%D9%86-%D8%A7%D9%84%D8%B9%D9%8A%D9%86-600x300.jpg"}],"twitter_card":"summary_large_image","twitter_misc":{"Dur\u00e9e de lecture estim\u00e9e":"3 minutes"},"schema":{"@context":"https:\/\/schema.org","@graph":[{"@type":"WebSite","@id":"https:\/\/bmsclinics.com\/#website","url":"https:\/\/bmsclinics.com\/","name":"BMS Clinics","description":"","potentialAction":[{"@type":"SearchAction","target":{"@type":"EntryPoint","urlTemplate":"https:\/\/bmsclinics.com\/?s={search_term_string}"},"query-input":"required name=search_term_string"}],"inLanguage":"fr-FR"},{"@type":"ImageObject","inLanguage":"fr-FR","@id":"https:\/\/bmsclinics.com\/fr\/eyelid-surgery\/#primaryimage","url":"https:\/\/bmsclinics.com\/wp-content\/uploads\/2019\/11\/%D8%AA%D8%AC%D9%85%D9%8A%D9%84-%D8%AC%D9%81%D9%86-%D8%A7%D9%84%D8%B9%D9%8A%D9%86-600x300.jpg","contentUrl":"https:\/\/bmsclinics.com\/wp-content\/uploads\/2019\/11\/%D8%AA%D8%AC%D9%85%D9%8A%D9%84-%D8%AC%D9%81%D9%86-%D8%A7%D9%84%D8%B9%D9%8A%D9%86-600x300.jpg"},{"@type":"WebPage","@id":"https:\/\/bmsclinics.com\/fr\/eyelid-surgery\/#webpage","url":"https:\/\/bmsclinics.com\/fr\/eyelid-surgery\/","name":"Bl\u00e9pharoplastie - BMS Clinics","isPartOf":{"@id":"https:\/\/bmsclinics.com\/#website"},"primaryImageOfPage":{"@id":"https:\/\/bmsclinics.com\/fr\/eyelid-surgery\/#primaryimage"},"datePublished":"2019-10-30T13:00:26+00:00","dateModified":"2022-08-29T09:19:35+00:00","breadcrumb":{"@id":"https:\/\/bmsclinics.com\/fr\/eyelid-surgery\/#breadcrumb"},"inLanguage":"fr-FR","potentialAction":[{"@type":"ReadAction","target":["https:\/\/bmsclinics.com\/fr\/eyelid-surgery\/"]}]},{"@type":"BreadcrumbList","@id":"https:\/\/bmsclinics.com\/fr\/eyelid-surgery\/#breadcrumb","itemListElement":[{"@type":"ListItem","position":1,"name":"Home","item":"https:\/\/bmsclinics.com\/fr\/"},{"@type":"ListItem","position":2,"name":"Bl\u00e9pharoplastie"}]}]}},"_links":{"self":[{"href":"https:\/\/bmsclinics.com\/fr\/wp-json\/wp\/v2\/pages\/314\/"}],"collection":[{"href":"https:\/\/bmsclinics.com\/fr\/wp-json\/wp\/v2\/pages\/"}],"about":[{"href":"https:\/\/bmsclinics.com\/fr\/wp-json\/wp\/v2\/types\/page\/"}],"author":[{"embeddable":true,"href":"https:\/\/bmsclinics.com\/fr\/wp-json\/wp\/v2\/users\/2\/"}],"replies":[{"embeddable":true,"href":"https:\/\/bmsclinics.com\/fr\/wp-json\/wp\/v2\/comments\/?post=314"}],"version-history":[{"count":5,"href":"https:\/\/bmsclinics.com\/fr\/wp-json\/wp\/v2\/pages\/314\/revisions\/"}],"predecessor-version":[{"id":2448,"href":"https:\/\/bmsclinics.com\/fr\/wp-json\/wp\/v2\/pages\/314\/revisions\/2448\/"}],"wp:attachment":[{"href":"https:\/\/bmsclinics.com\/fr\/wp-json\/wp\/v2\/media\/?parent=314"}],"curies":[{"name":"wp","href":"https:\/\/api.w.org\/{rel}","templated":true}]}}