{"id":310,"date":"2019-10-30T12:58:44","date_gmt":"2019-10-30T12:58:44","guid":{"rendered":"https:\/\/bmsclinics.com\/?page_id=310"},"modified":"2022-08-25T09:26:17","modified_gmt":"2022-08-25T09:26:17","slug":"rhinoplasty","status":"publish","type":"page","link":"https:\/\/bmsclinics.com\/fr\/rhinoplasty\/","title":{"rendered":"Chirurgie Esth\u00e9tique Du Nez"},"content":{"rendered":"<h1>Rhinoplastie<\/h1>\n<p><img src=\"https:\/\/bmsclinics.com\/wp-content\/uploads\/2019\/11\/%D8%AA%D8%AC%D9%85%D9%8A%D9%84-%D8%A7%D9%84%D8%A3%D9%86%D9%81-730x370-600x300.jpg\" alt=\"\u062a\u062c\u0645\u064a\u0644-\u0627\u0644\u0623\u0646\u0641-730x370\" \/><\/p>\n<p>C&rsquo;est le processus de modification de la forme du nez, parfois appel\u00e9 processus de remodelage du nez, qui est effectu\u00e9 dans un but principalement cosm\u00e9tique, qui est d&rsquo;augmenter l&rsquo;harmonie et la proportion entre le nez et le reste de les traits du visage, mais elle est souvent pratiqu\u00e9e dans le but de traiter des probl\u00e8mes respiratoires et des troubles r\u00e9sultant de d\u00e9formations ou de d\u00e9fauts de la structure du nez et dus \u00e0 certains accidents.<\/p>\n<h1>Comment embellir le nez<\/h1>\n<p><img src=\"https:\/\/bmsclinics.com\/wp-content\/uploads\/2019\/11\/%D8%B9%D9%85%D9%84%D9%8A%D8%A9-%D8%AA%D8%AC%D9%85%D9%8A%D9%84-%D8%A7%D9%84%D8%A7%D9%86%D9%81-600x300.jpg\" alt=\"\u0639\u0645\u0644\u064a\u0629-\u062a\u062c\u0645\u064a\u0644-\u0627\u0644\u0627\u0646\u0641\" \/><\/p>\n<ul>\n<li>Chirurgie de r\u00e9duction du nez : Elle peut inclure des zones sp\u00e9cifiques telles que le lapin, l&rsquo;ar\u00eate du nez ou la largeur du nez.<br \/>\nChirurgie d&rsquo;augmentation du nez : Ce type de chirurgie est souvent curatif, et peut \u00eatre le r\u00e9sultat d&rsquo;une d\u00e9formation ou d&rsquo;une croissance incompl\u00e8te du nez, ou apr\u00e8s l&rsquo;ablation chirurgicale d&rsquo;une partie du nez.<\/li>\n<li>Chirurgies de rhinoplastie ethnique : qui sont r\u00e9pandues chez certaines races, caract\u00e9ris\u00e9es par des formes et des ar\u00eates du nez, comme les peuples du Moyen-Orient ou les peuples des r\u00e9gions m\u00e9diterran\u00e9ennes.<\/li>\n<li>Chirurgies de rhinoplastie post-accidentelles : Qui ont lieu dans un d\u00e9lai d&rsquo;une semaine \u00e0 dix jours apr\u00e8s l&rsquo;exposition \u00e0 un accident ayant caus\u00e9 la destruction de certains os ou cartilages nasaux.<\/li>\n<\/ul>\n<h1>R\u00e9sultat rhinoplastie<\/h1>\n<p><img src=\"https:\/\/bmsclinics.com\/wp-content\/uploads\/2019\/11\/ear-plastic-surgery-riyadh-600x300.jpg\" alt=\"ear-plastic-surgery-riyadh\" \/><\/p>\n<p>Vous devez tenir compte du fait que la p\u00e9riode de r\u00e9cup\u00e9ration apr\u00e8s l&rsquo;op\u00e9ration est une p\u00e9riode importante et qu&rsquo;elle doit \u00eatre trait\u00e9e avec soin en respectant les instructions du m\u00e9decin pour vous assurer d&rsquo;atteindre la forme du nez que vous esp\u00e9rez, car tout d\u00e9s\u00e9quilibre dans le la cicatrisation de la peau ou des parties sous-jacentes entra\u00eene un d\u00e9s\u00e9quilibre de la forme du nez plus tard, et certains probl\u00e8mes peuvent appara\u00eetre en raison du non-respect strict des instructions m\u00e9dicales dans la p\u00e9riode postop\u00e9ratoire.<br \/>\nLes r\u00e9sultats sont \u00e9valu\u00e9s dans l&rsquo;ann\u00e9e qui suit la chirurgie et une fois que le gonflement de la r\u00e9gion du nez a compl\u00e8tement disparu. La personne doit \u00eatre pr\u00eate \u00e0 accepter ce changement important de la forme du visage, qui r\u00e9sultera de la modification de la forme du nez.<br \/>\nLe patient doit \u00e9galement avoir une vision r\u00e9aliste, ne pas attendre les r\u00e9sultats imm\u00e9diats apr\u00e8s la fin de la chirurgie, et se rendre compte de la dur\u00e9e pr\u00e9vue de la p\u00e9riode de r\u00e9cup\u00e9ration et du changement de la forme du nez, et respecter pleinement les instructions du m\u00e9decin jusqu&rsquo;\u00e0 ce qu&rsquo;il soit bien r\u00e9tabli et en bonne sant\u00e9.<\/p>\n<p>&nbsp;<\/p>\n","protected":false},"excerpt":{"rendered":"<p>Rhinoplastie C&rsquo;est le processus de modification de la forme du nez, parfois appel\u00e9 processus de remodelage du nez, qui est effectu\u00e9 dans un but principalement cosm\u00e9tique, qui est d&rsquo;augmenter l&rsquo;harmonie et la proportion entre le nez et le reste de les traits du visage, mais elle est souvent pratiqu\u00e9e dans le but de traiter des&hellip;<\/p>\n","protected":false},"author":2,"featured_media":0,"parent":0,"menu_order":0,"comment_status":"closed","ping_status":"closed","template":"","meta":[],"yoast_head":"<!-- This site is optimized with the Yoast SEO plugin v18.8 - https:\/\/yoast.com\/wordpress\/plugins\/seo\/ -->\n<title>Chirurgie Esth\u00e9tique Du Nez - BMS Clinics<\/title>\n<meta name=\"robots\" content=\"index, follow, max-snippet:-1, max-image-preview:large, max-video-preview:-1\" \/>\n<link rel=\"canonical\" href=\"https:\/\/bmsclinics.com\/fr\/rhinoplasty\/\" \/>\n<meta property=\"og:locale\" content=\"fr_FR\" \/>\n<meta property=\"og:type\" content=\"article\" \/>\n<meta property=\"og:title\" content=\"Chirurgie Esth\u00e9tique Du Nez - BMS Clinics\" \/>\n<meta property=\"og:description\" content=\"Rhinoplastie C&rsquo;est le processus de modification de la forme du nez, parfois appel\u00e9 processus de remodelage du nez, qui est effectu\u00e9 dans un but principalement cosm\u00e9tique, qui est d&rsquo;augmenter l&rsquo;harmonie et la proportion entre le nez et le reste de les traits du visage, mais elle est souvent pratiqu\u00e9e dans le but de traiter des&hellip;\" \/>\n<meta property=\"og:url\" content=\"https:\/\/bmsclinics.com\/fr\/rhinoplasty\/\" \/>\n<meta property=\"og:site_name\" content=\"BMS Clinics\" \/>\n<meta property=\"article:modified_time\" content=\"2022-08-25T09:26:17+00:00\" \/>\n<meta property=\"og:image\" content=\"https:\/\/bmsclinics.com\/wp-content\/uploads\/2019\/11\/%D8%AA%D8%AC%D9%85%D9%8A%D9%84-%D8%A7%D9%84%D8%A3%D9%86%D9%81-730x370-600x300.jpg\" \/>\n<meta name=\"twitter:card\" content=\"summary_large_image\" \/>\n<meta name=\"twitter:label1\" content=\"Dur\u00e9e de lecture estim\u00e9e\" \/>\n\t<meta name=\"twitter:data1\" content=\"2 minutes\" \/>\n<script type=\"application\/ld+json\" class=\"yoast-schema-graph\">{\"@context\":\"https:\/\/schema.org\",\"@graph\":[{\"@type\":\"WebSite\",\"@id\":\"https:\/\/bmsclinics.com\/#website\",\"url\":\"https:\/\/bmsclinics.com\/\",\"name\":\"BMS Clinics\",\"description\":\"\",\"potentialAction\":[{\"@type\":\"SearchAction\",\"target\":{\"@type\":\"EntryPoint\",\"urlTemplate\":\"https:\/\/bmsclinics.com\/?s={search_term_string}\"},\"query-input\":\"required name=search_term_string\"}],\"inLanguage\":\"fr-FR\"},{\"@type\":\"ImageObject\",\"inLanguage\":\"fr-FR\",\"@id\":\"https:\/\/bmsclinics.com\/fr\/rhinoplasty\/#primaryimage\",\"url\":\"https:\/\/bmsclinics.com\/wp-content\/uploads\/2019\/11\/%D8%AA%D8%AC%D9%85%D9%8A%D9%84-%D8%A7%D9%84%D8%A3%D9%86%D9%81-730x370-600x300.jpg\",\"contentUrl\":\"https:\/\/bmsclinics.com\/wp-content\/uploads\/2019\/11\/%D8%AA%D8%AC%D9%85%D9%8A%D9%84-%D8%A7%D9%84%D8%A3%D9%86%D9%81-730x370-600x300.jpg\"},{\"@type\":\"WebPage\",\"@id\":\"https:\/\/bmsclinics.com\/fr\/rhinoplasty\/#webpage\",\"url\":\"https:\/\/bmsclinics.com\/fr\/rhinoplasty\/\",\"name\":\"Chirurgie Esth\u00e9tique Du Nez - BMS Clinics\",\"isPartOf\":{\"@id\":\"https:\/\/bmsclinics.com\/#website\"},\"primaryImageOfPage\":{\"@id\":\"https:\/\/bmsclinics.com\/fr\/rhinoplasty\/#primaryimage\"},\"datePublished\":\"2019-10-30T12:58:44+00:00\",\"dateModified\":\"2022-08-25T09:26:17+00:00\",\"breadcrumb\":{\"@id\":\"https:\/\/bmsclinics.com\/fr\/rhinoplasty\/#breadcrumb\"},\"inLanguage\":\"fr-FR\",\"potentialAction\":[{\"@type\":\"ReadAction\",\"target\":[\"https:\/\/bmsclinics.com\/fr\/rhinoplasty\/\"]}]},{\"@type\":\"BreadcrumbList\",\"@id\":\"https:\/\/bmsclinics.com\/fr\/rhinoplasty\/#breadcrumb\",\"itemListElement\":[{\"@type\":\"ListItem\",\"position\":1,\"name\":\"Home\",\"item\":\"https:\/\/bmsclinics.com\/fr\/\"},{\"@type\":\"ListItem\",\"position\":2,\"name\":\"Chirurgie Esth\u00e9tique Du Nez\"}]}]}<\/script>\n<!-- \/ Yoast SEO plugin. -->","yoast_head_json":{"title":"Chirurgie Esth\u00e9tique Du Nez - BMS Clinics","robots":{"index":"index","follow":"follow","max-snippet":"max-snippet:-1","max-image-preview":"max-image-preview:large","max-video-preview":"max-video-preview:-1"},"canonical":"https:\/\/bmsclinics.com\/fr\/rhinoplasty\/","og_locale":"fr_FR","og_type":"article","og_title":"Chirurgie Esth\u00e9tique Du Nez - BMS Clinics","og_description":"Rhinoplastie C&rsquo;est le processus de modification de la forme du nez, parfois appel\u00e9 processus de remodelage du nez, qui est effectu\u00e9 dans un but principalement cosm\u00e9tique, qui est d&rsquo;augmenter l&rsquo;harmonie et la proportion entre le nez et le reste de les traits du visage, mais elle est souvent pratiqu\u00e9e dans le but de traiter des&hellip;","og_url":"https:\/\/bmsclinics.com\/fr\/rhinoplasty\/","og_site_name":"BMS Clinics","article_modified_time":"2022-08-25T09:26:17+00:00","og_image":[{"url":"https:\/\/bmsclinics.com\/wp-content\/uploads\/2019\/11\/%D8%AA%D8%AC%D9%85%D9%8A%D9%84-%D8%A7%D9%84%D8%A3%D9%86%D9%81-730x370-600x300.jpg"}],"twitter_card":"summary_large_image","twitter_misc":{"Dur\u00e9e de lecture estim\u00e9e":"2 minutes"},"schema":{"@context":"https:\/\/schema.org","@graph":[{"@type":"WebSite","@id":"https:\/\/bmsclinics.com\/#website","url":"https:\/\/bmsclinics.com\/","name":"BMS Clinics","description":"","potentialAction":[{"@type":"SearchAction","target":{"@type":"EntryPoint","urlTemplate":"https:\/\/bmsclinics.com\/?s={search_term_string}"},"query-input":"required name=search_term_string"}],"inLanguage":"fr-FR"},{"@type":"ImageObject","inLanguage":"fr-FR","@id":"https:\/\/bmsclinics.com\/fr\/rhinoplasty\/#primaryimage","url":"https:\/\/bmsclinics.com\/wp-content\/uploads\/2019\/11\/%D8%AA%D8%AC%D9%85%D9%8A%D9%84-%D8%A7%D9%84%D8%A3%D9%86%D9%81-730x370-600x300.jpg","contentUrl":"https:\/\/bmsclinics.com\/wp-content\/uploads\/2019\/11\/%D8%AA%D8%AC%D9%85%D9%8A%D9%84-%D8%A7%D9%84%D8%A3%D9%86%D9%81-730x370-600x300.jpg"},{"@type":"WebPage","@id":"https:\/\/bmsclinics.com\/fr\/rhinoplasty\/#webpage","url":"https:\/\/bmsclinics.com\/fr\/rhinoplasty\/","name":"Chirurgie Esth\u00e9tique Du Nez - BMS Clinics","isPartOf":{"@id":"https:\/\/bmsclinics.com\/#website"},"primaryImageOfPage":{"@id":"https:\/\/bmsclinics.com\/fr\/rhinoplasty\/#primaryimage"},"datePublished":"2019-10-30T12:58:44+00:00","dateModified":"2022-08-25T09:26:17+00:00","breadcrumb":{"@id":"https:\/\/bmsclinics.com\/fr\/rhinoplasty\/#breadcrumb"},"inLanguage":"fr-FR","potentialAction":[{"@type":"ReadAction","target":["https:\/\/bmsclinics.com\/fr\/rhinoplasty\/"]}]},{"@type":"BreadcrumbList","@id":"https:\/\/bmsclinics.com\/fr\/rhinoplasty\/#breadcrumb","itemListElement":[{"@type":"ListItem","position":1,"name":"Home","item":"https:\/\/bmsclinics.com\/fr\/"},{"@type":"ListItem","position":2,"name":"Chirurgie Esth\u00e9tique Du Nez"}]}]}},"_links":{"self":[{"href":"https:\/\/bmsclinics.com\/fr\/wp-json\/wp\/v2\/pages\/310\/"}],"collection":[{"href":"https:\/\/bmsclinics.com\/fr\/wp-json\/wp\/v2\/pages\/"}],"about":[{"href":"https:\/\/bmsclinics.com\/fr\/wp-json\/wp\/v2\/types\/page\/"}],"author":[{"embeddable":true,"href":"https:\/\/bmsclinics.com\/fr\/wp-json\/wp\/v2\/users\/2\/"}],"replies":[{"embeddable":true,"href":"https:\/\/bmsclinics.com\/fr\/wp-json\/wp\/v2\/comments\/?post=310"}],"version-history":[{"count":3,"href":"https:\/\/bmsclinics.com\/fr\/wp-json\/wp\/v2\/pages\/310\/revisions\/"}],"predecessor-version":[{"id":2430,"href":"https:\/\/bmsclinics.com\/fr\/wp-json\/wp\/v2\/pages\/310\/revisions\/2430\/"}],"wp:attachment":[{"href":"https:\/\/bmsclinics.com\/fr\/wp-json\/wp\/v2\/media\/?parent=310"}],"curies":[{"name":"wp","href":"https:\/\/api.w.org\/{rel}","templated":true}]}}