{"id":306,"date":"2019-10-30T12:55:56","date_gmt":"2019-10-30T12:55:56","guid":{"rendered":"https:\/\/bmsclinics.com\/?page_id=306"},"modified":"2022-08-29T09:13:18","modified_gmt":"2022-08-29T09:13:18","slug":"cosmetic-ear-surgery","status":"publish","type":"page","link":"https:\/\/bmsclinics.com\/fr\/cosmetic-ear-surgery\/","title":{"rendered":"Otoplastie"},"content":{"rendered":"<h1>Chirurgie plastique de l&rsquo;oreille<\/h1>\n<p><img src=\"https:\/\/bmsclinics.com\/wp-content\/uploads\/2019\/11\/%D8%B4%D9%83%D9%84-%D8%A7%D9%84%D8%A7%D8%B0%D9%86-%D8%A8%D8%B9%D8%AF-%D8%B9%D9%85%D9%84%D9%8A%D8%A9-%D8%AA%D8%B5%D8%BA%D9%8A%D8%B1-%D8%A7%D9%84%D8%A7%D8%B0%D9%86-600x300.jpg\" alt=\"\u0634\u0643\u0644-\u0627\u0644\u0627\u0630\u0646-\u0628\u0639\u062f-\u0639\u0645\u0644\u064a\u0629-\u062a\u0635\u063a\u064a\u0631-\u0627\u0644\u0627\u0630\u0646\" \/><\/p>\n<p>Belle oreille est une id\u00e9e que toute personne ressentant un probl\u00e8me esth\u00e9tique au niveau de son oreille, quelles sont les raisons qui pourraient amener une personne \u00e0 croire qu&rsquo;elle a besoin d&rsquo;une chirurgie plastique de l&rsquo;oreille ? La chirurgie de l&rsquo;oreille est-elle avant tout un proc\u00e9d\u00e9 esth\u00e9tique ou est-ce une m\u00e9thode de traitement ? L&rsquo;otoplastie peut-elle sans chirurgie? Quelles sont les diff\u00e9rentes m\u00e9thodes disponibles pour l&#8217;embellissement des oreilles ? L&rsquo;oreille pro\u00e9minente peut-elle \u00eatre trait\u00e9e sans chirurgie?<\/p>\n<p>D\u00e9couvrez avec nous toutes les informations dont vous avez besoin sur la chirurgie plastique de l&rsquo;oreille.<\/p>\n<h1>Qu&rsquo;est-ce que l&rsquo;otoplastie ?<\/h1>\n<p><img src=\"https:\/\/bmsclinics.com\/wp-content\/uploads\/2019\/11\/%D8%A7%D8%B3%D8%A8%D8%A7%D8%A8-%D8%A7%D8%AC%D8%B1%D8%A7%D8%A1-%D8%AA%D8%AC%D9%85%D9%8A%D9%84-%D8%A7%D9%84%D8%A7%D8%B0%D9%86-600x300.jpg\" alt=\"\u0627\u0633\u0628\u0627\u0628-\u0627\u062c\u0631\u0627\u0621-\u062a\u062c\u0645\u064a\u0644-\u0627\u0644\u0627\u0630\u0646\" \/><\/p>\n<p>L&rsquo;otoplastie est un processus de modification de la forme du pavillon de l&rsquo;oreille externe, et cette op\u00e9ration est effectu\u00e9e pour modifier l&#8217;emplacement, la forme ou la taille du pavillon de l&rsquo;oreille. L&rsquo;op\u00e9ration vise principalement \u00e0 am\u00e9liorer la proportion entre la forme et la taille du visage et de l&rsquo;oreille, et on pense que l&rsquo;objectif principal est d&rsquo;am\u00e9liorer l&rsquo;estime de soi et la satisfaction personnelle avec l&rsquo;image g\u00e9n\u00e9rale du patient.<\/p>\n<p>Cette op\u00e9ration peut se faire dans l&rsquo;enfance, mais il est pr\u00e9f\u00e9rable d&rsquo;attendre apr\u00e8s la pubert\u00e9 pour la r\u00e9aliser afin que le patient n&rsquo;ait pas \u00e0 r\u00e9p\u00e9ter une autre op\u00e9ration une fois la forme d\u00e9finitive du visage stabilis\u00e9e \u00e0 la pubert\u00e9. Parfois, ce processus est effectu\u00e9 apr\u00e8s des accidents ou des blessures dans lesquels des d\u00e9formations se produisent dans la forme de l&rsquo;oreille, et l&rsquo;op\u00e9ration est alors dans le but d&rsquo;un travail de rattrapage pour redonner \u00e0 l&rsquo;oreille sa forme ant\u00e9rieure, ou elle peut \u00eatre utilis\u00e9e pour modifier la forme de l&rsquo;oreille conform\u00e9ment aux attentes du patient en plus de traiter la d\u00e9formation r\u00e9sultant de l&rsquo;accident ou de la blessure. .<\/p>\n<p>Malheureusement, l&rsquo;otoplastie sans chirurgie donne des r\u00e9sultats tr\u00e8s limit\u00e9s.A ce jour, il n&rsquo;est pas possible de traiter les oreilles d\u00e9coll\u00e9es sans chirurgie.Quant aux solutions d&rsquo;otoplastie sans intervention chirurgicale, il ne s&rsquo;agit que de dissimuler sa pro\u00e9minence \u00e0 l&rsquo;aide d&rsquo;accessoires ou de rubans adh\u00e9sifs.<\/p>\n<h1>Qui sont les candidats potentiels \u00e0 l&rsquo;otoplastie ?<\/h1>\n<p>Cette chirurgie peut \u00eatre pratiqu\u00e9e sur des patients p\u00e9diatriques, mais il est n\u00e9cessaire qu&rsquo;ils remplissent certaines conditions pour que la chirurgie se d\u00e9roule en toute s\u00e9curit\u00e9 et que la p\u00e9riode de r\u00e9cup\u00e9ration se passe bien. Parmi les plus importantes de ces conditions figurent les suivantes :<\/p>\n<ul>\n<li>L&rsquo;enfant est \u00e2g\u00e9 de cinq ans ou plus (de sorte que la croissance du cartilage dans l&rsquo;oreille soit termin\u00e9e et stabilis\u00e9e).<\/li>\n<li>L&rsquo;enfant est coop\u00e9ratif et peut bien suivre les instructions.<\/li>\n<li>L&rsquo;enfant doit \u00eatre en bonne sant\u00e9 et ne pas souffrir de maladies chroniques ou d&rsquo;infections actives de l&rsquo;oreille.<\/li>\n<li>Que l&rsquo;enfant soit capable de bien communiquer afin qu&rsquo;il puisse partager ses sentiments et ses d\u00e9sirs avec sa famille ou avec le m\u00e9decin.<\/li>\n<li>L&rsquo;enfant ne s&rsquo;oppose pas \u00e0 la chirurgie et ne montre pas son refus de celle-ci.<\/li>\n<\/ul>\n<p>En dehors de cela, l&rsquo;otoplastie peut \u00eatre pratiqu\u00e9e sur des patients adolescents et adultes \u00e0 condition qu&rsquo;ils pr\u00e9sentent les qualit\u00e9s suivantes :<\/p>\n<ul>\n<li>Avoir des objectifs et des attentes r\u00e9alistes qui peuvent \u00eatre atteints gr\u00e2ce \u00e0 la chirurgie.<\/li>\n<li>Que le patient est en bonne sant\u00e9 et ne souffre d&rsquo;aucune maladie chronique qui pourrait affecter la r\u00e9cup\u00e9ration de l&rsquo;op\u00e9ration.<\/li>\n<li>Le patient doit \u00eatre non-fumeur et non alcoolique, ou \u00eatre capable d&rsquo;\u00e9viter de fumer et d&rsquo;alcool pendant la p\u00e9riode de r\u00e9cup\u00e9ration de la chirurgie.<\/li>\n<li>Il ne doit souffrir d&rsquo;aucune infection active, que ce soit dans l&rsquo;oreille ou autre.<\/li>\n<\/ul>\n<p>La chose la plus importante est que la chirurgie de l&rsquo;oreille est un processus tr\u00e8s personnel, donc si vous d\u00e9cidez de l&rsquo;effectuer, cela devrait \u00eatre pour vous satisfaire en premier lieu et non pour satisfaire les d\u00e9sirs de certains de ceux qui vous entourent ou pour suivre le point de vue des gens. avis sur vous, car le processus n&rsquo;atteindra souvent pas les r\u00e9sultats souhait\u00e9s pour vous si ce n&rsquo;est pour vous.Un point de vue et une opinion factuelle de votre cas en premier lieu.<\/p>\n<p>&nbsp;<\/p>\n<p>&nbsp;<\/p>\n","protected":false},"excerpt":{"rendered":"<p>Chirurgie plastique de l&rsquo;oreille Belle oreille est une id\u00e9e que toute personne ressentant un probl\u00e8me esth\u00e9tique au niveau de son oreille, quelles sont les raisons qui pourraient amener une personne \u00e0 croire qu&rsquo;elle a besoin d&rsquo;une chirurgie plastique de l&rsquo;oreille ? La chirurgie de l&rsquo;oreille est-elle avant tout un proc\u00e9d\u00e9 esth\u00e9tique ou est-ce une m\u00e9thode&hellip;<\/p>\n","protected":false},"author":2,"featured_media":0,"parent":0,"menu_order":0,"comment_status":"closed","ping_status":"closed","template":"","meta":[],"yoast_head":"<!-- This site is optimized with the Yoast SEO plugin v18.8 - https:\/\/yoast.com\/wordpress\/plugins\/seo\/ -->\n<title>Otoplastie - BMS Clinics<\/title>\n<meta name=\"robots\" content=\"index, follow, max-snippet:-1, max-image-preview:large, max-video-preview:-1\" \/>\n<link rel=\"canonical\" href=\"https:\/\/bmsclinics.com\/fr\/cosmetic-ear-surgery\/\" \/>\n<meta property=\"og:locale\" content=\"fr_FR\" \/>\n<meta property=\"og:type\" content=\"article\" \/>\n<meta property=\"og:title\" content=\"Otoplastie - BMS Clinics\" \/>\n<meta property=\"og:description\" content=\"Chirurgie plastique de l&rsquo;oreille Belle oreille est une id\u00e9e que toute personne ressentant un probl\u00e8me esth\u00e9tique au niveau de son oreille, quelles sont les raisons qui pourraient amener une personne \u00e0 croire qu&rsquo;elle a besoin d&rsquo;une chirurgie plastique de l&rsquo;oreille ? La chirurgie de l&rsquo;oreille est-elle avant tout un proc\u00e9d\u00e9 esth\u00e9tique ou est-ce une m\u00e9thode&hellip;\" \/>\n<meta property=\"og:url\" content=\"https:\/\/bmsclinics.com\/fr\/cosmetic-ear-surgery\/\" \/>\n<meta property=\"og:site_name\" content=\"BMS Clinics\" \/>\n<meta property=\"article:modified_time\" content=\"2022-08-29T09:13:18+00:00\" \/>\n<meta property=\"og:image\" content=\"https:\/\/bmsclinics.com\/wp-content\/uploads\/2019\/11\/%D8%B4%D9%83%D9%84-%D8%A7%D9%84%D8%A7%D8%B0%D9%86-%D8%A8%D8%B9%D8%AF-%D8%B9%D9%85%D9%84%D9%8A%D8%A9-%D8%AA%D8%B5%D8%BA%D9%8A%D8%B1-%D8%A7%D9%84%D8%A7%D8%B0%D9%86-600x300.jpg\" \/>\n<meta name=\"twitter:card\" content=\"summary_large_image\" \/>\n<meta name=\"twitter:label1\" content=\"Dur\u00e9e de lecture estim\u00e9e\" \/>\n\t<meta name=\"twitter:data1\" content=\"4 minutes\" \/>\n<script type=\"application\/ld+json\" class=\"yoast-schema-graph\">{\"@context\":\"https:\/\/schema.org\",\"@graph\":[{\"@type\":\"WebSite\",\"@id\":\"https:\/\/bmsclinics.com\/#website\",\"url\":\"https:\/\/bmsclinics.com\/\",\"name\":\"BMS Clinics\",\"description\":\"\",\"potentialAction\":[{\"@type\":\"SearchAction\",\"target\":{\"@type\":\"EntryPoint\",\"urlTemplate\":\"https:\/\/bmsclinics.com\/?s={search_term_string}\"},\"query-input\":\"required name=search_term_string\"}],\"inLanguage\":\"fr-FR\"},{\"@type\":\"ImageObject\",\"inLanguage\":\"fr-FR\",\"@id\":\"https:\/\/bmsclinics.com\/fr\/cosmetic-ear-surgery\/#primaryimage\",\"url\":\"https:\/\/bmsclinics.com\/wp-content\/uploads\/2019\/11\/%D8%B4%D9%83%D9%84-%D8%A7%D9%84%D8%A7%D8%B0%D9%86-%D8%A8%D8%B9%D8%AF-%D8%B9%D9%85%D9%84%D9%8A%D8%A9-%D8%AA%D8%B5%D8%BA%D9%8A%D8%B1-%D8%A7%D9%84%D8%A7%D8%B0%D9%86-600x300.jpg\",\"contentUrl\":\"https:\/\/bmsclinics.com\/wp-content\/uploads\/2019\/11\/%D8%B4%D9%83%D9%84-%D8%A7%D9%84%D8%A7%D8%B0%D9%86-%D8%A8%D8%B9%D8%AF-%D8%B9%D9%85%D9%84%D9%8A%D8%A9-%D8%AA%D8%B5%D8%BA%D9%8A%D8%B1-%D8%A7%D9%84%D8%A7%D8%B0%D9%86-600x300.jpg\"},{\"@type\":\"WebPage\",\"@id\":\"https:\/\/bmsclinics.com\/fr\/cosmetic-ear-surgery\/#webpage\",\"url\":\"https:\/\/bmsclinics.com\/fr\/cosmetic-ear-surgery\/\",\"name\":\"Otoplastie - BMS Clinics\",\"isPartOf\":{\"@id\":\"https:\/\/bmsclinics.com\/#website\"},\"primaryImageOfPage\":{\"@id\":\"https:\/\/bmsclinics.com\/fr\/cosmetic-ear-surgery\/#primaryimage\"},\"datePublished\":\"2019-10-30T12:55:56+00:00\",\"dateModified\":\"2022-08-29T09:13:18+00:00\",\"breadcrumb\":{\"@id\":\"https:\/\/bmsclinics.com\/fr\/cosmetic-ear-surgery\/#breadcrumb\"},\"inLanguage\":\"fr-FR\",\"potentialAction\":[{\"@type\":\"ReadAction\",\"target\":[\"https:\/\/bmsclinics.com\/fr\/cosmetic-ear-surgery\/\"]}]},{\"@type\":\"BreadcrumbList\",\"@id\":\"https:\/\/bmsclinics.com\/fr\/cosmetic-ear-surgery\/#breadcrumb\",\"itemListElement\":[{\"@type\":\"ListItem\",\"position\":1,\"name\":\"Home\",\"item\":\"https:\/\/bmsclinics.com\/fr\/\"},{\"@type\":\"ListItem\",\"position\":2,\"name\":\"Otoplastie\"}]}]}<\/script>\n<!-- \/ Yoast SEO plugin. -->","yoast_head_json":{"title":"Otoplastie - BMS Clinics","robots":{"index":"index","follow":"follow","max-snippet":"max-snippet:-1","max-image-preview":"max-image-preview:large","max-video-preview":"max-video-preview:-1"},"canonical":"https:\/\/bmsclinics.com\/fr\/cosmetic-ear-surgery\/","og_locale":"fr_FR","og_type":"article","og_title":"Otoplastie - BMS Clinics","og_description":"Chirurgie plastique de l&rsquo;oreille Belle oreille est une id\u00e9e que toute personne ressentant un probl\u00e8me esth\u00e9tique au niveau de son oreille, quelles sont les raisons qui pourraient amener une personne \u00e0 croire qu&rsquo;elle a besoin d&rsquo;une chirurgie plastique de l&rsquo;oreille ? La chirurgie de l&rsquo;oreille est-elle avant tout un proc\u00e9d\u00e9 esth\u00e9tique ou est-ce une m\u00e9thode&hellip;","og_url":"https:\/\/bmsclinics.com\/fr\/cosmetic-ear-surgery\/","og_site_name":"BMS Clinics","article_modified_time":"2022-08-29T09:13:18+00:00","og_image":[{"url":"https:\/\/bmsclinics.com\/wp-content\/uploads\/2019\/11\/%D8%B4%D9%83%D9%84-%D8%A7%D9%84%D8%A7%D8%B0%D9%86-%D8%A8%D8%B9%D8%AF-%D8%B9%D9%85%D9%84%D9%8A%D8%A9-%D8%AA%D8%B5%D8%BA%D9%8A%D8%B1-%D8%A7%D9%84%D8%A7%D8%B0%D9%86-600x300.jpg"}],"twitter_card":"summary_large_image","twitter_misc":{"Dur\u00e9e de lecture estim\u00e9e":"4 minutes"},"schema":{"@context":"https:\/\/schema.org","@graph":[{"@type":"WebSite","@id":"https:\/\/bmsclinics.com\/#website","url":"https:\/\/bmsclinics.com\/","name":"BMS Clinics","description":"","potentialAction":[{"@type":"SearchAction","target":{"@type":"EntryPoint","urlTemplate":"https:\/\/bmsclinics.com\/?s={search_term_string}"},"query-input":"required name=search_term_string"}],"inLanguage":"fr-FR"},{"@type":"ImageObject","inLanguage":"fr-FR","@id":"https:\/\/bmsclinics.com\/fr\/cosmetic-ear-surgery\/#primaryimage","url":"https:\/\/bmsclinics.com\/wp-content\/uploads\/2019\/11\/%D8%B4%D9%83%D9%84-%D8%A7%D9%84%D8%A7%D8%B0%D9%86-%D8%A8%D8%B9%D8%AF-%D8%B9%D9%85%D9%84%D9%8A%D8%A9-%D8%AA%D8%B5%D8%BA%D9%8A%D8%B1-%D8%A7%D9%84%D8%A7%D8%B0%D9%86-600x300.jpg","contentUrl":"https:\/\/bmsclinics.com\/wp-content\/uploads\/2019\/11\/%D8%B4%D9%83%D9%84-%D8%A7%D9%84%D8%A7%D8%B0%D9%86-%D8%A8%D8%B9%D8%AF-%D8%B9%D9%85%D9%84%D9%8A%D8%A9-%D8%AA%D8%B5%D8%BA%D9%8A%D8%B1-%D8%A7%D9%84%D8%A7%D8%B0%D9%86-600x300.jpg"},{"@type":"WebPage","@id":"https:\/\/bmsclinics.com\/fr\/cosmetic-ear-surgery\/#webpage","url":"https:\/\/bmsclinics.com\/fr\/cosmetic-ear-surgery\/","name":"Otoplastie - BMS Clinics","isPartOf":{"@id":"https:\/\/bmsclinics.com\/#website"},"primaryImageOfPage":{"@id":"https:\/\/bmsclinics.com\/fr\/cosmetic-ear-surgery\/#primaryimage"},"datePublished":"2019-10-30T12:55:56+00:00","dateModified":"2022-08-29T09:13:18+00:00","breadcrumb":{"@id":"https:\/\/bmsclinics.com\/fr\/cosmetic-ear-surgery\/#breadcrumb"},"inLanguage":"fr-FR","potentialAction":[{"@type":"ReadAction","target":["https:\/\/bmsclinics.com\/fr\/cosmetic-ear-surgery\/"]}]},{"@type":"BreadcrumbList","@id":"https:\/\/bmsclinics.com\/fr\/cosmetic-ear-surgery\/#breadcrumb","itemListElement":[{"@type":"ListItem","position":1,"name":"Home","item":"https:\/\/bmsclinics.com\/fr\/"},{"@type":"ListItem","position":2,"name":"Otoplastie"}]}]}},"_links":{"self":[{"href":"https:\/\/bmsclinics.com\/fr\/wp-json\/wp\/v2\/pages\/306\/"}],"collection":[{"href":"https:\/\/bmsclinics.com\/fr\/wp-json\/wp\/v2\/pages\/"}],"about":[{"href":"https:\/\/bmsclinics.com\/fr\/wp-json\/wp\/v2\/types\/page\/"}],"author":[{"embeddable":true,"href":"https:\/\/bmsclinics.com\/fr\/wp-json\/wp\/v2\/users\/2\/"}],"replies":[{"embeddable":true,"href":"https:\/\/bmsclinics.com\/fr\/wp-json\/wp\/v2\/comments\/?post=306"}],"version-history":[{"count":6,"href":"https:\/\/bmsclinics.com\/fr\/wp-json\/wp\/v2\/pages\/306\/revisions\/"}],"predecessor-version":[{"id":2444,"href":"https:\/\/bmsclinics.com\/fr\/wp-json\/wp\/v2\/pages\/306\/revisions\/2444\/"}],"wp:attachment":[{"href":"https:\/\/bmsclinics.com\/fr\/wp-json\/wp\/v2\/media\/?parent=306"}],"curies":[{"name":"wp","href":"https:\/\/api.w.org\/{rel}","templated":true}]}}