{"id":280,"date":"2019-10-27T14:37:21","date_gmt":"2019-10-27T14:37:21","guid":{"rendered":"https:\/\/bmsclinics.com\/about-us-2\/"},"modified":"2022-08-29T11:03:22","modified_gmt":"2022-08-29T11:03:22","slug":"about-us-2","status":"publish","type":"page","link":"https:\/\/bmsclinics.com\/fr\/about-us-2\/","title":{"rendered":"Qui Sommes Nous"},"content":{"rendered":"<p>[vc_row full_width=\u00a0\u00bbstretch_row\u00a0\u00bb equal_height=\u00a0\u00bbyes\u00a0\u00bb bg_type=\u00a0\u00bbbg_color\u00a0\u00bb bg_override=\u00a0\u00bbfull\u00a0\u00bb bg_color_value=\u00a0\u00bb#eaeaea\u00a0\u00bb][vc_column width=\u00a0\u00bb1\/2&Prime;][vc_single_image image=\u00a0\u00bb44&Prime; img_size=\u00a0\u00bb600&#215;350&Prime; alignment=\u00a0\u00bbcenter\u00a0\u00bb][\/vc_column][vc_column width=\u00a0\u00bb1\/2&Prime;][vc_column_text css=\u00a0\u00bb.vc_custom_1661770946017{padding-top: 45px !important;}\u00a0\u00bb]<\/p>\n<div id=\"tw-target-text-container\" class=\"tw-ta-container F0azHf tw-nfl\" tabindex=\"0\">\n<h3 style=\"text-align: center;\"><strong><span class=\"Y2IQFc\" lang=\"fr\">Nous consacrons nos efforts et nos ressources \u00e0 fournir des services de soins m\u00e9dicaux cosm\u00e9tiques int\u00e9gr\u00e9s et nous sommes fiers de fournir les meilleures sp\u00e9cifications de qualit\u00e9 selon les normes europ\u00e9ennes et internationales les plus \u00e9lev\u00e9es avec les derni\u00e8res technologies innovantes en partenariat avec un groupe de m\u00e9decins professionnels les plus qualifi\u00e9s et Sp\u00e9cialistes turcs accr\u00e9dit\u00e9s par le minist\u00e8re turc de la sant\u00e9.<\/span><\/strong><\/h3>\n<\/div>\n<div id=\"tw-target-rmn-container\" class=\"tw-target-rmn tw-ta-container F0azHf tw-nfl\">\n<pre id=\"tw-target-rmn\" class=\"tw-data-placeholder tw-text-small tw-ta\" dir=\"ltr\" data-placeholder=\"\"><\/pre>\n<\/div>\n<div class=\"iYB33c\">\n<div class=\"dlJLJe\">\n<div data-cviv=\"false\" data-ved=\"2ahUKEwjh0on78uv5AhVTt6QKHVO3CRIQz_AEegQIAxAP\">\n<div class=\"U9URNb\"><img loading=\"lazy\" id=\"dimg_3\" class=\"YQ4gaf zr758c wA1Bge\" src=\"data:image\/png;base64,iVBORw0KGgoAAAANSUhEUgAAABQAAAAUCAQAAAAngNWGAAAA\/0lEQVR4AYXNMSiEcRyA4cfmGHQbCZIipkuxnJgMStlMNmeyD2dwmc8+sZgxYJd9ErIZFHUyYYD7fkr6l4\/rnvmtl7+KitrqV\/fq2Y5eLY3Z9S48eRLe7BmVZ9qhTLhQ0algzZWQOVKSsCF8OjAnwbxDTWFDUhPK\/jMr1H6HE\/IqRky2DyvCefuwItwZzodVoYRiLqMkVCXrwpJ9twZ+sgfDYEFYl8wIWxZ9uFf7zkallxlJh4YrLGsKjZRx7VGHhLqwgFUN45DGdb8MeXGpgB4ABZdeDcpZEY51A+hyLKz4S1W4MQWm3AibWtgWmk6dyISa1pSdyWTOlLXVp0+eL9D\/ZPfBTNanAAAAAElFTkSuQmCC\" alt=\"Community Verified icon\" width=\"16\" height=\"16\" data-atf=\"0\" data-frt=\"0\" \/><\/div>\n<\/div>\n<\/div>\n<div id=\"tw-tmenu\" class=\"tw-menu\"><\/div>\n<\/div>\n<p>[\/vc_column_text][\/vc_column][vc_column width=\u00a0\u00bb1\/2&Prime;][vc_column_text css=\u00a0\u00bb.vc_custom_1661770996750{padding-top: 45px !important;}\u00a0\u00bb]<\/p>\n<div class=\"wpb_text_column wpb_content_element vc_custom_1550234467379\">\n<div class=\"wpb_wrapper\">\n<div class=\"wpb_text_column wpb_content_element vc_custom_1550234365941\">\n<div class=\"wpb_wrapper\">\n<h3 style=\"text-align: center;\"><span class=\"Y2IQFc\" lang=\"fr\">Nous assumons nos responsabilit\u00e9s avec un engagement total, un professionnalisme et une cr\u00e9dibilit\u00e9 envers nos clients et soucieux de leur bel et prometteur avenir.Nous nous effor\u00e7ons de fournir les meilleurs services avec une grande efficacit\u00e9. <\/span><\/h3>\n<\/div>\n<\/div>\n<\/div>\n<\/div>\n<p>[\/vc_column_text][\/vc_column][vc_column width=\u00a0\u00bb1\/2&Prime;][vc_single_image image=\u00a0\u00bb42&Prime; img_size=\u00a0\u00bb600&#215;350&Prime; alignment=\u00a0\u00bbcenter\u00a0\u00bb][\/vc_column][\/vc_row]<\/p>\n","protected":false},"excerpt":{"rendered":"<p>[vc_row full_width=\u00a0\u00bbstretch_row\u00a0\u00bb equal_height=\u00a0\u00bbyes\u00a0\u00bb bg_type=\u00a0\u00bbbg_color\u00a0\u00bb bg_override=\u00a0\u00bbfull\u00a0\u00bb bg_color_value=\u00a0\u00bb#eaeaea\u00a0\u00bb][vc_column width=\u00a0\u00bb1\/2&Prime;][vc_single_image image=\u00a0\u00bb44&Prime; img_size=\u00a0\u00bb600&#215;350&Prime; alignment=\u00a0\u00bbcenter\u00a0\u00bb][\/vc_column][vc_column width=\u00a0\u00bb1\/2&Prime;][vc_column_text css=\u00a0\u00bb.vc_custom_1661770946017{padding-top: 45px !important;}\u00a0\u00bb] Nous consacrons nos efforts et nos ressources \u00e0 fournir des services de soins m\u00e9dicaux cosm\u00e9tiques int\u00e9gr\u00e9s et nous sommes fiers de fournir les meilleures sp\u00e9cifications de qualit\u00e9 selon les normes europ\u00e9ennes et internationales les plus \u00e9lev\u00e9es avec les derni\u00e8res technologies innovantes&hellip;<\/p>\n","protected":false},"author":2,"featured_media":0,"parent":0,"menu_order":0,"comment_status":"closed","ping_status":"closed","template":"","meta":[],"yoast_head":"<!-- This site is optimized with the Yoast SEO plugin v18.8 - https:\/\/yoast.com\/wordpress\/plugins\/seo\/ -->\n<title>Qui Sommes Nous - BMS Clinics<\/title>\n<meta name=\"robots\" content=\"index, follow, max-snippet:-1, max-image-preview:large, max-video-preview:-1\" \/>\n<link rel=\"canonical\" href=\"https:\/\/bmsclinics.com\/fr\/about-us-2\/\" \/>\n<meta property=\"og:locale\" content=\"fr_FR\" \/>\n<meta property=\"og:type\" content=\"article\" \/>\n<meta property=\"og:title\" content=\"Qui Sommes Nous - BMS Clinics\" \/>\n<meta property=\"og:description\" content=\"[vc_row full_width=\u00a0\u00bbstretch_row\u00a0\u00bb equal_height=\u00a0\u00bbyes\u00a0\u00bb bg_type=\u00a0\u00bbbg_color\u00a0\u00bb bg_override=\u00a0\u00bbfull\u00a0\u00bb bg_color_value=\u00a0\u00bb#eaeaea\u00a0\u00bb][vc_column width=\u00a0\u00bb1\/2&Prime;][vc_single_image image=\u00a0\u00bb44&Prime; img_size=\u00a0\u00bb600&#215;350&Prime; alignment=\u00a0\u00bbcenter\u00a0\u00bb][\/vc_column][vc_column width=\u00a0\u00bb1\/2&Prime;][vc_column_text css=\u00a0\u00bb.vc_custom_1661770946017{padding-top: 45px !important;}\u00a0\u00bb] Nous consacrons nos efforts et nos ressources \u00e0 fournir des services de soins m\u00e9dicaux cosm\u00e9tiques int\u00e9gr\u00e9s et nous sommes fiers de fournir les meilleures sp\u00e9cifications de qualit\u00e9 selon les normes europ\u00e9ennes et internationales les plus \u00e9lev\u00e9es avec les derni\u00e8res technologies innovantes&hellip;\" \/>\n<meta property=\"og:url\" content=\"https:\/\/bmsclinics.com\/fr\/about-us-2\/\" \/>\n<meta property=\"og:site_name\" content=\"BMS Clinics\" \/>\n<meta property=\"article:modified_time\" content=\"2022-08-29T11:03:22+00:00\" \/>\n<meta name=\"twitter:card\" content=\"summary_large_image\" \/>\n<meta name=\"twitter:label1\" content=\"Dur\u00e9e de lecture estim\u00e9e\" \/>\n\t<meta name=\"twitter:data1\" content=\"1 minute\" \/>\n<script type=\"application\/ld+json\" class=\"yoast-schema-graph\">{\"@context\":\"https:\/\/schema.org\",\"@graph\":[{\"@type\":\"WebSite\",\"@id\":\"https:\/\/bmsclinics.com\/#website\",\"url\":\"https:\/\/bmsclinics.com\/\",\"name\":\"BMS Clinics\",\"description\":\"\",\"potentialAction\":[{\"@type\":\"SearchAction\",\"target\":{\"@type\":\"EntryPoint\",\"urlTemplate\":\"https:\/\/bmsclinics.com\/?s={search_term_string}\"},\"query-input\":\"required name=search_term_string\"}],\"inLanguage\":\"fr-FR\"},{\"@type\":\"WebPage\",\"@id\":\"https:\/\/bmsclinics.com\/fr\/about-us-2\/#webpage\",\"url\":\"https:\/\/bmsclinics.com\/fr\/about-us-2\/\",\"name\":\"Qui Sommes Nous - BMS Clinics\",\"isPartOf\":{\"@id\":\"https:\/\/bmsclinics.com\/#website\"},\"datePublished\":\"2019-10-27T14:37:21+00:00\",\"dateModified\":\"2022-08-29T11:03:22+00:00\",\"breadcrumb\":{\"@id\":\"https:\/\/bmsclinics.com\/fr\/about-us-2\/#breadcrumb\"},\"inLanguage\":\"fr-FR\",\"potentialAction\":[{\"@type\":\"ReadAction\",\"target\":[\"https:\/\/bmsclinics.com\/fr\/about-us-2\/\"]}]},{\"@type\":\"BreadcrumbList\",\"@id\":\"https:\/\/bmsclinics.com\/fr\/about-us-2\/#breadcrumb\",\"itemListElement\":[{\"@type\":\"ListItem\",\"position\":1,\"name\":\"Home\",\"item\":\"https:\/\/bmsclinics.com\/fr\/\"},{\"@type\":\"ListItem\",\"position\":2,\"name\":\"Qui Sommes Nous\"}]}]}<\/script>\n<!-- \/ Yoast SEO plugin. -->","yoast_head_json":{"title":"Qui Sommes Nous - BMS Clinics","robots":{"index":"index","follow":"follow","max-snippet":"max-snippet:-1","max-image-preview":"max-image-preview:large","max-video-preview":"max-video-preview:-1"},"canonical":"https:\/\/bmsclinics.com\/fr\/about-us-2\/","og_locale":"fr_FR","og_type":"article","og_title":"Qui Sommes Nous - BMS Clinics","og_description":"[vc_row full_width=\u00a0\u00bbstretch_row\u00a0\u00bb equal_height=\u00a0\u00bbyes\u00a0\u00bb bg_type=\u00a0\u00bbbg_color\u00a0\u00bb bg_override=\u00a0\u00bbfull\u00a0\u00bb bg_color_value=\u00a0\u00bb#eaeaea\u00a0\u00bb][vc_column width=\u00a0\u00bb1\/2&Prime;][vc_single_image image=\u00a0\u00bb44&Prime; img_size=\u00a0\u00bb600&#215;350&Prime; alignment=\u00a0\u00bbcenter\u00a0\u00bb][\/vc_column][vc_column width=\u00a0\u00bb1\/2&Prime;][vc_column_text css=\u00a0\u00bb.vc_custom_1661770946017{padding-top: 45px !important;}\u00a0\u00bb] Nous consacrons nos efforts et nos ressources \u00e0 fournir des services de soins m\u00e9dicaux cosm\u00e9tiques int\u00e9gr\u00e9s et nous sommes fiers de fournir les meilleures sp\u00e9cifications de qualit\u00e9 selon les normes europ\u00e9ennes et internationales les plus \u00e9lev\u00e9es avec les derni\u00e8res technologies innovantes&hellip;","og_url":"https:\/\/bmsclinics.com\/fr\/about-us-2\/","og_site_name":"BMS Clinics","article_modified_time":"2022-08-29T11:03:22+00:00","twitter_card":"summary_large_image","twitter_misc":{"Dur\u00e9e de lecture estim\u00e9e":"1 minute"},"schema":{"@context":"https:\/\/schema.org","@graph":[{"@type":"WebSite","@id":"https:\/\/bmsclinics.com\/#website","url":"https:\/\/bmsclinics.com\/","name":"BMS Clinics","description":"","potentialAction":[{"@type":"SearchAction","target":{"@type":"EntryPoint","urlTemplate":"https:\/\/bmsclinics.com\/?s={search_term_string}"},"query-input":"required name=search_term_string"}],"inLanguage":"fr-FR"},{"@type":"WebPage","@id":"https:\/\/bmsclinics.com\/fr\/about-us-2\/#webpage","url":"https:\/\/bmsclinics.com\/fr\/about-us-2\/","name":"Qui Sommes Nous - BMS Clinics","isPartOf":{"@id":"https:\/\/bmsclinics.com\/#website"},"datePublished":"2019-10-27T14:37:21+00:00","dateModified":"2022-08-29T11:03:22+00:00","breadcrumb":{"@id":"https:\/\/bmsclinics.com\/fr\/about-us-2\/#breadcrumb"},"inLanguage":"fr-FR","potentialAction":[{"@type":"ReadAction","target":["https:\/\/bmsclinics.com\/fr\/about-us-2\/"]}]},{"@type":"BreadcrumbList","@id":"https:\/\/bmsclinics.com\/fr\/about-us-2\/#breadcrumb","itemListElement":[{"@type":"ListItem","position":1,"name":"Home","item":"https:\/\/bmsclinics.com\/fr\/"},{"@type":"ListItem","position":2,"name":"Qui Sommes Nous"}]}]}},"_links":{"self":[{"href":"https:\/\/bmsclinics.com\/fr\/wp-json\/wp\/v2\/pages\/280\/"}],"collection":[{"href":"https:\/\/bmsclinics.com\/fr\/wp-json\/wp\/v2\/pages\/"}],"about":[{"href":"https:\/\/bmsclinics.com\/fr\/wp-json\/wp\/v2\/types\/page\/"}],"author":[{"embeddable":true,"href":"https:\/\/bmsclinics.com\/fr\/wp-json\/wp\/v2\/users\/2\/"}],"replies":[{"embeddable":true,"href":"https:\/\/bmsclinics.com\/fr\/wp-json\/wp\/v2\/comments\/?post=280"}],"version-history":[{"count":4,"href":"https:\/\/bmsclinics.com\/fr\/wp-json\/wp\/v2\/pages\/280\/revisions\/"}],"predecessor-version":[{"id":2473,"href":"https:\/\/bmsclinics.com\/fr\/wp-json\/wp\/v2\/pages\/280\/revisions\/2473\/"}],"wp:attachment":[{"href":"https:\/\/bmsclinics.com\/fr\/wp-json\/wp\/v2\/media\/?parent=280"}],"curies":[{"name":"wp","href":"https:\/\/api.w.org\/{rel}","templated":true}]}}