{"id":2468,"date":"2022-08-29T10:37:25","date_gmt":"2022-08-29T10:37:25","guid":{"rendered":"https:\/\/bmsclinics.com\/?page_id=2468"},"modified":"2022-08-29T10:47:38","modified_gmt":"2022-08-29T10:47:38","slug":"implants-dentaires","status":"publish","type":"page","link":"https:\/\/bmsclinics.com\/fr\/implants-dentaires\/","title":{"rendered":"Implants Dentaires"},"content":{"rendered":"<h1>Quel est le processus d&rsquo;implant dentaire?<\/h1>\n<p>La popularit\u00e9 des implants dentaires a beaucoup augment\u00e9 ces derniers temps, en raison des progr\u00e8s de la m\u00e9decine esth\u00e9tique, des techniques pratiques et des mat\u00e9riaux qui composent les dents implant\u00e9es.Il est devenu tr\u00e8s populaire pour ceux qui veulent restaurer leurs dents et leur sourire \u00e9clatant, et la Turquie figurait sur la liste des pays fournissant ce service m\u00e9dical pour ses mat\u00e9riaux dentaires.Haute qualit\u00e9 et co\u00fbt relativement bas par rapport aux autres pays europ\u00e9ens et am\u00e9ricains.<\/p>\n<p>Les implants dentaires font partie des proc\u00e9dures dentaires esth\u00e9tiques chirurgicales les plus demand\u00e9es \u00e0 la clinique BMS, dans lesquelles le m\u00e9decin remplace les dents manquantes par des implants implant\u00e9s chirurgicalement dans les os de la m\u00e2choire, puis les recouvre d&rsquo;une couronne par le haut d&rsquo;une mani\u00e8re qui s&rsquo;adapte aux dents. en bouche naturellement. Caract\u00e9ris\u00e9 par le processus de culture . Le processus d&rsquo;implantation dentaire se caract\u00e9rise par l&rsquo;absence d&rsquo;une certaine limite pour les dents implant\u00e9es, car vous pouvez implanter une dent ou plusieurs dents ; Avec un co\u00fbt variable et apr\u00e8s consultation d&rsquo;un m\u00e9decin, bien s\u00fbr.<\/p>\n<p><img src=\"https:\/\/bmsclinics.com\/wp-content\/uploads\/2020\/02\/iStock-471671325-1024x683.jpg\" \/><\/p>\n<h1>Candidats aux implants dentaires<\/h1>\n<p>Le m\u00e9decin de la clinique BMS commence par un examen complet de la bouche du patient, comme tout examen de routine et p\u00e9riodique, et examine \u00e9galement ses ant\u00e9c\u00e9dents m\u00e9dicaux pour s&rsquo;assurer qu&rsquo;il n&rsquo;a pas de maladies chroniques qui l&#8217;emp\u00eachent d&rsquo;effectuer des implants dentaires, pour faire s\u00fbr qu&rsquo;il est candidat \u00e0 l&rsquo;op\u00e9ration, l&rsquo;une des conditions qui Pour \u00eatre candidat aux implants dentaires, vous devez avoir :<\/p>\n<ul>\n<li>Les personnes qui ont perdu une ou plusieurs dents et qui souhaitent des implants dentaires de remplacement pour des raisons esth\u00e9tiques ou m\u00e9dicales.<\/li>\n<li>Que le patient subissant l&rsquo;op\u00e9ration soit exempt de certaines maladies qui affectent les os, telles que le diab\u00e8te et l&rsquo;ost\u00e9oporose avanc\u00e9e.<\/li>\n<li>Pour que le patient subissant des implants dentaires ait une densit\u00e9 osseuse appropri\u00e9e pour que les implants dentaires r\u00e9ussissent.<\/li>\n<li><span class=\"Y2IQFc\" lang=\"fr\">Les personnes qui entretiennent et maintiennent la propret\u00e9 et le soin de leurs dents, le patient doit avoir une bonne sant\u00e9 bucco-dentaire.<\/span><\/li>\n<li>Le patient subissant des implants dentaires ne doit pas souffrir d&rsquo;hypertension art\u00e9rielle chronique.<\/li>\n<li>Le patient ne doit pas \u00eatre un gros fumeur (plus de 10 cigarettes par jour).<\/li>\n<\/ul>\n<p><img src=\"https:\/\/bmsclinics.com\/wp-content\/uploads\/2020\/02\/Cover-16-1024x587.jpg\" \/><\/p>\n<h1>Conseils avant les implants dentaires<\/h1>\n<p>Il y a quelques conseils et instructions qu&rsquo;un patient subissant des implants dentaires doit suivre avant d&rsquo;effectuer l&rsquo;op\u00e9ration, afin d&rsquo;obtenir une op\u00e9ration d&rsquo;implant dentaire r\u00e9ussie. Parmi ces conseils :<\/p>\n<ul>\n<li>Choisir un m\u00e9decin sp\u00e9cialiste exp\u00e9riment\u00e9, comp\u00e9tent et de bonne r\u00e9putation Les implants dentaires sont une intervention chirurgicale d\u00e9licate.<\/li>\n<li>Choisir un centre dentaire reconnu pour ses bons services de traitement avant et apr\u00e8s l&rsquo;op\u00e9ration.<\/li>\n<li>Maintenir une routine d&rsquo;hygi\u00e8ne dentaire et des gencives, car le patient subissant des implants dentaires doit avoir une bonne sant\u00e9 bucco-dentaire.<\/li>\n<li id=\"tw-target-text-container\" class=\"tw-ta-container F0azHf tw-nfl\" tabindex=\"0\"><span class=\"Y2IQFc\" lang=\"fr\">S&rsquo;abstenir de fumer avant l&rsquo;op\u00e9ration (un \u00e0 deux mois)<\/span><\/li>\n<li class=\"tw-ta-container F0azHf tw-nfl\" tabindex=\"0\">&nbsp;\n<p><span class=\"Y2IQFc\" lang=\"fr\">\u00c9vitez les stimulants et la caf\u00e9ine, comme le th\u00e9 et le caf\u00e9 arabe, deux semaines avant l&rsquo;op\u00e9ration.<\/span><\/li>\n<\/ul>\n<p><img src=\"https:\/\/bmsclinics.com\/wp-content\/uploads\/2020\/02\/dental-implant-1024x683.jpg\" \/><\/p>\n<h1>Conseils apr\u00e8s une chirurgie d&rsquo;implant dentaire<\/h1>\n<p>Apr\u00e8s l&rsquo;op\u00e9ration et la pose de la nouvelle dent, le patient subissant des implants dentaires s&rsquo;occupera de ses dents de mani\u00e8re tr\u00e8s naturelle, avec :<\/p>\n<ul>\n<li>En tenant compte du nettoyage et des soins p\u00e9riodiques et de l&rsquo;hygi\u00e8ne des dents.<\/li>\n<li>Nettoyez les gencives et n&rsquo;y laissez aucun r\u00e9sidu alimentaire.<\/li>\n<li>Passez un examen p\u00e9riodique chez le dentiste tous les 6 mois.<\/li>\n<li>Efforcez-vous de r\u00e9duire ou de vous abstenir de consommer de l&rsquo;alcool et de fumer pour pr\u00e9server les dents implant\u00e9es.<\/li>\n<\/ul>\n<h1>\u00c9tapes du processus d&rsquo;implantation dentaire \u00e0 la clinique BMS<\/h1>\n<p>Les implants dentaires sont r\u00e9alis\u00e9s en plusieurs \u00e9tapes de routine \u00e0 la Clinique BMS :<\/p>\n<ul>\n<li>Le m\u00e9decin pr\u00e9pare l&#8217;emplacement exact de l&rsquo;implant en pla\u00e7ant les implants en m\u00e9tal de titane pur dans l&rsquo;os de la m\u00e2choire \u00e0 la place de la dent manquante.<\/li>\n<li>L&rsquo;os de la m\u00e2choire et l&rsquo;implant sont gu\u00e9ris, par ce qu&rsquo;on appelle la fusion osseuse, et ce processus prend six mois pour la m\u00e2choire sup\u00e9rieure et trois mois pour la m\u00e2choire inf\u00e9rieure.<\/li>\n<li>Le m\u00e9decin pr\u00e9pare la composition finale pour les implants dentaires, et cette \u00e9tape comprend un certain nombre de s\u00e9ances au cours desquelles la composition est pr\u00e9par\u00e9e \u00e0 partir d&#8217;empreintes de la bouche, puis le m\u00e9decin l&rsquo;installe de mani\u00e8re permanente sur l&rsquo;implant implant\u00e9.<\/li>\n<\/ul>\n<p>Le temps d&rsquo;implantation de l&rsquo;implant dentaire prend environ une demi-heure, et le processus d&rsquo;implantation dentaire est un processus qui s&rsquo;accompagne d&rsquo;une l\u00e9g\u00e8re douleur qui peut \u00eatre trait\u00e9e avec des analg\u00e9siques r\u00e9guliers. Le taux de r\u00e9ussite des implants dentaires est de 95% pour la m\u00e2choire inf\u00e9rieure et de 90% pour la m\u00e2choire sup\u00e9rieure car il est plus difficile de fusionner les implants avec les os de la m\u00e2choire sup\u00e9rieure.<\/p>\n","protected":false},"excerpt":{"rendered":"<p>Quel est le processus d&rsquo;implant dentaire? La popularit\u00e9 des implants dentaires a beaucoup augment\u00e9 ces derniers temps, en raison des progr\u00e8s de la m\u00e9decine esth\u00e9tique, des techniques pratiques et des mat\u00e9riaux qui composent les dents implant\u00e9es.Il est devenu tr\u00e8s populaire pour ceux qui veulent restaurer leurs dents et leur sourire \u00e9clatant, et la Turquie figurait&hellip;<\/p>\n","protected":false},"author":2,"featured_media":1038,"parent":0,"menu_order":0,"comment_status":"closed","ping_status":"closed","template":"","meta":[],"yoast_head":"<!-- This site is optimized with the Yoast SEO plugin v18.8 - https:\/\/yoast.com\/wordpress\/plugins\/seo\/ -->\n<title>Implants Dentaires - BMS Clinics<\/title>\n<meta name=\"robots\" content=\"index, follow, max-snippet:-1, max-image-preview:large, max-video-preview:-1\" \/>\n<link rel=\"canonical\" href=\"https:\/\/bmsclinics.com\/fr\/implants-dentaires\/\" \/>\n<meta property=\"og:locale\" content=\"fr_FR\" \/>\n<meta property=\"og:type\" content=\"article\" \/>\n<meta property=\"og:title\" content=\"Implants Dentaires - BMS Clinics\" \/>\n<meta property=\"og:description\" content=\"Quel est le processus d&rsquo;implant dentaire? La popularit\u00e9 des implants dentaires a beaucoup augment\u00e9 ces derniers temps, en raison des progr\u00e8s de la m\u00e9decine esth\u00e9tique, des techniques pratiques et des mat\u00e9riaux qui composent les dents implant\u00e9es.Il est devenu tr\u00e8s populaire pour ceux qui veulent restaurer leurs dents et leur sourire \u00e9clatant, et la Turquie figurait&hellip;\" \/>\n<meta property=\"og:url\" content=\"https:\/\/bmsclinics.com\/fr\/implants-dentaires\/\" \/>\n<meta property=\"og:site_name\" content=\"BMS Clinics\" \/>\n<meta property=\"article:modified_time\" content=\"2022-08-29T10:47:38+00:00\" \/>\n<meta property=\"og:image\" content=\"https:\/\/bmsclinics.com\/wp-content\/uploads\/2020\/02\/dental-implant-surgry.jpg\" \/>\n\t<meta property=\"og:image:width\" content=\"600\" \/>\n\t<meta property=\"og:image:height\" content=\"300\" \/>\n\t<meta property=\"og:image:type\" content=\"image\/jpeg\" \/>\n<meta name=\"twitter:card\" content=\"summary_large_image\" \/>\n<meta name=\"twitter:label1\" content=\"Dur\u00e9e de lecture estim\u00e9e\" \/>\n\t<meta name=\"twitter:data1\" content=\"4 minutes\" \/>\n<script type=\"application\/ld+json\" class=\"yoast-schema-graph\">{\"@context\":\"https:\/\/schema.org\",\"@graph\":[{\"@type\":\"WebSite\",\"@id\":\"https:\/\/bmsclinics.com\/#website\",\"url\":\"https:\/\/bmsclinics.com\/\",\"name\":\"BMS Clinics\",\"description\":\"\",\"potentialAction\":[{\"@type\":\"SearchAction\",\"target\":{\"@type\":\"EntryPoint\",\"urlTemplate\":\"https:\/\/bmsclinics.com\/?s={search_term_string}\"},\"query-input\":\"required name=search_term_string\"}],\"inLanguage\":\"fr-FR\"},{\"@type\":\"ImageObject\",\"inLanguage\":\"fr-FR\",\"@id\":\"https:\/\/bmsclinics.com\/fr\/implants-dentaires\/#primaryimage\",\"url\":\"https:\/\/bmsclinics.com\/wp-content\/uploads\/2020\/02\/dental-implant-surgry.jpg\",\"contentUrl\":\"https:\/\/bmsclinics.com\/wp-content\/uploads\/2020\/02\/dental-implant-surgry.jpg\",\"width\":600,\"height\":300},{\"@type\":\"WebPage\",\"@id\":\"https:\/\/bmsclinics.com\/fr\/implants-dentaires\/#webpage\",\"url\":\"https:\/\/bmsclinics.com\/fr\/implants-dentaires\/\",\"name\":\"Implants Dentaires - BMS Clinics\",\"isPartOf\":{\"@id\":\"https:\/\/bmsclinics.com\/#website\"},\"primaryImageOfPage\":{\"@id\":\"https:\/\/bmsclinics.com\/fr\/implants-dentaires\/#primaryimage\"},\"datePublished\":\"2022-08-29T10:37:25+00:00\",\"dateModified\":\"2022-08-29T10:47:38+00:00\",\"breadcrumb\":{\"@id\":\"https:\/\/bmsclinics.com\/fr\/implants-dentaires\/#breadcrumb\"},\"inLanguage\":\"fr-FR\",\"potentialAction\":[{\"@type\":\"ReadAction\",\"target\":[\"https:\/\/bmsclinics.com\/fr\/implants-dentaires\/\"]}]},{\"@type\":\"BreadcrumbList\",\"@id\":\"https:\/\/bmsclinics.com\/fr\/implants-dentaires\/#breadcrumb\",\"itemListElement\":[{\"@type\":\"ListItem\",\"position\":1,\"name\":\"Home\",\"item\":\"https:\/\/bmsclinics.com\/fr\/\"},{\"@type\":\"ListItem\",\"position\":2,\"name\":\"Implants Dentaires\"}]}]}<\/script>\n<!-- \/ Yoast SEO plugin. -->","yoast_head_json":{"title":"Implants Dentaires - BMS Clinics","robots":{"index":"index","follow":"follow","max-snippet":"max-snippet:-1","max-image-preview":"max-image-preview:large","max-video-preview":"max-video-preview:-1"},"canonical":"https:\/\/bmsclinics.com\/fr\/implants-dentaires\/","og_locale":"fr_FR","og_type":"article","og_title":"Implants Dentaires - BMS Clinics","og_description":"Quel est le processus d&rsquo;implant dentaire? La popularit\u00e9 des implants dentaires a beaucoup augment\u00e9 ces derniers temps, en raison des progr\u00e8s de la m\u00e9decine esth\u00e9tique, des techniques pratiques et des mat\u00e9riaux qui composent les dents implant\u00e9es.Il est devenu tr\u00e8s populaire pour ceux qui veulent restaurer leurs dents et leur sourire \u00e9clatant, et la Turquie figurait&hellip;","og_url":"https:\/\/bmsclinics.com\/fr\/implants-dentaires\/","og_site_name":"BMS Clinics","article_modified_time":"2022-08-29T10:47:38+00:00","og_image":[{"width":600,"height":300,"url":"https:\/\/bmsclinics.com\/wp-content\/uploads\/2020\/02\/dental-implant-surgry.jpg","type":"image\/jpeg"}],"twitter_card":"summary_large_image","twitter_misc":{"Dur\u00e9e de lecture estim\u00e9e":"4 minutes"},"schema":{"@context":"https:\/\/schema.org","@graph":[{"@type":"WebSite","@id":"https:\/\/bmsclinics.com\/#website","url":"https:\/\/bmsclinics.com\/","name":"BMS Clinics","description":"","potentialAction":[{"@type":"SearchAction","target":{"@type":"EntryPoint","urlTemplate":"https:\/\/bmsclinics.com\/?s={search_term_string}"},"query-input":"required name=search_term_string"}],"inLanguage":"fr-FR"},{"@type":"ImageObject","inLanguage":"fr-FR","@id":"https:\/\/bmsclinics.com\/fr\/implants-dentaires\/#primaryimage","url":"https:\/\/bmsclinics.com\/wp-content\/uploads\/2020\/02\/dental-implant-surgry.jpg","contentUrl":"https:\/\/bmsclinics.com\/wp-content\/uploads\/2020\/02\/dental-implant-surgry.jpg","width":600,"height":300},{"@type":"WebPage","@id":"https:\/\/bmsclinics.com\/fr\/implants-dentaires\/#webpage","url":"https:\/\/bmsclinics.com\/fr\/implants-dentaires\/","name":"Implants Dentaires - BMS Clinics","isPartOf":{"@id":"https:\/\/bmsclinics.com\/#website"},"primaryImageOfPage":{"@id":"https:\/\/bmsclinics.com\/fr\/implants-dentaires\/#primaryimage"},"datePublished":"2022-08-29T10:37:25+00:00","dateModified":"2022-08-29T10:47:38+00:00","breadcrumb":{"@id":"https:\/\/bmsclinics.com\/fr\/implants-dentaires\/#breadcrumb"},"inLanguage":"fr-FR","potentialAction":[{"@type":"ReadAction","target":["https:\/\/bmsclinics.com\/fr\/implants-dentaires\/"]}]},{"@type":"BreadcrumbList","@id":"https:\/\/bmsclinics.com\/fr\/implants-dentaires\/#breadcrumb","itemListElement":[{"@type":"ListItem","position":1,"name":"Home","item":"https:\/\/bmsclinics.com\/fr\/"},{"@type":"ListItem","position":2,"name":"Implants Dentaires"}]}]}},"_links":{"self":[{"href":"https:\/\/bmsclinics.com\/fr\/wp-json\/wp\/v2\/pages\/2468\/"}],"collection":[{"href":"https:\/\/bmsclinics.com\/fr\/wp-json\/wp\/v2\/pages\/"}],"about":[{"href":"https:\/\/bmsclinics.com\/fr\/wp-json\/wp\/v2\/types\/page\/"}],"author":[{"embeddable":true,"href":"https:\/\/bmsclinics.com\/fr\/wp-json\/wp\/v2\/users\/2\/"}],"replies":[{"embeddable":true,"href":"https:\/\/bmsclinics.com\/fr\/wp-json\/wp\/v2\/comments\/?post=2468"}],"version-history":[{"count":3,"href":"https:\/\/bmsclinics.com\/fr\/wp-json\/wp\/v2\/pages\/2468\/revisions\/"}],"predecessor-version":[{"id":2471,"href":"https:\/\/bmsclinics.com\/fr\/wp-json\/wp\/v2\/pages\/2468\/revisions\/2471\/"}],"wp:featuredmedia":[{"embeddable":true,"href":"https:\/\/bmsclinics.com\/fr\/wp-json\/wp\/v2\/media\/1038\/"}],"wp:attachment":[{"href":"https:\/\/bmsclinics.com\/fr\/wp-json\/wp\/v2\/media\/?parent=2468"}],"curies":[{"name":"wp","href":"https:\/\/api.w.org\/{rel}","templated":true}]}}