{"id":2462,"date":"2022-08-29T10:12:48","date_gmt":"2022-08-29T10:12:48","guid":{"rendered":"https:\/\/bmsclinics.com\/?page_id=2462"},"modified":"2022-08-29T10:24:19","modified_gmt":"2022-08-29T10:24:19","slug":"sourire-hollywoodien","status":"publish","type":"page","link":"https:\/\/bmsclinics.com\/fr\/sourire-hollywoodien\/","title":{"rendered":"sourire hollywoodien"},"content":{"rendered":"<h1>sourire hollywoodien<\/h1>\n<p><img src=\"https:\/\/bmsclinics.com\/wp-content\/uploads\/2020\/02\/04110003_800_800px.jpg\" \/><\/p>\n<p>Hollywood smile, est une proc\u00e9dure cosm\u00e9tique non chirurgicale, avec des r\u00e9sultats imm\u00e9diats, en installant des facettes sur les dents qui sont faites pour chaque individu en fonction de la forme de sa m\u00e2choire et de sa bouche, et le but est d&rsquo;am\u00e9liorer la forme des dents et les blanchir pour durer de nombreuses ann\u00e9es. La chirurgie du sourire hollywoodien est effectu\u00e9e pour \u00e9liminer la pigmentation et les changements de couleur des dents.C&rsquo;est \u00e9galement un moyen efficace de r\u00e9soudre le probl\u00e8me des dents \u00e9br\u00e9ch\u00e9es ou manquantes, ou des dents irr\u00e9guli\u00e8res qui souffrent de d\u00e9viations et d&rsquo;asym\u00e9trie, ou celles qui contiennent des espaces entre elles. .<\/p>\n<h1>Techniques utilis\u00e9es pour faire sourire Hollywood<\/h1>\n<p>Il existe plusieurs types de placages qui sont utilis\u00e9s dans le processus du sourire hollywoodien \u00e0 la clinique BMS, dont les plus importants sont :<\/p>\n<p><strong> Placages:<\/strong> C&rsquo;est l&rsquo;un des derniers placages utilis\u00e9s pour tous les types de dents dans le processus du sourire hollywoodien, o\u00f9 le m\u00e9decin lime les dents \u00e0 l&rsquo;aide d&rsquo;outils dentaires pr\u00e9cis, puis installe les placages sur les dents.<\/p>\n<p><strong> Facettes en porcelaine :<\/strong> Ce sont des facettes en c\u00e9ramique utilis\u00e9es pour les poser sur les dents internes, en m\u00e9tal, qui am\u00e9liorent l&rsquo;apparence des dents et leur redonnent leur aspect naturel.<\/p>\n<p><strong> Placages de zircone :<\/strong> Ce sont des placages au laser utilis\u00e9s pour les dents internes, sur lesquels on compte pour corriger et modifier les dents \u00e9br\u00e9ch\u00e9es.<\/p>\n<p><strong>Luminaires :<\/strong> Ce sont des cro\u00fbtes minces utilis\u00e9es pour les incisives externes, dont le but est d&rsquo;am\u00e9liorer la couleur des dents et de les rendre homog\u00e8nes entre elles en termes de couleur et de forme.<\/p>\n<p><img src=\"https:\/\/bmsclinics.com\/wp-content\/uploads\/2020\/02\/Screenshot_22-9-1.jpg\" \/><\/p>\n<p>Candidats au sourire hollywoodien Malgr\u00e9 la simplicit\u00e9 du sourire hollywoodien, sa facilit\u00e9 \u00e0 le faire et son ad\u00e9quation \u00e0 la plupart des cas, il existe quelques exceptions qui ne conviennent pas au sourire hollywoodien, dont les plus importantes sont :<\/p>\n<ul>\n<li>Il ne peut pas \u00eatre pratiqu\u00e9 sur des enfants ou des adolescents de moins de 20 ans.<\/li>\n<li>Il n&rsquo;est pas possible de l&rsquo;effectuer pour les personnes qui ont un probl\u00e8me avec la croissance des dents.<\/li>\n<li>Pour les personnes qui utilisent l&rsquo;orthodontie, les dents doivent \u00eatre entretenues et stables.<\/li>\n<li>Les personnes qui souffrent de probl\u00e8mes fondamentaux tels que la perte d&rsquo;un grand nombre de dents ou la pr\u00e9sence d&rsquo;infections graves au niveau des gencives, c&rsquo;est-\u00e0-dire que les gencives doivent \u00eatre trait\u00e9es et assurer leur s\u00e9curit\u00e9 afin de pouvoir r\u00e9aliser un sourire hollywoodien.<\/li>\n<\/ul>\n<p><img src=\"https:\/\/bmsclinics.com\/wp-content\/uploads\/2020\/02\/%DA%A9%D8%A7%D8%B1%D8%A8%D8%B1%D8%AF%D9%87%D8%A7%DB%8C-%D9%84%D9%85%DB%8C%D9%86%D8%AA-%D8%AE%DB%8C%D9%84%DB%8C-%D9%86%D8%A7%D8%B2%DA%A9-%D9%84%D9%88%D9%85%DB%8C%D9%86%DB%8C%D8%B1%D8%B2-1024x576.jpg\" \/><\/p>\n<h1>Conseils apr\u00e8s avoir fait un sourire hollywoodien<\/h1>\n<p>Ce qui distingue le sourire hollywoodien, c&rsquo;est qu&rsquo;il ne n\u00e9cessite aucun soin suppl\u00e9mentaire, mais tout ce dont vous avez besoin, ce sont les soins dentaires quotidiens qu&rsquo;une personne effectue habituellement dans le cadre de sa routine de vie, et parmi les plus importants de ces conseils :<\/p>\n<ul>\n<li>Nous nettoyons les dents \u00e0 l&rsquo;aide de la brosse et de la p\u00e2te, en plus de l&rsquo;utilisation de fil dentaire, qui aide \u00e0 nettoyer et \u00e0 prot\u00e9ger les dents des miettes de nourriture.<\/li>\n<li>R\u00e9duire les aliments qui peuvent causer des taches sur les dents, comme certains aliments contenant du sucre ou certains colorants, en plus de r\u00e9duire \u00e9galement certaines boissons, comme le th\u00e9 et le caf\u00e9. Essayez de r\u00e9duire au maximum le tabagisme, car cela contribue grandement \u00e0 changer la couleur des cro\u00fbtes, et cela fragilise \u00e9galement les gencives.<\/li>\n<li><span class=\"Y2IQFc\" lang=\"fr\">Essayez de r\u00e9duire au maximum le tabagisme, car cela contribue grandement \u00e0 changer la couleur des cro\u00fbtes, car cela fragilise les gencives.<\/span><\/li>\n<\/ul>\n<p><img src=\"https:\/\/bmsclinics.com\/wp-content\/uploads\/2020\/02\/Dental_Veneers-1.jpg\" \/><\/p>\n<div id=\"tw-target-text-container\" class=\"tw-ta-container F0azHf tw-nfl\" tabindex=\"0\">\n<h1>Proc\u00e9dure du sourire hollywoodien<\/h1>\n<p>La proc\u00e9dure du sourire hollywoodien passe par trois \u00e9tapes de base :<\/p>\n<ul>\n<li>Stade de pr\u00e9paration : A ce stade, le m\u00e9decin proc\u00e8de \u00e0 certains examens dentaires n\u00e9cessaires afin de s&rsquo;assurer de l&rsquo;int\u00e9grit\u00e9 des dents d&rsquo;une part, et de d\u00e9terminer l&rsquo;ad\u00e9quation des facettes aux dents du patient d&rsquo;autre part.<\/li>\n<li>L&rsquo;\u00e9tape de r\u00e9alisation du mod\u00e8le d&rsquo;\u00e9cailles : A ce stade, le m\u00e9decin enl\u00e8ve environ 0,5 mm de l&rsquo;\u00e9mail de la surface de la dent (la m\u00eame taille des \u00e9cailles), afin de pouvoir enduire les dents avec les \u00e9cailles appropri\u00e9es. Apr\u00e8s cela, le m\u00e9decin fait un mod\u00e8le des \u00e9cailles qui s&rsquo;adaptent aux dents du patient et les envoie au laboratoire, \u00e0 obtenir apr\u00e8s une semaine ou deux.<\/li>\n<li>L&rsquo;\u00e9tape de pose des facettes : Dans un premier temps, le m\u00e9decin essaie les facettes, o\u00f9 il les place sur les dents du patient pour s&rsquo;assurer qu&rsquo;elles lui conviennent en termes de couleur et de taille, Et puis il nettoie les dents et installe les facettes gr\u00e2ce \u00e0 l&rsquo;utilisation d&rsquo;un adh\u00e9sif personnalis\u00e9, et pour les installer, des ondes de lumi\u00e8re sp\u00e9ciales sont utilis\u00e9es.<\/li>\n<\/ul>\n<p>.<\/p>\n<\/div>\n","protected":false},"excerpt":{"rendered":"<p>sourire hollywoodien Hollywood smile, est une proc\u00e9dure cosm\u00e9tique non chirurgicale, avec des r\u00e9sultats imm\u00e9diats, en installant des facettes sur les dents qui sont faites pour chaque individu en fonction de la forme de sa m\u00e2choire et de sa bouche, et le but est d&rsquo;am\u00e9liorer la forme des dents et les blanchir pour durer de nombreuses&hellip;<\/p>\n","protected":false},"author":2,"featured_media":1057,"parent":0,"menu_order":0,"comment_status":"closed","ping_status":"closed","template":"","meta":[],"yoast_head":"<!-- This site is optimized with the Yoast SEO plugin v18.8 - https:\/\/yoast.com\/wordpress\/plugins\/seo\/ -->\n<title>sourire hollywoodien - BMS Clinics<\/title>\n<meta name=\"robots\" content=\"index, follow, max-snippet:-1, max-image-preview:large, max-video-preview:-1\" \/>\n<link rel=\"canonical\" href=\"https:\/\/bmsclinics.com\/fr\/sourire-hollywoodien\/\" \/>\n<meta property=\"og:locale\" content=\"fr_FR\" \/>\n<meta property=\"og:type\" content=\"article\" \/>\n<meta property=\"og:title\" content=\"sourire hollywoodien - BMS Clinics\" \/>\n<meta property=\"og:description\" content=\"sourire hollywoodien Hollywood smile, est une proc\u00e9dure cosm\u00e9tique non chirurgicale, avec des r\u00e9sultats imm\u00e9diats, en installant des facettes sur les dents qui sont faites pour chaque individu en fonction de la forme de sa m\u00e2choire et de sa bouche, et le but est d&rsquo;am\u00e9liorer la forme des dents et les blanchir pour durer de nombreuses&hellip;\" \/>\n<meta property=\"og:url\" content=\"https:\/\/bmsclinics.com\/fr\/sourire-hollywoodien\/\" \/>\n<meta property=\"og:site_name\" content=\"BMS Clinics\" \/>\n<meta property=\"article:modified_time\" content=\"2022-08-29T10:24:19+00:00\" \/>\n<meta property=\"og:image\" content=\"https:\/\/bmsclinics.com\/wp-content\/uploads\/2020\/02\/\u0639\u0645\u0644\u064a\u0629-\u0627\u0628\u062a\u0633\u0627\u0645\u0647-\u0647\u0648\u0644\u064a\u0648\u062f-\u0641\u0649-\u0645\u0635\u0631.jpeg\" \/>\n\t<meta property=\"og:image:width\" content=\"450\" \/>\n\t<meta property=\"og:image:height\" content=\"300\" \/>\n\t<meta property=\"og:image:type\" content=\"image\/jpeg\" \/>\n<meta name=\"twitter:card\" content=\"summary_large_image\" \/>\n<meta name=\"twitter:label1\" content=\"Dur\u00e9e de lecture estim\u00e9e\" \/>\n\t<meta name=\"twitter:data1\" content=\"4 minutes\" \/>\n<script type=\"application\/ld+json\" class=\"yoast-schema-graph\">{\"@context\":\"https:\/\/schema.org\",\"@graph\":[{\"@type\":\"WebSite\",\"@id\":\"https:\/\/bmsclinics.com\/#website\",\"url\":\"https:\/\/bmsclinics.com\/\",\"name\":\"BMS Clinics\",\"description\":\"\",\"potentialAction\":[{\"@type\":\"SearchAction\",\"target\":{\"@type\":\"EntryPoint\",\"urlTemplate\":\"https:\/\/bmsclinics.com\/?s={search_term_string}\"},\"query-input\":\"required name=search_term_string\"}],\"inLanguage\":\"fr-FR\"},{\"@type\":\"ImageObject\",\"inLanguage\":\"fr-FR\",\"@id\":\"https:\/\/bmsclinics.com\/fr\/sourire-hollywoodien\/#primaryimage\",\"url\":\"https:\/\/bmsclinics.com\/wp-content\/uploads\/2020\/02\/\u0639\u0645\u0644\u064a\u0629-\u0627\u0628\u062a\u0633\u0627\u0645\u0647-\u0647\u0648\u0644\u064a\u0648\u062f-\u0641\u0649-\u0645\u0635\u0631.jpeg\",\"contentUrl\":\"https:\/\/bmsclinics.com\/wp-content\/uploads\/2020\/02\/\u0639\u0645\u0644\u064a\u0629-\u0627\u0628\u062a\u0633\u0627\u0645\u0647-\u0647\u0648\u0644\u064a\u0648\u062f-\u0641\u0649-\u0645\u0635\u0631.jpeg\",\"width\":450,\"height\":300},{\"@type\":\"WebPage\",\"@id\":\"https:\/\/bmsclinics.com\/fr\/sourire-hollywoodien\/#webpage\",\"url\":\"https:\/\/bmsclinics.com\/fr\/sourire-hollywoodien\/\",\"name\":\"sourire hollywoodien - BMS Clinics\",\"isPartOf\":{\"@id\":\"https:\/\/bmsclinics.com\/#website\"},\"primaryImageOfPage\":{\"@id\":\"https:\/\/bmsclinics.com\/fr\/sourire-hollywoodien\/#primaryimage\"},\"datePublished\":\"2022-08-29T10:12:48+00:00\",\"dateModified\":\"2022-08-29T10:24:19+00:00\",\"breadcrumb\":{\"@id\":\"https:\/\/bmsclinics.com\/fr\/sourire-hollywoodien\/#breadcrumb\"},\"inLanguage\":\"fr-FR\",\"potentialAction\":[{\"@type\":\"ReadAction\",\"target\":[\"https:\/\/bmsclinics.com\/fr\/sourire-hollywoodien\/\"]}]},{\"@type\":\"BreadcrumbList\",\"@id\":\"https:\/\/bmsclinics.com\/fr\/sourire-hollywoodien\/#breadcrumb\",\"itemListElement\":[{\"@type\":\"ListItem\",\"position\":1,\"name\":\"Home\",\"item\":\"https:\/\/bmsclinics.com\/fr\/\"},{\"@type\":\"ListItem\",\"position\":2,\"name\":\"sourire hollywoodien\"}]}]}<\/script>\n<!-- \/ Yoast SEO plugin. -->","yoast_head_json":{"title":"sourire hollywoodien - BMS Clinics","robots":{"index":"index","follow":"follow","max-snippet":"max-snippet:-1","max-image-preview":"max-image-preview:large","max-video-preview":"max-video-preview:-1"},"canonical":"https:\/\/bmsclinics.com\/fr\/sourire-hollywoodien\/","og_locale":"fr_FR","og_type":"article","og_title":"sourire hollywoodien - BMS Clinics","og_description":"sourire hollywoodien Hollywood smile, est une proc\u00e9dure cosm\u00e9tique non chirurgicale, avec des r\u00e9sultats imm\u00e9diats, en installant des facettes sur les dents qui sont faites pour chaque individu en fonction de la forme de sa m\u00e2choire et de sa bouche, et le but est d&rsquo;am\u00e9liorer la forme des dents et les blanchir pour durer de nombreuses&hellip;","og_url":"https:\/\/bmsclinics.com\/fr\/sourire-hollywoodien\/","og_site_name":"BMS Clinics","article_modified_time":"2022-08-29T10:24:19+00:00","og_image":[{"width":450,"height":300,"url":"https:\/\/bmsclinics.com\/wp-content\/uploads\/2020\/02\/\u0639\u0645\u0644\u064a\u0629-\u0627\u0628\u062a\u0633\u0627\u0645\u0647-\u0647\u0648\u0644\u064a\u0648\u062f-\u0641\u0649-\u0645\u0635\u0631.jpeg","type":"image\/jpeg"}],"twitter_card":"summary_large_image","twitter_misc":{"Dur\u00e9e de lecture estim\u00e9e":"4 minutes"},"schema":{"@context":"https:\/\/schema.org","@graph":[{"@type":"WebSite","@id":"https:\/\/bmsclinics.com\/#website","url":"https:\/\/bmsclinics.com\/","name":"BMS Clinics","description":"","potentialAction":[{"@type":"SearchAction","target":{"@type":"EntryPoint","urlTemplate":"https:\/\/bmsclinics.com\/?s={search_term_string}"},"query-input":"required name=search_term_string"}],"inLanguage":"fr-FR"},{"@type":"ImageObject","inLanguage":"fr-FR","@id":"https:\/\/bmsclinics.com\/fr\/sourire-hollywoodien\/#primaryimage","url":"https:\/\/bmsclinics.com\/wp-content\/uploads\/2020\/02\/\u0639\u0645\u0644\u064a\u0629-\u0627\u0628\u062a\u0633\u0627\u0645\u0647-\u0647\u0648\u0644\u064a\u0648\u062f-\u0641\u0649-\u0645\u0635\u0631.jpeg","contentUrl":"https:\/\/bmsclinics.com\/wp-content\/uploads\/2020\/02\/\u0639\u0645\u0644\u064a\u0629-\u0627\u0628\u062a\u0633\u0627\u0645\u0647-\u0647\u0648\u0644\u064a\u0648\u062f-\u0641\u0649-\u0645\u0635\u0631.jpeg","width":450,"height":300},{"@type":"WebPage","@id":"https:\/\/bmsclinics.com\/fr\/sourire-hollywoodien\/#webpage","url":"https:\/\/bmsclinics.com\/fr\/sourire-hollywoodien\/","name":"sourire hollywoodien - BMS Clinics","isPartOf":{"@id":"https:\/\/bmsclinics.com\/#website"},"primaryImageOfPage":{"@id":"https:\/\/bmsclinics.com\/fr\/sourire-hollywoodien\/#primaryimage"},"datePublished":"2022-08-29T10:12:48+00:00","dateModified":"2022-08-29T10:24:19+00:00","breadcrumb":{"@id":"https:\/\/bmsclinics.com\/fr\/sourire-hollywoodien\/#breadcrumb"},"inLanguage":"fr-FR","potentialAction":[{"@type":"ReadAction","target":["https:\/\/bmsclinics.com\/fr\/sourire-hollywoodien\/"]}]},{"@type":"BreadcrumbList","@id":"https:\/\/bmsclinics.com\/fr\/sourire-hollywoodien\/#breadcrumb","itemListElement":[{"@type":"ListItem","position":1,"name":"Home","item":"https:\/\/bmsclinics.com\/fr\/"},{"@type":"ListItem","position":2,"name":"sourire hollywoodien"}]}]}},"_links":{"self":[{"href":"https:\/\/bmsclinics.com\/fr\/wp-json\/wp\/v2\/pages\/2462\/"}],"collection":[{"href":"https:\/\/bmsclinics.com\/fr\/wp-json\/wp\/v2\/pages\/"}],"about":[{"href":"https:\/\/bmsclinics.com\/fr\/wp-json\/wp\/v2\/types\/page\/"}],"author":[{"embeddable":true,"href":"https:\/\/bmsclinics.com\/fr\/wp-json\/wp\/v2\/users\/2\/"}],"replies":[{"embeddable":true,"href":"https:\/\/bmsclinics.com\/fr\/wp-json\/wp\/v2\/comments\/?post=2462"}],"version-history":[{"count":5,"href":"https:\/\/bmsclinics.com\/fr\/wp-json\/wp\/v2\/pages\/2462\/revisions\/"}],"predecessor-version":[{"id":2467,"href":"https:\/\/bmsclinics.com\/fr\/wp-json\/wp\/v2\/pages\/2462\/revisions\/2467\/"}],"wp:featuredmedia":[{"embeddable":true,"href":"https:\/\/bmsclinics.com\/fr\/wp-json\/wp\/v2\/media\/1057\/"}],"wp:attachment":[{"href":"https:\/\/bmsclinics.com\/fr\/wp-json\/wp\/v2\/media\/?parent=2462"}],"curies":[{"name":"wp","href":"https:\/\/api.w.org\/{rel}","templated":true}]}}