{"id":2422,"date":"2022-08-22T10:53:38","date_gmt":"2022-08-22T10:53:38","guid":{"rendered":"https:\/\/bmsclinics.com\/?page_id=2422"},"modified":"2022-08-25T08:36:42","modified_gmt":"2022-08-25T08:36:42","slug":"foire-aux-questions-sur-la-greffe-de-cheveux-en-turquie","status":"publish","type":"page","link":"https:\/\/bmsclinics.com\/fr\/foire-aux-questions-sur-la-greffe-de-cheveux-en-turquie\/","title":{"rendered":"Foire aux questions sur la greffe de cheveux en Turquie"},"content":{"rendered":"<h1>01. Qui est le bon candidat pour la greffe de cheveux ?<\/h1>\n<p>\u00c9tant donn\u00e9 que les op\u00e9rations de greffe de cheveux n\u00e9cessitent de transf\u00e9rer g\u00e9n\u00e9tiquement les greffons r\u00e9sistants \u00e0 la perte de cheveux sur le cuir chevelu chauve, le cas d&rsquo;alop\u00e9cie doit \u00eatre attribu\u00e9 \u00e0 la pr\u00e9visibilit\u00e9, \u00e0 la stabilit\u00e9 et aux zones donneuses ad\u00e9quates. La pr\u00e9visibilit\u00e9 permet aux chirurgiens d&rsquo;identifier les unit\u00e9s folliculaires g\u00e9n\u00e9tiquement stables et est la principale raison pour laquelle l&rsquo;alop\u00e9cie masculine est souvent r\u00e9versible avec la greffe de cheveux, contrairement \u00e0 l&rsquo;alop\u00e9cie f\u00e9minine.Le deuxi\u00e8me point fait r\u00e9f\u00e9rence \u00e0 la stabilit\u00e9, les unit\u00e9s folliculaires doivent \u00eatre stables, dans des cas tels que la pelade, la perte de cheveux se produit de mani\u00e8re dispers\u00e9e, il n&rsquo;y a pas de racines de cheveux r\u00e9sistantes \u00e0 la perte de cheveux ou stables en croissance, le dernier facteur indique qu&rsquo;il y a il y a suffisamment de zones donneuses \u00e0 partir desquelles extraire Parmi les greffons, dans des conditions telles que l&rsquo;alop\u00e9cie universelle et l&rsquo;alop\u00e9cie totale, les zones donneuses sont compl\u00e8tement \u00e9puis\u00e9es, c&rsquo;est pourquoi les patients atteints de ces conditions ne constituent pas des candidats appropri\u00e9s<\/p>\n<h1>02 . Les cheveux greff\u00e9s peuvent-ils tomber ?<\/h1>\n<p>Le chirurgien doit d&rsquo;abord expliquer au patient les \u00e9tapes du processus de greffe de cheveux et lui assurer que la perte de cheveux greff\u00e9s est une \u00e9tape n\u00e9cessaire et naturelle, et que les follicules doivent la traverser en raison du traumatisme qui se produit sur le cuir chevelu, mais cela le stade se termine apr\u00e8s le troisi\u00e8me mois et les follicules commencent Les nouveaux cheveux commencent \u00e0 s&rsquo;immerger dans le cuir chevelu et de nouveaux cheveux commencent \u00e0 pousser et \u00e0 appara\u00eetre sur le cuir chevelu apr\u00e8s le quatri\u00e8me mois de culture, et cette fois l&rsquo;apparence est permanente et n&rsquo;est pas affect\u00e9e par la g\u00e9n\u00e9tique facteurs qui causent les pr\u00e9cipitations et la calvitie avant cela.<\/p>\n<h1>03. La greffe de cheveux FUE peut-elle \u00e9chouer ?<\/h1>\n<p>Il est tr\u00e8s rare d&rsquo;\u00e9chouer, d&rsquo;autant plus que cette technique donne un taux de r\u00e9ussite tr\u00e8s \u00e9lev\u00e9 de plus de 96%, mais dans certains cas et \u00e0 la suite d&rsquo;une exposition \u00e0 une pression nerveuse s\u00e9v\u00e8re, plusieurs cheveux peuvent tomber de 10%, mais c&rsquo;est consid\u00e9r\u00e9 comme normal, car le cheveu a une vie et apr\u00e8s 10 ans, il commence Le follicule pileux tombe et prend une p\u00e9riode de repos pouvant aller jusqu&rsquo;\u00e0 trois mois, apr\u00e8s quoi il commence \u00e0 grossir, et il y a des cas o\u00f9 le patient ne respecte les consignes qui lui sont donn\u00e9es par le m\u00e9decin et n\u00e9glige de prendre soin de son cuir chevelu, ce qui peut entra\u00eener l&rsquo;\u00e9chec de la greffe de cheveux.<\/p>\n<h1>04. La greffe de cheveux est-elle douleureuse ? Combien de temps cela prend-il?<\/h1>\n<p>\u00c9tant donn\u00e9 que la greffe de cheveux est une intervention chirurgicale, elle peut \u00eatre douloureuse, mais elle est tr\u00e8s simple et peut \u00eatre contr\u00f4l\u00e9e avec des analg\u00e9siques et des anti-inflammatoires simples. Quant au temps n\u00e9cessaire au processus de greffe de cheveux, en particulier avec la technique FUE car c&rsquo;est la plus connue et la meilleure, cela prend un temps allant de 5 \u00e0 8 heures, selon le nombre de follicules \u00e0 greffer, et n&rsquo;oubliez pas que dans la greffe de cheveux FUE, chaque follicule est r\u00e9colt\u00e9 s\u00e9par\u00e9ment et chaque follicule est cultiv\u00e9 s\u00e9par\u00e9ment, et bien s\u00fbr cela prend beaucoup de temps, mais ne vous inqui\u00e9tez pas, le m\u00e9decin donne g\u00e9n\u00e9ralement au patient une pause entre la r\u00e9colte des follicules et avant de commencer \u00e0 les planter \u00e0 leurs places.<\/p>\n<h1>05. Les cheveux transplant\u00e9s, apr\u00e8s avoir pouss\u00e9, auront-ils un aspect naturel et s&rsquo;adapteront-ils aux cheveux naturels qui les entourent ?<\/h1>\n<p>Oui, surtout si le chirurgien qui a pratiqu\u00e9 l&rsquo;op\u00e9ration \u00e9tait un m\u00e9decin tr\u00e8s comp\u00e9tent et exp\u00e9riment\u00e9, et utilisait des \u00e9quipements et des techniques modernes de greffe de cheveux qui lui permettaient d&rsquo;implanter de nouveaux follicules \u00e0 dimensions \u00e9gales, \u00e0 une certaine profondeur et \u00e0 des angles d&rsquo;inclinaison appropri\u00e9s, de sorte que les cheveux transplant\u00e9s apparaissent apr\u00e8s la croissance dans la m\u00eame direction et la m\u00eame forme que les cheveux naturels, Ici, les cheveux transplant\u00e9s ne peuvent pas \u00eatre diff\u00e9renci\u00e9s des cheveux naturels, et pour cela, nous conseillons toujours la n\u00e9cessit\u00e9 de contacter un chirurgien ayant une vaste exp\u00e9rience et une grande efficacit\u00e9 dans ce domaine.<\/p>\n<h1>06. Combien de temps dois-je me remettre d&rsquo;une greffe de cheveux ?<\/h1>\n<p>La p\u00e9riode de r\u00e9cup\u00e9ration des effets de la greffe de cheveux varie d&rsquo;une personne \u00e0 l&rsquo;autre, mais en g\u00e9n\u00e9ral, le patient commence \u00e0 s&rsquo;am\u00e9liorer apr\u00e8s 7 jours et dure deux semaines, apr\u00e8s quoi tous les effets secondaires de la greffe de cheveux commencent \u00e0 dispara\u00eetre, qu&rsquo;il s&rsquo;agisse de rougeurs ou de gonflements. , et apr\u00e8s un mois tous les trous sont compl\u00e8tement cicatris\u00e9s<\/p>\n<h1>07. Est-il permis aux patients diab\u00e9tiques de subir une greffe de cheveux ?<\/h1>\n<p>Oui, les cheveux peuvent \u00eatre transplant\u00e9s pour eux, surtout si le diab\u00e8te est du deuxi\u00e8me type, m\u00eame s&rsquo;il s&rsquo;agit du premier type, ils peuvent transplanter des cheveux, mais apr\u00e8s avoir surveill\u00e9 le niveau de sucre dans le sang et ajust\u00e9 le niveau en cons\u00e9quence, et pour cela, un suivi p\u00e9riodique avec l&rsquo;interniste doit \u00eatre assur\u00e9, et des soins particuliers et continus doivent \u00eatre prodigu\u00e9s avec Le m\u00e9decin sp\u00e9cialiste.<\/p>\n<h1>08. Fumer affecte-t-il le r\u00e9sultat de la greffe de cheveux ?<\/h1>\n<p>Oui, bien s\u00fbr, car le tabagisme entra\u00eene une mauvaise circulation sanguine et donc une difficult\u00e9 \u00e0 atteindre l&rsquo;oxyg\u00e8ne qui atteint le cuir chevelu par la circulation sanguine, et affecte ainsi les r\u00e9sultats de la greffe de cheveux et entra\u00eene un retard dans son apparition.<\/p>\n<h1>09. Quel est le plus grand et le plus petit nombre de follicules pouvant \u00eatre transplant\u00e9s lors d&rsquo;une greffe de cheveux ?<\/h1>\n<p>Le nombre minimum est de 2000 greffons et le plus grand nombre est de 7000 greffons en une seule op\u00e9ration. La greffe de cheveux a r\u00e9ussi \u00e0 rendre l&rsquo;impossible et \u00e0 redonner \u00e0 la personne sa merveilleuse apparence en obtenant des cheveux naturels magnifiques et \u00e9pais, mais c&rsquo;est si plusieurs \u00e9l\u00e9ments importants sont disponibles pour assurer le succ\u00e8s de la greffe de cheveux, comme le choix d&rsquo;un chirurgien distingu\u00e9 et hautement qualifi\u00e9 dans effectuer ce type de chirurgie esth\u00e9tique avanc\u00e9e, comme il se doit. Pour que le patient demande au m\u00e9decin toutes ses craintes et l&rsquo;\u00e9tendue de ses aspirations et aspirations dans les r\u00e9sultats de la greffe de cheveux, il doit \u00e9galement lui poser toutes les questions auxquelles il veut r\u00e9pondre afin qu&rsquo;il soit conscient de toutes les \u00e9tapes et \u00e9tapes qu&rsquo;il traversera avant, pendant et apr\u00e8s la greffe de cheveux, afin qu&rsquo;il ne soit pas surpris par quelque chose qui lui donne l&rsquo;impression que le processus a \u00e9chou\u00e9.<\/p>\n<h1>10. Comment contr\u00f4ler le saignement ?<\/h1>\n<p>Les saignements surviennent g\u00e9n\u00e9ralement au cours des premiers jours suivant une greffe de cheveux et s&rsquo;arr\u00eatent en appliquant une l\u00e9g\u00e8re pression directe sur la zone, avec une gaze st\u00e9rile pendant 15 minutes. Si vous ne pouvez pas contr\u00f4ler le saignement avec du repos et de la pression, informez-en directement le m\u00e9decin et rappelez-vous que certaines greffes peuvent tomber au cours des trois premiers jours suivant la greffe de cheveux en Turquie, c&rsquo;est normal, il n&rsquo;est donc pas n\u00e9cessaire d&rsquo;\u00eatre nerveux<\/p>\n<h1>11. Comment contr\u00f4ler la douleur ?<\/h1>\n<p>Il est normal de ressentir une certaine douleur pendant les deux premi\u00e8res nuits apr\u00e8s la greffe de cheveux en Turquie, mais cette douleur dispara\u00eet g\u00e9n\u00e9ralement avec l&rsquo;aide d&rsquo;analg\u00e9siques traditionnels. Utilisez des analg\u00e9siques uniquement selon les prescriptions de votre m\u00e9decin ou au besoin<\/p>\n<h1>12. Comment traiter la plaie ?<\/h1>\n<p>Lorsque vous aurez termin\u00e9 la greffe de cheveux en Turquie, BMS Clinic vous remettra un petit sac \u00e0 utiliser comme suit : 1. Gaze st\u00e9rile : Utilisez-le pour st\u00e9riliser et appliquer le traitement ou appliquez une l\u00e9g\u00e8re pression sur les zones qui saignent. 2. Spray contenant une solution st\u00e9rile : Utilisez-le quotidiennement pendant 3 jours comme suit : Humidifiez deux morceaux de gaze avec la solution st\u00e9rile, puis placez-les doucement sur la zone de plantation pendant 30 \u00e0 60 minutes deux fois par jour. Ce processus aidera \u00e0 garder les plaies st\u00e9riles et humides. 3. Pour prendre soin de l&rsquo;arri\u00e8re de la t\u00eate, appliquez une cr\u00e8me anti-inflammatoire pour r\u00e9duire le risque d&rsquo;infection.<\/p>\n<h1>14. Comment g\u00e9rer la possibilit\u00e9 d&rsquo;infection ?<\/h1>\n<p>L&rsquo;infection apr\u00e8s la greffe de cheveux est rare, mais par pr\u00e9caution, \u00e9vitez l&rsquo;exposition \u00e0 la salet\u00e9 ou \u00e0 la poussi\u00e8re pendant les 14 premiers jours. Nous vous conseillons \u00e9galement de vous d\u00e9sinfecter p\u00e9riodiquement les mains, surtout avant de toucher le cuir chevelu.<\/p>\n<h1>15. Comment contr\u00f4ler les d\u00e9mangeaisons ?<\/h1>\n<p>Vous pouvez ressentir des d\u00e9mangeaisons quelque peu d\u00e9sagr\u00e9ables dans les zones \u00e0 partir desquelles l&rsquo;extraction ou la transplantation a \u00e9t\u00e9 effectu\u00e9e. Les d\u00e9mangeaisons font partie du processus de gu\u00e9rison de toute plaie, vous n&rsquo;avez donc pas \u00e0 vous en soucier. A moins que tu ne puisses plus le supporter. Demandez \u00e0 votre m\u00e9decin de nommer une pommade anesth\u00e9siante comme l&rsquo;hydrocortisone 1% et appliquez-la mais au moins une semaine apr\u00e8s la date d&rsquo;implantation.<\/p>\n<h1>16. Qu&rsquo;en est-il du travail et du sport ?<\/h1>\n<p>Organisez une semaine de cong\u00e9 du travail qui n\u00e9cessite des efforts apr\u00e8s une greffe de cheveux en Turquie. Reportez toutes sortes de sports intenses, y compris la natation, pendant 10 \u00e0 14 jours apr\u00e8s l&rsquo;op\u00e9ration. On rapporte que certaines personnes reprennent leurs travaux l\u00e9gers le matin du deuxi\u00e8me jour de l&rsquo;op\u00e9ration. D&rsquo;autres prennent quelques jours de cong\u00e9 et attendent que les cro\u00fbtes tombent, qui tombent g\u00e9n\u00e9ralement dans les 7 \u00e0 10 jours suivant la greffe de cheveux en Turquie.<\/p>\n<h1>17. Qu&rsquo;en est-il de la douche et des soins capillaires ?<\/h1>\n<p>D\u00e8s le premier jour apr\u00e8s la plantation, vous pouvez vous laver les cheveux en veillant \u00e0 ne pas diriger l&rsquo;eau dessus pendant cinq jours afin d&rsquo;\u00e9viter que les greffons ne tombent. 2. Vous pouvez utiliser un appareil de r\u00e9tention capillaire si vous le souhaitez apr\u00e8s la premi\u00e8re semaine de transplantation, mais il doit \u00eatre retir\u00e9 quotidiennement. 3. Lorsque vous peignez les cheveux, essayez d&rsquo;\u00eatre doux pour ne pas endommager les greffons. 4. \u00c9vitez d&rsquo;utiliser un s\u00e8che-cheveux pendant les deux premi\u00e8res semaines apr\u00e8s la greffe de cheveux en Turquie, en particulier les plus chauds. 5. Vous pouvez utiliser la coloration des cheveux apr\u00e8s vous \u00eatre assur\u00e9 que le processus de d\u00e9tartrage est compl\u00e8tement termin\u00e9.<\/p>\n","protected":false},"excerpt":{"rendered":"<p>01. Qui est le bon candidat pour la greffe de cheveux ? \u00c9tant donn\u00e9 que les op\u00e9rations de greffe de cheveux n\u00e9cessitent de transf\u00e9rer g\u00e9n\u00e9tiquement les greffons r\u00e9sistants \u00e0 la perte de cheveux sur le cuir chevelu chauve, le cas d&rsquo;alop\u00e9cie doit \u00eatre attribu\u00e9 \u00e0 la pr\u00e9visibilit\u00e9, \u00e0 la stabilit\u00e9 et aux zones donneuses ad\u00e9quates.&hellip;<\/p>\n","protected":false},"author":2,"featured_media":0,"parent":0,"menu_order":0,"comment_status":"closed","ping_status":"closed","template":"","meta":[],"yoast_head":"<!-- This site is optimized with the Yoast SEO plugin v18.8 - https:\/\/yoast.com\/wordpress\/plugins\/seo\/ -->\n<title>Foire aux questions sur la greffe de cheveux en Turquie - BMS Clinics<\/title>\n<meta name=\"robots\" content=\"index, follow, max-snippet:-1, max-image-preview:large, max-video-preview:-1\" \/>\n<link rel=\"canonical\" href=\"https:\/\/bmsclinics.com\/fr\/foire-aux-questions-sur-la-greffe-de-cheveux-en-turquie\/\" \/>\n<meta property=\"og:locale\" content=\"fr_FR\" \/>\n<meta property=\"og:type\" content=\"article\" \/>\n<meta property=\"og:title\" content=\"Foire aux questions sur la greffe de cheveux en Turquie - BMS Clinics\" \/>\n<meta property=\"og:description\" content=\"01. Qui est le bon candidat pour la greffe de cheveux ? \u00c9tant donn\u00e9 que les op\u00e9rations de greffe de cheveux n\u00e9cessitent de transf\u00e9rer g\u00e9n\u00e9tiquement les greffons r\u00e9sistants \u00e0 la perte de cheveux sur le cuir chevelu chauve, le cas d&rsquo;alop\u00e9cie doit \u00eatre attribu\u00e9 \u00e0 la pr\u00e9visibilit\u00e9, \u00e0 la stabilit\u00e9 et aux zones donneuses ad\u00e9quates.&hellip;\" \/>\n<meta property=\"og:url\" content=\"https:\/\/bmsclinics.com\/fr\/foire-aux-questions-sur-la-greffe-de-cheveux-en-turquie\/\" \/>\n<meta property=\"og:site_name\" content=\"BMS Clinics\" \/>\n<meta property=\"article:modified_time\" content=\"2022-08-25T08:36:42+00:00\" \/>\n<meta name=\"twitter:card\" content=\"summary_large_image\" \/>\n<meta name=\"twitter:label1\" content=\"Dur\u00e9e de lecture estim\u00e9e\" \/>\n\t<meta name=\"twitter:data1\" content=\"9 minutes\" \/>\n<script type=\"application\/ld+json\" class=\"yoast-schema-graph\">{\"@context\":\"https:\/\/schema.org\",\"@graph\":[{\"@type\":\"WebSite\",\"@id\":\"https:\/\/bmsclinics.com\/#website\",\"url\":\"https:\/\/bmsclinics.com\/\",\"name\":\"BMS Clinics\",\"description\":\"\",\"potentialAction\":[{\"@type\":\"SearchAction\",\"target\":{\"@type\":\"EntryPoint\",\"urlTemplate\":\"https:\/\/bmsclinics.com\/?s={search_term_string}\"},\"query-input\":\"required name=search_term_string\"}],\"inLanguage\":\"fr-FR\"},{\"@type\":\"WebPage\",\"@id\":\"https:\/\/bmsclinics.com\/fr\/foire-aux-questions-sur-la-greffe-de-cheveux-en-turquie\/#webpage\",\"url\":\"https:\/\/bmsclinics.com\/fr\/foire-aux-questions-sur-la-greffe-de-cheveux-en-turquie\/\",\"name\":\"Foire aux questions sur la greffe de cheveux en Turquie - BMS Clinics\",\"isPartOf\":{\"@id\":\"https:\/\/bmsclinics.com\/#website\"},\"datePublished\":\"2022-08-22T10:53:38+00:00\",\"dateModified\":\"2022-08-25T08:36:42+00:00\",\"breadcrumb\":{\"@id\":\"https:\/\/bmsclinics.com\/fr\/foire-aux-questions-sur-la-greffe-de-cheveux-en-turquie\/#breadcrumb\"},\"inLanguage\":\"fr-FR\",\"potentialAction\":[{\"@type\":\"ReadAction\",\"target\":[\"https:\/\/bmsclinics.com\/fr\/foire-aux-questions-sur-la-greffe-de-cheveux-en-turquie\/\"]}]},{\"@type\":\"BreadcrumbList\",\"@id\":\"https:\/\/bmsclinics.com\/fr\/foire-aux-questions-sur-la-greffe-de-cheveux-en-turquie\/#breadcrumb\",\"itemListElement\":[{\"@type\":\"ListItem\",\"position\":1,\"name\":\"Home\",\"item\":\"https:\/\/bmsclinics.com\/fr\/\"},{\"@type\":\"ListItem\",\"position\":2,\"name\":\"Foire aux questions sur la greffe de cheveux en Turquie\"}]}]}<\/script>\n<!-- \/ Yoast SEO plugin. -->","yoast_head_json":{"title":"Foire aux questions sur la greffe de cheveux en Turquie - BMS Clinics","robots":{"index":"index","follow":"follow","max-snippet":"max-snippet:-1","max-image-preview":"max-image-preview:large","max-video-preview":"max-video-preview:-1"},"canonical":"https:\/\/bmsclinics.com\/fr\/foire-aux-questions-sur-la-greffe-de-cheveux-en-turquie\/","og_locale":"fr_FR","og_type":"article","og_title":"Foire aux questions sur la greffe de cheveux en Turquie - BMS Clinics","og_description":"01. Qui est le bon candidat pour la greffe de cheveux ? \u00c9tant donn\u00e9 que les op\u00e9rations de greffe de cheveux n\u00e9cessitent de transf\u00e9rer g\u00e9n\u00e9tiquement les greffons r\u00e9sistants \u00e0 la perte de cheveux sur le cuir chevelu chauve, le cas d&rsquo;alop\u00e9cie doit \u00eatre attribu\u00e9 \u00e0 la pr\u00e9visibilit\u00e9, \u00e0 la stabilit\u00e9 et aux zones donneuses ad\u00e9quates.&hellip;","og_url":"https:\/\/bmsclinics.com\/fr\/foire-aux-questions-sur-la-greffe-de-cheveux-en-turquie\/","og_site_name":"BMS Clinics","article_modified_time":"2022-08-25T08:36:42+00:00","twitter_card":"summary_large_image","twitter_misc":{"Dur\u00e9e de lecture estim\u00e9e":"9 minutes"},"schema":{"@context":"https:\/\/schema.org","@graph":[{"@type":"WebSite","@id":"https:\/\/bmsclinics.com\/#website","url":"https:\/\/bmsclinics.com\/","name":"BMS Clinics","description":"","potentialAction":[{"@type":"SearchAction","target":{"@type":"EntryPoint","urlTemplate":"https:\/\/bmsclinics.com\/?s={search_term_string}"},"query-input":"required name=search_term_string"}],"inLanguage":"fr-FR"},{"@type":"WebPage","@id":"https:\/\/bmsclinics.com\/fr\/foire-aux-questions-sur-la-greffe-de-cheveux-en-turquie\/#webpage","url":"https:\/\/bmsclinics.com\/fr\/foire-aux-questions-sur-la-greffe-de-cheveux-en-turquie\/","name":"Foire aux questions sur la greffe de cheveux en Turquie - BMS Clinics","isPartOf":{"@id":"https:\/\/bmsclinics.com\/#website"},"datePublished":"2022-08-22T10:53:38+00:00","dateModified":"2022-08-25T08:36:42+00:00","breadcrumb":{"@id":"https:\/\/bmsclinics.com\/fr\/foire-aux-questions-sur-la-greffe-de-cheveux-en-turquie\/#breadcrumb"},"inLanguage":"fr-FR","potentialAction":[{"@type":"ReadAction","target":["https:\/\/bmsclinics.com\/fr\/foire-aux-questions-sur-la-greffe-de-cheveux-en-turquie\/"]}]},{"@type":"BreadcrumbList","@id":"https:\/\/bmsclinics.com\/fr\/foire-aux-questions-sur-la-greffe-de-cheveux-en-turquie\/#breadcrumb","itemListElement":[{"@type":"ListItem","position":1,"name":"Home","item":"https:\/\/bmsclinics.com\/fr\/"},{"@type":"ListItem","position":2,"name":"Foire aux questions sur la greffe de cheveux en Turquie"}]}]}},"_links":{"self":[{"href":"https:\/\/bmsclinics.com\/fr\/wp-json\/wp\/v2\/pages\/2422\/"}],"collection":[{"href":"https:\/\/bmsclinics.com\/fr\/wp-json\/wp\/v2\/pages\/"}],"about":[{"href":"https:\/\/bmsclinics.com\/fr\/wp-json\/wp\/v2\/types\/page\/"}],"author":[{"embeddable":true,"href":"https:\/\/bmsclinics.com\/fr\/wp-json\/wp\/v2\/users\/2\/"}],"replies":[{"embeddable":true,"href":"https:\/\/bmsclinics.com\/fr\/wp-json\/wp\/v2\/comments\/?post=2422"}],"version-history":[{"count":3,"href":"https:\/\/bmsclinics.com\/fr\/wp-json\/wp\/v2\/pages\/2422\/revisions\/"}],"predecessor-version":[{"id":2426,"href":"https:\/\/bmsclinics.com\/fr\/wp-json\/wp\/v2\/pages\/2422\/revisions\/2426\/"}],"wp:attachment":[{"href":"https:\/\/bmsclinics.com\/fr\/wp-json\/wp\/v2\/media\/?parent=2422"}],"curies":[{"name":"wp","href":"https:\/\/api.w.org\/{rel}","templated":true}]}}