{"id":2375,"date":"2022-08-11T10:58:29","date_gmt":"2022-08-11T10:58:29","guid":{"rendered":"https:\/\/bmsclinics.com\/?page_id=2375"},"modified":"2022-08-11T11:24:57","modified_gmt":"2022-08-11T11:24:57","slug":"greffe-de-cheveux-avec-la-technique-dhi","status":"publish","type":"page","link":"https:\/\/bmsclinics.com\/fr\/greffe-de-cheveux-avec-la-technique-dhi\/","title":{"rendered":"Greffe De Cheveux Avec La Technique DHI"},"content":{"rendered":"<h1>Technique DHI<\/h1>\n<p><img src=\"https:\/\/bmsclinics.com\/wp-content\/uploads\/2019\/11\/hair-transplant-choi-1383x691-600x300.jpg\" alt=\"hair-transplant-choi-1383x691\" \/><\/p>\n<p>LA DHI a fait une perc\u00e9e dans la greffe de cheveux en raison de sa capacit\u00e9 \u00e0 d\u00e9velopper des moyens plus simples et efficaces pour traiter de nombreux probl\u00e8mes et assurer la continuit\u00e9 des r\u00e9sultats.C&rsquo;est une m\u00e9thode r\u00e9ussie et pr\u00e9sente de nombreux avantages qui ont surmont\u00e9 les d\u00e9fauts des m\u00e9thodes traditionnelles qui reposaient fortement sur travail manuel; L&rsquo;id\u00e9e principale \u00e9tait d&rsquo;extraire les racines des cheveux actives et valides de l&rsquo;arri\u00e8re de la t\u00eate, puis de les transplanter \u00e0 nouveau dans les endroits chauves en faisant de petites incisions dans la t\u00eate pour faire de la place pour la racine des cheveux et la greffe.<\/p>\n<h1>Quelles sont les \u00e9tapes d&rsquo;une greffe de cheveux DHI<\/h1>\n<p><img src=\"https:\/\/bmsclinics.com\/wp-content\/uploads\/2019\/11\/finasterida-minoxidil-queda-de-cabelo-600x300.jpg\" alt=\"finasterida-minoxidil-queda-de-cabelo\" \/><\/p>\n<p>Le m\u00e9decin commence par humidifier le follicule pileux dans l&rsquo;aiguille creuse \u00e0 la pointe du stylo \u00e0 l&rsquo;aide d&rsquo;une pince \u00e0 \u00e9piler sp\u00e9cialis\u00e9e, puis ins\u00e8re l&rsquo;aiguille dans le cuir chevelu et y implante cette ampoule.<br \/>\nDans les m\u00e9thodes traditionnelles, le m\u00e9decin devait d&rsquo;abord faire de petites incisions dans le cuir chevelu pour faire de la place au follicule pileux. Quant aux stylos , ils n&rsquo;en ont pas besoin car ils implantent l&rsquo;ampoule elle-m\u00eame dans la t\u00eate, ce qui r\u00e9duit la possibilit\u00e9 de cicatrices. et des saignements pendant l&rsquo;op\u00e9ration et des dommages au cuir chevelu.<br \/>\nLe m\u00e9decin r\u00e9p\u00e8te ce processus avec chaque follicule jusqu&rsquo;\u00e0 ce qu&rsquo;il ait fini de transplanter tous les follicules qu&rsquo;il a extraits de l&rsquo;arri\u00e8re de la t\u00eate.Dans la plupart des cas, il est pr\u00e9f\u00e9rable que l&rsquo;\u00e9quipe m\u00e9dicale de l&rsquo;op\u00e9ration soit compos\u00e9e de 3 \u00e0 6 m\u00e9decins qui transplantent en m\u00eame temps le temps de raccourcir le temps de l&rsquo;op\u00e9ration et de la terminer avec pr\u00e9cision et efficacit\u00e9<\/p>\n<h1>Caract\u00e9ristiques de la technique de greffe de cheveux DHI<\/h1>\n<p>Il existe de nombreux avantages qui font de l&rsquo;utilisation de la DHI la greffe de cheveux l&rsquo;une des m\u00e9thodes de greffe de cheveux pr\u00e9f\u00e9r\u00e9es des m\u00e9decins, et nous pouvons dire que les avantages les plus importants sont :<br \/>\nDes r\u00e9sultats meilleurs et plus garantis, et les follicules pileux ont l&rsquo;air naturels et beaux parce que la DHI donnent aux m\u00e9decins la possibilit\u00e9 de d\u00e9terminer l&rsquo;angle de transplantation des follicules pileux pour avoir l&rsquo;air naturel<br \/>\nLe stylo est facile \u00e0 contr\u00f4ler et \u00e0 transplanter des follicules pileux entre les follicules existants pour augmenter la densit\u00e9 des cheveux et constitue une excellente solution dans le traitement des cheveux fins.<\/p>\n<p>Prot\u00e8ge le cuir chevelu de l&rsquo;exposition \u00e0 toute blessure et prot\u00e8ge les follicules pileux \u00e0 l&rsquo;origine des dommages<br \/>\nC&rsquo;est l&rsquo;une des meilleures m\u00e9thodes qui peuvent \u00eatre utilis\u00e9es dans la culture des poils de barbe, de moustache et de sourcils, car elle peut \u00eatre contr\u00f4l\u00e9e habilement<br \/>\nR\u00e9duire toute possibilit\u00e9 d&rsquo;infection de la t\u00eate, de saignement, de cicatrisation ou de laisser des traces apr\u00e8s l&rsquo;op\u00e9ration<\/p>\n","protected":false},"excerpt":{"rendered":"<p>Technique DHI LA DHI a fait une perc\u00e9e dans la greffe de cheveux en raison de sa capacit\u00e9 \u00e0 d\u00e9velopper des moyens plus simples et efficaces pour traiter de nombreux probl\u00e8mes et assurer la continuit\u00e9 des r\u00e9sultats.C&rsquo;est une m\u00e9thode r\u00e9ussie et pr\u00e9sente de nombreux avantages qui ont surmont\u00e9 les d\u00e9fauts des m\u00e9thodes traditionnelles qui reposaient&hellip;<\/p>\n","protected":false},"author":2,"featured_media":0,"parent":0,"menu_order":0,"comment_status":"closed","ping_status":"closed","template":"","meta":[],"yoast_head":"<!-- This site is optimized with the Yoast SEO plugin v18.8 - https:\/\/yoast.com\/wordpress\/plugins\/seo\/ -->\n<title>Greffe De Cheveux Avec La Technique DHI - BMS Clinics<\/title>\n<meta name=\"robots\" content=\"index, follow, max-snippet:-1, max-image-preview:large, max-video-preview:-1\" \/>\n<link rel=\"canonical\" href=\"https:\/\/bmsclinics.com\/fr\/greffe-de-cheveux-avec-la-technique-dhi\/\" \/>\n<meta property=\"og:locale\" content=\"fr_FR\" \/>\n<meta property=\"og:type\" content=\"article\" \/>\n<meta property=\"og:title\" content=\"Greffe De Cheveux Avec La Technique DHI - BMS Clinics\" \/>\n<meta property=\"og:description\" content=\"Technique DHI LA DHI a fait une perc\u00e9e dans la greffe de cheveux en raison de sa capacit\u00e9 \u00e0 d\u00e9velopper des moyens plus simples et efficaces pour traiter de nombreux probl\u00e8mes et assurer la continuit\u00e9 des r\u00e9sultats.C&rsquo;est une m\u00e9thode r\u00e9ussie et pr\u00e9sente de nombreux avantages qui ont surmont\u00e9 les d\u00e9fauts des m\u00e9thodes traditionnelles qui reposaient&hellip;\" \/>\n<meta property=\"og:url\" content=\"https:\/\/bmsclinics.com\/fr\/greffe-de-cheveux-avec-la-technique-dhi\/\" \/>\n<meta property=\"og:site_name\" content=\"BMS Clinics\" \/>\n<meta property=\"article:modified_time\" content=\"2022-08-11T11:24:57+00:00\" \/>\n<meta property=\"og:image\" content=\"https:\/\/bmsclinics.com\/wp-content\/uploads\/2019\/11\/hair-transplant-choi-1383x691-600x300.jpg\" \/>\n<meta name=\"twitter:card\" content=\"summary_large_image\" \/>\n<meta name=\"twitter:label1\" content=\"Dur\u00e9e de lecture estim\u00e9e\" \/>\n\t<meta name=\"twitter:data1\" content=\"3 minutes\" \/>\n<script type=\"application\/ld+json\" class=\"yoast-schema-graph\">{\"@context\":\"https:\/\/schema.org\",\"@graph\":[{\"@type\":\"WebSite\",\"@id\":\"https:\/\/bmsclinics.com\/#website\",\"url\":\"https:\/\/bmsclinics.com\/\",\"name\":\"BMS Clinics\",\"description\":\"\",\"potentialAction\":[{\"@type\":\"SearchAction\",\"target\":{\"@type\":\"EntryPoint\",\"urlTemplate\":\"https:\/\/bmsclinics.com\/?s={search_term_string}\"},\"query-input\":\"required name=search_term_string\"}],\"inLanguage\":\"fr-FR\"},{\"@type\":\"ImageObject\",\"inLanguage\":\"fr-FR\",\"@id\":\"https:\/\/bmsclinics.com\/fr\/greffe-de-cheveux-avec-la-technique-dhi\/#primaryimage\",\"url\":\"https:\/\/bmsclinics.com\/wp-content\/uploads\/2019\/11\/hair-transplant-choi-1383x691.jpg\",\"contentUrl\":\"https:\/\/bmsclinics.com\/wp-content\/uploads\/2019\/11\/hair-transplant-choi-1383x691.jpg\",\"width\":1383,\"height\":691},{\"@type\":\"WebPage\",\"@id\":\"https:\/\/bmsclinics.com\/fr\/greffe-de-cheveux-avec-la-technique-dhi\/#webpage\",\"url\":\"https:\/\/bmsclinics.com\/fr\/greffe-de-cheveux-avec-la-technique-dhi\/\",\"name\":\"Greffe De Cheveux Avec La Technique DHI - BMS Clinics\",\"isPartOf\":{\"@id\":\"https:\/\/bmsclinics.com\/#website\"},\"primaryImageOfPage\":{\"@id\":\"https:\/\/bmsclinics.com\/fr\/greffe-de-cheveux-avec-la-technique-dhi\/#primaryimage\"},\"datePublished\":\"2022-08-11T10:58:29+00:00\",\"dateModified\":\"2022-08-11T11:24:57+00:00\",\"breadcrumb\":{\"@id\":\"https:\/\/bmsclinics.com\/fr\/greffe-de-cheveux-avec-la-technique-dhi\/#breadcrumb\"},\"inLanguage\":\"fr-FR\",\"potentialAction\":[{\"@type\":\"ReadAction\",\"target\":[\"https:\/\/bmsclinics.com\/fr\/greffe-de-cheveux-avec-la-technique-dhi\/\"]}]},{\"@type\":\"BreadcrumbList\",\"@id\":\"https:\/\/bmsclinics.com\/fr\/greffe-de-cheveux-avec-la-technique-dhi\/#breadcrumb\",\"itemListElement\":[{\"@type\":\"ListItem\",\"position\":1,\"name\":\"Home\",\"item\":\"https:\/\/bmsclinics.com\/fr\/\"},{\"@type\":\"ListItem\",\"position\":2,\"name\":\"Greffe De Cheveux Avec La Technique DHI\"}]}]}<\/script>\n<!-- \/ Yoast SEO plugin. -->","yoast_head_json":{"title":"Greffe De Cheveux Avec La Technique DHI - BMS Clinics","robots":{"index":"index","follow":"follow","max-snippet":"max-snippet:-1","max-image-preview":"max-image-preview:large","max-video-preview":"max-video-preview:-1"},"canonical":"https:\/\/bmsclinics.com\/fr\/greffe-de-cheveux-avec-la-technique-dhi\/","og_locale":"fr_FR","og_type":"article","og_title":"Greffe De Cheveux Avec La Technique DHI - BMS Clinics","og_description":"Technique DHI LA DHI a fait une perc\u00e9e dans la greffe de cheveux en raison de sa capacit\u00e9 \u00e0 d\u00e9velopper des moyens plus simples et efficaces pour traiter de nombreux probl\u00e8mes et assurer la continuit\u00e9 des r\u00e9sultats.C&rsquo;est une m\u00e9thode r\u00e9ussie et pr\u00e9sente de nombreux avantages qui ont surmont\u00e9 les d\u00e9fauts des m\u00e9thodes traditionnelles qui reposaient&hellip;","og_url":"https:\/\/bmsclinics.com\/fr\/greffe-de-cheveux-avec-la-technique-dhi\/","og_site_name":"BMS Clinics","article_modified_time":"2022-08-11T11:24:57+00:00","og_image":[{"url":"https:\/\/bmsclinics.com\/wp-content\/uploads\/2019\/11\/hair-transplant-choi-1383x691-600x300.jpg"}],"twitter_card":"summary_large_image","twitter_misc":{"Dur\u00e9e de lecture estim\u00e9e":"3 minutes"},"schema":{"@context":"https:\/\/schema.org","@graph":[{"@type":"WebSite","@id":"https:\/\/bmsclinics.com\/#website","url":"https:\/\/bmsclinics.com\/","name":"BMS Clinics","description":"","potentialAction":[{"@type":"SearchAction","target":{"@type":"EntryPoint","urlTemplate":"https:\/\/bmsclinics.com\/?s={search_term_string}"},"query-input":"required name=search_term_string"}],"inLanguage":"fr-FR"},{"@type":"ImageObject","inLanguage":"fr-FR","@id":"https:\/\/bmsclinics.com\/fr\/greffe-de-cheveux-avec-la-technique-dhi\/#primaryimage","url":"https:\/\/bmsclinics.com\/wp-content\/uploads\/2019\/11\/hair-transplant-choi-1383x691.jpg","contentUrl":"https:\/\/bmsclinics.com\/wp-content\/uploads\/2019\/11\/hair-transplant-choi-1383x691.jpg","width":1383,"height":691},{"@type":"WebPage","@id":"https:\/\/bmsclinics.com\/fr\/greffe-de-cheveux-avec-la-technique-dhi\/#webpage","url":"https:\/\/bmsclinics.com\/fr\/greffe-de-cheveux-avec-la-technique-dhi\/","name":"Greffe De Cheveux Avec La Technique DHI - BMS Clinics","isPartOf":{"@id":"https:\/\/bmsclinics.com\/#website"},"primaryImageOfPage":{"@id":"https:\/\/bmsclinics.com\/fr\/greffe-de-cheveux-avec-la-technique-dhi\/#primaryimage"},"datePublished":"2022-08-11T10:58:29+00:00","dateModified":"2022-08-11T11:24:57+00:00","breadcrumb":{"@id":"https:\/\/bmsclinics.com\/fr\/greffe-de-cheveux-avec-la-technique-dhi\/#breadcrumb"},"inLanguage":"fr-FR","potentialAction":[{"@type":"ReadAction","target":["https:\/\/bmsclinics.com\/fr\/greffe-de-cheveux-avec-la-technique-dhi\/"]}]},{"@type":"BreadcrumbList","@id":"https:\/\/bmsclinics.com\/fr\/greffe-de-cheveux-avec-la-technique-dhi\/#breadcrumb","itemListElement":[{"@type":"ListItem","position":1,"name":"Home","item":"https:\/\/bmsclinics.com\/fr\/"},{"@type":"ListItem","position":2,"name":"Greffe De Cheveux Avec La Technique DHI"}]}]}},"_links":{"self":[{"href":"https:\/\/bmsclinics.com\/fr\/wp-json\/wp\/v2\/pages\/2375\/"}],"collection":[{"href":"https:\/\/bmsclinics.com\/fr\/wp-json\/wp\/v2\/pages\/"}],"about":[{"href":"https:\/\/bmsclinics.com\/fr\/wp-json\/wp\/v2\/types\/page\/"}],"author":[{"embeddable":true,"href":"https:\/\/bmsclinics.com\/fr\/wp-json\/wp\/v2\/users\/2\/"}],"replies":[{"embeddable":true,"href":"https:\/\/bmsclinics.com\/fr\/wp-json\/wp\/v2\/comments\/?post=2375"}],"version-history":[{"count":3,"href":"https:\/\/bmsclinics.com\/fr\/wp-json\/wp\/v2\/pages\/2375\/revisions\/"}],"predecessor-version":[{"id":2377,"href":"https:\/\/bmsclinics.com\/fr\/wp-json\/wp\/v2\/pages\/2375\/revisions\/2377\/"}],"wp:attachment":[{"href":"https:\/\/bmsclinics.com\/fr\/wp-json\/wp\/v2\/media\/?parent=2375"}],"curies":[{"name":"wp","href":"https:\/\/api.w.org\/{rel}","templated":true}]}}