{"id":2361,"date":"2022-08-10T09:31:41","date_gmt":"2022-08-10T09:31:41","guid":{"rendered":"https:\/\/bmsclinics.com\/?page_id=2361"},"modified":"2022-08-10T09:31:41","modified_gmt":"2022-08-10T09:31:41","slug":"caracteristiques-de-la-technologie-perkutan","status":"publish","type":"page","link":"https:\/\/bmsclinics.com\/fr\/caracteristiques-de-la-technologie-perkutan\/","title":{"rendered":"CARACT\u00c9RISTIQUES DE LA TECHNOLOGIE PERKUTAN"},"content":{"rendered":"<h1>Qu&rsquo;est-ce que la technique PERKUTAN ?<\/h1>\n<p><img src=\"https:\/\/bmsclinics.com\/wp-content\/uploads\/2019\/11\/perkutan-hair-transplant-600x300.jpg\" alt=\"perkutan-hair-transplant\" \/><\/p>\n<p>C&rsquo;est une technique bas\u00e9e sur l&rsquo;ouverture des canaux capillaires dans la zone de calvitie et la transplantation des follicules apr\u00e8s les avoir trait\u00e9s avec une aiguille cylindrique d\u00e9velopp\u00e9e, et se distingue ainsi du reste des m\u00e9thodes bas\u00e9es sur l&rsquo;incision des canaux capillaires par un petit couteau. Par cons\u00e9quent, il ne s&rsquo;agit pas d&rsquo;un appareil tel qu&rsquo;interpr\u00e9t\u00e9 par certains (l&rsquo;appareil Perkutan), mais plut\u00f4t d&rsquo;un outil d\u00e9velopp\u00e9 par des m\u00e9decins \u00e0 partir d&rsquo;autres outils pour ouvrir des trous, et il n\u00e9cessite plus d&rsquo;efforts par rapport aux autres techniques de greffe de cheveux et plus de comp\u00e9tence par le m\u00e9decin sp\u00e9cialiste car de la possibilit\u00e9 d&rsquo;augmenter le nombre de trous.<\/p>\n<h1>CARACT\u00c9RISTIQUES DE LA TECHNOLOGIE PERKUTAN<\/h1>\n<p><img src=\"https:\/\/bmsclinics.com\/wp-content\/uploads\/2019\/11\/finasterida-minoxidil-queda-de-cabelo-600x300.jpg\" alt=\"finasterida-minoxidil-queda-de-cabelo\" \/><\/p>\n<p>L&rsquo;utilisation de l&rsquo;aiguille pour ins\u00e9rer les follicules signifie qu&rsquo;il n&rsquo;y a pas d&rsquo;incisions dans les lieux d&rsquo;implantation, et donc il n&rsquo;y aura pas de cicatrices rouges visibles apr\u00e8s la fin de l&rsquo;op\u00e9ration<br \/>\nLe temps de r\u00e9cup\u00e9ration sera de moins en moins g\u00eanant pour le patient<br \/>\nLa caract\u00e9ristique la plus importante de la technique Perkutan est la possibilit\u00e9 de contr\u00f4ler le degr\u00e9 et la direction de la sortie des cheveux<br \/>\nObtenir une plus grande densit\u00e9, car il est possible de planter 45 \u00e0 50 bulbes par centim\u00e8tre carr\u00e9, comme pour le reste des m\u00e9thodes ; En raison du recours aux fissures dans le processus d&rsquo;implantation, il n&rsquo;est pas possible de planter plus de 30 bulbes par centim\u00e8tre carr\u00e9.<br \/>\nAinsi, la possibilit\u00e9 de planter 6000 follicules ou plus et de couvrir compl\u00e8tement la calvitie si la zone donneuse de la personne permet de prendre ce nombre<\/p>\n","protected":false},"excerpt":{"rendered":"<p>Qu&rsquo;est-ce que la technique PERKUTAN ? C&rsquo;est une technique bas\u00e9e sur l&rsquo;ouverture des canaux capillaires dans la zone de calvitie et la transplantation des follicules apr\u00e8s les avoir trait\u00e9s avec une aiguille cylindrique d\u00e9velopp\u00e9e, et se distingue ainsi du reste des m\u00e9thodes bas\u00e9es sur l&rsquo;incision des canaux capillaires par un petit couteau. Par cons\u00e9quent, il&hellip;<\/p>\n","protected":false},"author":2,"featured_media":0,"parent":0,"menu_order":0,"comment_status":"closed","ping_status":"closed","template":"","meta":[],"yoast_head":"<!-- This site is optimized with the Yoast SEO plugin v18.8 - https:\/\/yoast.com\/wordpress\/plugins\/seo\/ -->\n<title>CARACT\u00c9RISTIQUES DE LA TECHNOLOGIE PERKUTAN - BMS Clinics<\/title>\n<meta name=\"robots\" content=\"index, follow, max-snippet:-1, max-image-preview:large, max-video-preview:-1\" \/>\n<link rel=\"canonical\" href=\"https:\/\/bmsclinics.com\/fr\/caracteristiques-de-la-technologie-perkutan\/\" \/>\n<meta property=\"og:locale\" content=\"fr_FR\" \/>\n<meta property=\"og:type\" content=\"article\" \/>\n<meta property=\"og:title\" content=\"CARACT\u00c9RISTIQUES DE LA TECHNOLOGIE PERKUTAN - BMS Clinics\" \/>\n<meta property=\"og:description\" content=\"Qu&rsquo;est-ce que la technique PERKUTAN ? C&rsquo;est une technique bas\u00e9e sur l&rsquo;ouverture des canaux capillaires dans la zone de calvitie et la transplantation des follicules apr\u00e8s les avoir trait\u00e9s avec une aiguille cylindrique d\u00e9velopp\u00e9e, et se distingue ainsi du reste des m\u00e9thodes bas\u00e9es sur l&rsquo;incision des canaux capillaires par un petit couteau. Par cons\u00e9quent, il&hellip;\" \/>\n<meta property=\"og:url\" content=\"https:\/\/bmsclinics.com\/fr\/caracteristiques-de-la-technologie-perkutan\/\" \/>\n<meta property=\"og:site_name\" content=\"BMS Clinics\" \/>\n<meta property=\"og:image\" content=\"https:\/\/bmsclinics.com\/wp-content\/uploads\/2019\/11\/perkutan-hair-transplant-600x300.jpg\" \/>\n<meta name=\"twitter:card\" content=\"summary_large_image\" \/>\n<meta name=\"twitter:label1\" content=\"Dur\u00e9e de lecture estim\u00e9e\" \/>\n\t<meta name=\"twitter:data1\" content=\"1 minute\" \/>\n<script type=\"application\/ld+json\" class=\"yoast-schema-graph\">{\"@context\":\"https:\/\/schema.org\",\"@graph\":[{\"@type\":\"WebSite\",\"@id\":\"https:\/\/bmsclinics.com\/#website\",\"url\":\"https:\/\/bmsclinics.com\/\",\"name\":\"BMS Clinics\",\"description\":\"\",\"potentialAction\":[{\"@type\":\"SearchAction\",\"target\":{\"@type\":\"EntryPoint\",\"urlTemplate\":\"https:\/\/bmsclinics.com\/?s={search_term_string}\"},\"query-input\":\"required name=search_term_string\"}],\"inLanguage\":\"fr-FR\"},{\"@type\":\"ImageObject\",\"inLanguage\":\"fr-FR\",\"@id\":\"https:\/\/bmsclinics.com\/fr\/caracteristiques-de-la-technologie-perkutan\/#primaryimage\",\"url\":\"https:\/\/bmsclinics.com\/wp-content\/uploads\/2019\/11\/perkutan-hair-transplant.jpg\",\"contentUrl\":\"https:\/\/bmsclinics.com\/wp-content\/uploads\/2019\/11\/perkutan-hair-transplant.jpg\",\"width\":750,\"height\":406},{\"@type\":\"WebPage\",\"@id\":\"https:\/\/bmsclinics.com\/fr\/caracteristiques-de-la-technologie-perkutan\/#webpage\",\"url\":\"https:\/\/bmsclinics.com\/fr\/caracteristiques-de-la-technologie-perkutan\/\",\"name\":\"CARACT\u00c9RISTIQUES DE LA TECHNOLOGIE PERKUTAN - BMS Clinics\",\"isPartOf\":{\"@id\":\"https:\/\/bmsclinics.com\/#website\"},\"primaryImageOfPage\":{\"@id\":\"https:\/\/bmsclinics.com\/fr\/caracteristiques-de-la-technologie-perkutan\/#primaryimage\"},\"datePublished\":\"2022-08-10T09:31:41+00:00\",\"dateModified\":\"2022-08-10T09:31:41+00:00\",\"breadcrumb\":{\"@id\":\"https:\/\/bmsclinics.com\/fr\/caracteristiques-de-la-technologie-perkutan\/#breadcrumb\"},\"inLanguage\":\"fr-FR\",\"potentialAction\":[{\"@type\":\"ReadAction\",\"target\":[\"https:\/\/bmsclinics.com\/fr\/caracteristiques-de-la-technologie-perkutan\/\"]}]},{\"@type\":\"BreadcrumbList\",\"@id\":\"https:\/\/bmsclinics.com\/fr\/caracteristiques-de-la-technologie-perkutan\/#breadcrumb\",\"itemListElement\":[{\"@type\":\"ListItem\",\"position\":1,\"name\":\"Home\",\"item\":\"https:\/\/bmsclinics.com\/fr\/\"},{\"@type\":\"ListItem\",\"position\":2,\"name\":\"CARACT\u00c9RISTIQUES DE LA TECHNOLOGIE PERKUTAN\"}]}]}<\/script>\n<!-- \/ Yoast SEO plugin. -->","yoast_head_json":{"title":"CARACT\u00c9RISTIQUES DE LA TECHNOLOGIE PERKUTAN - BMS Clinics","robots":{"index":"index","follow":"follow","max-snippet":"max-snippet:-1","max-image-preview":"max-image-preview:large","max-video-preview":"max-video-preview:-1"},"canonical":"https:\/\/bmsclinics.com\/fr\/caracteristiques-de-la-technologie-perkutan\/","og_locale":"fr_FR","og_type":"article","og_title":"CARACT\u00c9RISTIQUES DE LA TECHNOLOGIE PERKUTAN - BMS Clinics","og_description":"Qu&rsquo;est-ce que la technique PERKUTAN ? C&rsquo;est une technique bas\u00e9e sur l&rsquo;ouverture des canaux capillaires dans la zone de calvitie et la transplantation des follicules apr\u00e8s les avoir trait\u00e9s avec une aiguille cylindrique d\u00e9velopp\u00e9e, et se distingue ainsi du reste des m\u00e9thodes bas\u00e9es sur l&rsquo;incision des canaux capillaires par un petit couteau. Par cons\u00e9quent, il&hellip;","og_url":"https:\/\/bmsclinics.com\/fr\/caracteristiques-de-la-technologie-perkutan\/","og_site_name":"BMS Clinics","og_image":[{"url":"https:\/\/bmsclinics.com\/wp-content\/uploads\/2019\/11\/perkutan-hair-transplant-600x300.jpg"}],"twitter_card":"summary_large_image","twitter_misc":{"Dur\u00e9e de lecture estim\u00e9e":"1 minute"},"schema":{"@context":"https:\/\/schema.org","@graph":[{"@type":"WebSite","@id":"https:\/\/bmsclinics.com\/#website","url":"https:\/\/bmsclinics.com\/","name":"BMS Clinics","description":"","potentialAction":[{"@type":"SearchAction","target":{"@type":"EntryPoint","urlTemplate":"https:\/\/bmsclinics.com\/?s={search_term_string}"},"query-input":"required name=search_term_string"}],"inLanguage":"fr-FR"},{"@type":"ImageObject","inLanguage":"fr-FR","@id":"https:\/\/bmsclinics.com\/fr\/caracteristiques-de-la-technologie-perkutan\/#primaryimage","url":"https:\/\/bmsclinics.com\/wp-content\/uploads\/2019\/11\/perkutan-hair-transplant.jpg","contentUrl":"https:\/\/bmsclinics.com\/wp-content\/uploads\/2019\/11\/perkutan-hair-transplant.jpg","width":750,"height":406},{"@type":"WebPage","@id":"https:\/\/bmsclinics.com\/fr\/caracteristiques-de-la-technologie-perkutan\/#webpage","url":"https:\/\/bmsclinics.com\/fr\/caracteristiques-de-la-technologie-perkutan\/","name":"CARACT\u00c9RISTIQUES DE LA TECHNOLOGIE PERKUTAN - BMS Clinics","isPartOf":{"@id":"https:\/\/bmsclinics.com\/#website"},"primaryImageOfPage":{"@id":"https:\/\/bmsclinics.com\/fr\/caracteristiques-de-la-technologie-perkutan\/#primaryimage"},"datePublished":"2022-08-10T09:31:41+00:00","dateModified":"2022-08-10T09:31:41+00:00","breadcrumb":{"@id":"https:\/\/bmsclinics.com\/fr\/caracteristiques-de-la-technologie-perkutan\/#breadcrumb"},"inLanguage":"fr-FR","potentialAction":[{"@type":"ReadAction","target":["https:\/\/bmsclinics.com\/fr\/caracteristiques-de-la-technologie-perkutan\/"]}]},{"@type":"BreadcrumbList","@id":"https:\/\/bmsclinics.com\/fr\/caracteristiques-de-la-technologie-perkutan\/#breadcrumb","itemListElement":[{"@type":"ListItem","position":1,"name":"Home","item":"https:\/\/bmsclinics.com\/fr\/"},{"@type":"ListItem","position":2,"name":"CARACT\u00c9RISTIQUES DE LA TECHNOLOGIE PERKUTAN"}]}]}},"_links":{"self":[{"href":"https:\/\/bmsclinics.com\/fr\/wp-json\/wp\/v2\/pages\/2361\/"}],"collection":[{"href":"https:\/\/bmsclinics.com\/fr\/wp-json\/wp\/v2\/pages\/"}],"about":[{"href":"https:\/\/bmsclinics.com\/fr\/wp-json\/wp\/v2\/types\/page\/"}],"author":[{"embeddable":true,"href":"https:\/\/bmsclinics.com\/fr\/wp-json\/wp\/v2\/users\/2\/"}],"replies":[{"embeddable":true,"href":"https:\/\/bmsclinics.com\/fr\/wp-json\/wp\/v2\/comments\/?post=2361"}],"version-history":[{"count":1,"href":"https:\/\/bmsclinics.com\/fr\/wp-json\/wp\/v2\/pages\/2361\/revisions\/"}],"predecessor-version":[{"id":2363,"href":"https:\/\/bmsclinics.com\/fr\/wp-json\/wp\/v2\/pages\/2361\/revisions\/2363\/"}],"wp:attachment":[{"href":"https:\/\/bmsclinics.com\/fr\/wp-json\/wp\/v2\/media\/?parent=2361"}],"curies":[{"name":"wp","href":"https:\/\/api.w.org\/{rel}","templated":true}]}}